{"id":6789,"date":"2024-01-26T14:20:10","date_gmt":"2024-01-26T14:20:10","guid":{"rendered":"https:\/\/store.evolve-fitness.eu\/produktas\/evolve-band-hook-priedas\/"},"modified":"2024-08-06T12:56:52","modified_gmt":"2024-08-06T12:56:52","slug":"evolve-band-hook-priedas","status":"publish","type":"product","link":"https:\/\/store.evolve-fitness.eu\/lt\/produktas\/evolve-band-hook-priedas\/","title":{"rendered":"&#8222;Evolve Band Hook&#8221; priedas"},"content":{"rendered":"","protected":false},"excerpt":{"rendered":"<p>&#8222;Evolve Bands Hook Attachment&#8221; &#8211; esminis \u012frankis, kuris padidina treniruo\u010di\u0173 universalum\u0105. Sukurtas skland\u017eiai integruoti su &#8222;Evolve&#8221; sistema, \u0161is kablio tvirtinimo \u012ftaisas u\u017etikrina saug\u0173 pasiprie\u0161inimo juost\u0173 tvirtinimo ta\u0161k\u0105, suteikdamas treniruo\u010di\u0173 rutinai nauj\u0105 dimensij\u0105. Nesvarbu, ar siekiate j\u0117gos, lankstumo, ar reabilitacijos, \u0161is priedas yra dinami\u0161kas ir lengvai pritaikomas sprendimas. D\u0117l patvarumo ir suderinamumo sukurtas &#8222;Evolve Bands&#8221; kablio priedas yra patikimas ir veiksmingas b\u016bdas praturtinti savo sveikatingumo kelion\u0119. I\u0161laisvinkite vis\u0105 treniruo\u010di\u0173 potencial\u0105 ir i\u0161bandykite \u012fvairias treniruo\u010di\u0173 galimybes su \u0161iuo b\u016btinu priedu, kad kiekviena treniruot\u0117 tapt\u0173 naudinga ir \u012fsp\u016bdinga sporto patirtimi.  <\/p>\n","protected":false},"featured_media":5837,"template":"","meta":{"_acf_changed":false,"inline_featured_image":false},"product_cat":[117,119,143,144],"product_tag":[],"class_list":{"0":"post-6789","1":"product","2":"type-product","3":"status-publish","4":"has-post-thumbnail","6":"product_cat-pagrindinis-puslapis","7":"product_cat-kryzminis-ir-funkcinis","8":"product_cat-irangos-komponentai","9":"product_cat-priedai","11":"first","12":"instock","13":"shipping-taxable","14":"purchasable","15":"product-type-simple"},"acf":[],"_links":{"self":[{"href":"https:\/\/store.evolve-fitness.eu\/lt\/wp-json\/wp\/v2\/product\/6789","targetHints":{"allow":["GET"]}}],"collection":[{"href":"https:\/\/store.evolve-fitness.eu\/lt\/wp-json\/wp\/v2\/product"}],"about":[{"href":"https:\/\/store.evolve-fitness.eu\/lt\/wp-json\/wp\/v2\/types\/product"}],"wp:featuredmedia":[{"embeddable":true,"href":"https:\/\/store.evolve-fitness.eu\/lt\/wp-json\/wp\/v2\/media\/5837"}],"wp:attachment":[{"href":"https:\/\/store.evolve-fitness.eu\/lt\/wp-json\/wp\/v2\/media?parent=6789"}],"wp:term":[{"taxonomy":"product_cat","embeddable":true,"href":"https:\/\/store.evolve-fitness.eu\/lt\/wp-json\/wp\/v2\/product_cat?post=6789"},{"taxonomy":"product_tag","embeddable":true,"href":"https:\/\/store.evolve-fitness.eu\/lt\/wp-json\/wp\/v2\/product_tag?post=6789"}],"curies":[{"name":"wp","href":"https:\/\/api.w.org\/{rel}","templated":true}]}}