{"id":6782,"date":"2024-01-26T14:10:01","date_gmt":"2024-01-26T14:10:01","guid":{"rendered":"https:\/\/store.evolve-fitness.eu\/produktas\/evolve-kettlebell-ir-medicininio-kamuolio-laikiklis\/"},"modified":"2024-08-06T13:02:12","modified_gmt":"2024-08-06T13:02:12","slug":"evolve-kettlebell-ir-medicininio-kamuolio-laikiklis","status":"publish","type":"product","link":"https:\/\/store.evolve-fitness.eu\/lt\/produktas\/evolve-kettlebell-ir-medicininio-kamuolio-laikiklis\/","title":{"rendered":"&#8222;Evolve Kettlebell&#8221; ir medicininio kamuolio laikiklis"},"content":{"rendered":"","protected":false},"excerpt":{"rendered":"<p>Efektyviai tvarkykite savo sporto sal\u0117s erdv\u0119 naudodami &#8222;Evolve Kettlebell&#8221; ir medicinini\u0173 kamuoli\u0173 laikikl\u012f. D\u0117l \u0161io tvirto saugojimo sprendimo treniruo\u010di\u0173 erdv\u0117 bus tvarkinga, o treniruokliai ir medicininiai kamuoliai &#8211; lengvai pasiekiami. \u0160is laikiklis sukurtas atsi\u017evelgiant \u012f ilgaam\u017ei\u0161kum\u0105, tod\u0117l eleganti\u0161kai papildys j\u016bs\u0173 sporto sal\u0117s \u012frang\u0105. D\u0117l vietos taupan\u010dios konstrukcijos galite optimizuoti savo treniruo\u010di\u0173 aplink\u0105, kad treniruo\u010di\u0173 erdv\u0117 b\u016bt\u0173 supaprastinta ir efektyvi. &#8222;Evolve Kettlebell&#8221; ir medicinini\u0173 kamuoli\u0173 laikiklis &#8211; privalomas gerai organizuotos ir funkcionalios sporto sal\u0117s aksesuaras &#8211; pagerins j\u016bs\u0173 treniruo\u010di\u0173 rutin\u0105.  <\/p>\n","protected":false},"featured_media":5826,"template":"","meta":{"_acf_changed":false,"inline_featured_image":false},"product_cat":[117,119,143,144],"product_tag":[],"class_list":{"0":"post-6782","1":"product","2":"type-product","3":"status-publish","4":"has-post-thumbnail","6":"product_cat-pagrindinis-puslapis","7":"product_cat-kryzminis-ir-funkcinis","8":"product_cat-irangos-komponentai","9":"product_cat-priedai","11":"first","12":"outofstock","13":"shipping-taxable","14":"purchasable","15":"product-type-simple"},"acf":[],"_links":{"self":[{"href":"https:\/\/store.evolve-fitness.eu\/lt\/wp-json\/wp\/v2\/product\/6782","targetHints":{"allow":["GET"]}}],"collection":[{"href":"https:\/\/store.evolve-fitness.eu\/lt\/wp-json\/wp\/v2\/product"}],"about":[{"href":"https:\/\/store.evolve-fitness.eu\/lt\/wp-json\/wp\/v2\/types\/product"}],"wp:featuredmedia":[{"embeddable":true,"href":"https:\/\/store.evolve-fitness.eu\/lt\/wp-json\/wp\/v2\/media\/5826"}],"wp:attachment":[{"href":"https:\/\/store.evolve-fitness.eu\/lt\/wp-json\/wp\/v2\/media?parent=6782"}],"wp:term":[{"taxonomy":"product_cat","embeddable":true,"href":"https:\/\/store.evolve-fitness.eu\/lt\/wp-json\/wp\/v2\/product_cat?post=6782"},{"taxonomy":"product_tag","embeddable":true,"href":"https:\/\/store.evolve-fitness.eu\/lt\/wp-json\/wp\/v2\/product_tag?post=6782"}],"curies":[{"name":"wp","href":"https:\/\/api.w.org\/{rel}","templated":true}]}}