{"id":6778,"date":"2024-01-29T11:02:31","date_gmt":"2024-01-29T11:02:31","guid":{"rendered":"https:\/\/store.evolve-fitness.eu\/produktas\/evolve-squat-block\/"},"modified":"2025-09-25T16:10:47","modified_gmt":"2025-09-25T16:10:47","slug":"evolve-squat-block","status":"publish","type":"product","link":"https:\/\/store.evolve-fitness.eu\/lt\/produktas\/evolve-squat-block\/","title":{"rendered":"&#8222;Evolve Squat Block"},"content":{"rendered":"\n<section class=\"wp-block-group alignfull black-content has-white-color has-darkgray-background-color has-text-color has-background is-layout-constrained wp-block-group-is-layout-constrained\" style=\"padding-top:var(--wp--preset--spacing--section-bottom);padding-bottom:var(--wp--preset--spacing--section-bottom)\">\n<div class=\"wp-block-columns alignwide mobile-reverse is-layout-flex wp-container-core-columns-is-layout-ca64bf2d wp-block-columns-is-layout-flex\" style=\"margin-bottom:var(--wp--preset--spacing--side-padding)\">\n<div class=\"wp-block-column is-vertically-aligned-center is-layout-flow wp-block-column-is-layout-flow\">\n<h3 class=\"wp-block-heading\" style=\"margin-bottom:var(--wp--preset--spacing--h-3-bottom)\"><strong>&#8222;Evolve Squat Block<\/strong><\/h3>\n\n\n\n<p><strong><em>Pagerinkite koj\u0173 dienos treniruotes<\/em><\/strong><\/p>\n\n\n\n<p style=\"margin-bottom:var(--wp--preset--spacing--tb-section-padding)\">&#8222;Evolve Squat Block&#8221; yra universalus \u012frankis, skirtas koj\u0173 pratimams pagerinti. Idealiai tinka prit\u016bpimams, blauzd\u0173 k\u0117limui ir i\u0161ky\u0161uliams, nes suteikia stabili\u0105 platform\u0105, kad pagerintum\u0117te savo form\u0105 ir suma\u017eintum\u0117te traum\u0173 rizik\u0105. Prit\u016bpimai su blokeliu gali pad\u0117ti efektyviau treniruoti keturgalvius ir s\u0117dmenis, o blauzd\u0173 pak\u0117limai skirti apatin\u0117ms koj\u0173 dalims, kad geriau i\u0161ry\u0161k\u0117t\u0173 raumenys. Atliekant \u0161uolius ant bloko galima pagerinti pusiausvyr\u0105 ir j\u0117g\u0105.<\/p>\n<\/div>\n\n\n\n<div class=\"wp-block-column is-vertically-aligned-center is-layout-flow wp-block-column-is-layout-flow\">\n<figure class=\"wp-block-video\"><video autoplay=\"\" controls=\"\" loop=\"\" muted=\"\" src=\"https:\/\/evolve-fitness.eu\/wp-content\/uploads\/2024\/07\/EV-AC-WO-SQB.mp4\"><\/video><\/figure>\n<\/div>\n<\/div>\n<\/section>\n","protected":false},"excerpt":{"rendered":"<p>Pagerinkite savo koj\u0173 treniruo\u010di\u0173 dien\u0105 su &#8222;Evolve Squat Block&#8221; &#8211; universaliu ir b\u016btinu nam\u0173 treniruokli\u0173 sal\u0117s papildymu. \u0160is prit\u016bpim\u0173 blokas, sukurtas siekiant u\u017etikrinti ilgaam\u017ei\u0161kum\u0105 ir stabilum\u0105, yra saugi platforma prit\u016bpimams ir \u012fvairiems koj\u0173 pratimams atlikti. Reguliuojamo auk\u0161\u010dio funkcija leid\u017eia pritaikyti treniruokl\u012f skirtingiems fizinio pasirengimo lygiams ir treniruo\u010di\u0173 pageidavimams. D\u0117l kompakti\u0161ko ir tvirto dizaino j\u012f lengva \u012ftraukti \u012f treniruo\u010di\u0173 rutin\u0105, nes jis skatina taisykling\u0105 form\u0105 ir didina koj\u0173 treniruo\u010di\u0173 efektyvum\u0105. Padidinkite apatin\u0117s k\u016bno dalies j\u0117g\u0105 ir siekite savo fitneso tiksl\u0173 su &#8222;Evolve Squat Block&#8221; &#8211; kompakti\u0161ku treniruokliu, skirtu nam\u0173 fitneso entuziastams.<\/p>\n","protected":false},"featured_media":5997,"template":"","meta":{"_acf_changed":false,"inline_featured_image":false},"product_cat":[119,120],"product_tag":[],"class_list":{"0":"post-6778","1":"product","2":"type-product","3":"status-publish","4":"has-post-thumbnail","6":"product_cat-kryzminis-ir-funkcinis","7":"product_cat-funkcine-iranga","9":"first","10":"instock","11":"shipping-taxable","12":"purchasable","13":"product-type-simple"},"acf":[],"_links":{"self":[{"href":"https:\/\/store.evolve-fitness.eu\/lt\/wp-json\/wp\/v2\/product\/6778","targetHints":{"allow":["GET"]}}],"collection":[{"href":"https:\/\/store.evolve-fitness.eu\/lt\/wp-json\/wp\/v2\/product"}],"about":[{"href":"https:\/\/store.evolve-fitness.eu\/lt\/wp-json\/wp\/v2\/types\/product"}],"wp:featuredmedia":[{"embeddable":true,"href":"https:\/\/store.evolve-fitness.eu\/lt\/wp-json\/wp\/v2\/media\/5997"}],"wp:attachment":[{"href":"https:\/\/store.evolve-fitness.eu\/lt\/wp-json\/wp\/v2\/media?parent=6778"}],"wp:term":[{"taxonomy":"product_cat","embeddable":true,"href":"https:\/\/store.evolve-fitness.eu\/lt\/wp-json\/wp\/v2\/product_cat?post=6778"},{"taxonomy":"product_tag","embeddable":true,"href":"https:\/\/store.evolve-fitness.eu\/lt\/wp-json\/wp\/v2\/product_tag?post=6778"}],"curies":[{"name":"wp","href":"https:\/\/api.w.org\/{rel}","templated":true}]}}