{"id":6776,"date":"2024-01-26T14:48:26","date_gmt":"2024-01-26T14:48:26","guid":{"rendered":"https:\/\/store.evolve-fitness.eu\/produktas\/evolve-pakabinama-istraukiamoji-sfera-70-100-mm\/"},"modified":"2025-11-07T11:22:20","modified_gmt":"2025-11-07T11:22:20","slug":"evolve-pakabinama-istraukiamoji-sfera-70-100-mm","status":"publish","type":"product","link":"https:\/\/store.evolve-fitness.eu\/lt\/produktas\/evolve-pakabinama-istraukiamoji-sfera-70-100-mm\/","title":{"rendered":"&#8222;Evolve&#8221; pakabinama i\u0161traukiamoji sfera 70 &#8211; 100 mm"},"content":{"rendered":"","protected":false},"excerpt":{"rendered":"<p>Pagerinkite savo prisitraukim\u0173 \u017eaidim\u0105 su &#8222;Evolve&#8221; kaban\u010di\u0173 prisitraukim\u0173 kamuoli\u0173 rinkiniu, kuriame yra 70 mm ir 100 mm kamuoliai, skirti pagerinti rank\u0173 sukibim\u0105 atliekant prisitraukimus. \u0160ie rutuliai, specialiai sukurti sporto \u0161akoms, kuriose reikia stipraus su\u0117mimo, pavyzd\u017eiui, laipiojimui ir sunkiosios atletikos sportui, yra unikalus ir veiksmingas b\u016bdas treniruoti su\u0117mimo j\u0117g\u0105 ir \u012fdarbinti dilbio raumenis. &#8222;Evolve&#8221; juostos, pritvirtintos tvirtais gele\u017einiais kabliukais, leid\u017eia be vargo pritvirtinti prie juostos. \u012etraukdami \u0161iuos rutulius \u012f prisitraukimo treniruotes ne tik padidinsite rankenos j\u0117g\u0105, bet ir savitai treniruosite dilbius, skatindami didesn\u0119 j\u0117g\u0105 ir kontrol\u0119. Ie\u0161kantiems efektyvaus b\u016bdo rankenos ir dilbio raumenims stiprinti, &#8222;Evolve&#8221; pakabinamas &#8222;Pull-Up Sphere&#8221; yra idealus fitneso sprendimas.<\/p>\n","protected":false},"featured_media":97938,"template":"","meta":{"_acf_changed":false,"inline_featured_image":false},"product_cat":[117,119,143,144],"product_tag":[],"class_list":{"0":"post-6776","1":"product","2":"type-product","3":"status-publish","4":"has-post-thumbnail","6":"product_cat-pagrindinis-puslapis","7":"product_cat-kryzminis-ir-funkcinis","8":"product_cat-irangos-komponentai","9":"product_cat-priedai","11":"first","12":"outofstock","13":"shipping-taxable","14":"purchasable","15":"product-type-variable"},"acf":[],"_links":{"self":[{"href":"https:\/\/store.evolve-fitness.eu\/lt\/wp-json\/wp\/v2\/product\/6776","targetHints":{"allow":["GET"]}}],"collection":[{"href":"https:\/\/store.evolve-fitness.eu\/lt\/wp-json\/wp\/v2\/product"}],"about":[{"href":"https:\/\/store.evolve-fitness.eu\/lt\/wp-json\/wp\/v2\/types\/product"}],"wp:featuredmedia":[{"embeddable":true,"href":"https:\/\/store.evolve-fitness.eu\/lt\/wp-json\/wp\/v2\/media\/97938"}],"wp:attachment":[{"href":"https:\/\/store.evolve-fitness.eu\/lt\/wp-json\/wp\/v2\/media?parent=6776"}],"wp:term":[{"taxonomy":"product_cat","embeddable":true,"href":"https:\/\/store.evolve-fitness.eu\/lt\/wp-json\/wp\/v2\/product_cat?post=6776"},{"taxonomy":"product_tag","embeddable":true,"href":"https:\/\/store.evolve-fitness.eu\/lt\/wp-json\/wp\/v2\/product_tag?post=6776"}],"curies":[{"name":"wp","href":"https:\/\/api.w.org\/{rel}","templated":true}]}}