{"id":6767,"date":"2024-01-29T14:21:19","date_gmt":"2024-01-29T14:21:19","guid":{"rendered":"https:\/\/store.evolve-fitness.eu\/produktas\/evolve-ultra-series-plokstes-pakrautas-bicepsu-lenkimas\/"},"modified":"2026-02-27T13:04:21","modified_gmt":"2026-02-27T13:04:21","slug":"evolve-ultra-series-plokstes-pakrautas-bicepsu-lenkimas","status":"publish","type":"product","link":"https:\/\/store.evolve-fitness.eu\/lt\/produktas\/evolve-ultra-series-plokstes-pakrautas-bicepsu-lenkimas\/","title":{"rendered":"&#8222;Evolve Ultra Series&#8221; plok\u0161t\u0117s pakrautas biceps\u0173 lenkimas"},"content":{"rendered":"\n<section class=\"wp-block-group alignfull black-content has-white-color has-darkgray-background-color has-text-color has-background is-layout-constrained wp-block-group-is-layout-constrained\" style=\"padding-top:var(--wp--preset--spacing--section-bottom);padding-bottom:var(--wp--preset--spacing--section-bottom)\">\n<section class=\"wp-block-group alignfull black-content has-white-color has-darkgray-background-color has-text-color has-background is-layout-constrained wp-block-group-is-layout-constrained\" style=\"padding-top:var(--wp--preset--spacing--section-bottom);padding-bottom:var(--wp--preset--spacing--section-bottom)\">\n<div class=\"wp-block-columns alignwide mobile-reverse is-layout-flex wp-container-core-columns-is-layout-ca64bf2d wp-block-columns-is-layout-flex\" style=\"margin-bottom:var(--wp--preset--spacing--side-padding)\">\n<div class=\"wp-block-column is-vertically-aligned-center is-layout-flow wp-block-column-is-layout-flow\">\n<h3 class=\"wp-block-heading\" style=\"margin-bottom:var(--wp--preset--spacing--h-3-bottom)\"><strong><strong><strong><strong><strong>Storas apmu\u0161alas<\/strong><\/strong><\/strong><\/strong><\/strong><\/h3>\n\n\n\n<p><strong><em><strong><strong><strong>Did\u017eiausias komfortas ir patvarumas<\/strong><\/strong><\/strong><\/em><\/strong><\/p>\n\n\n\n<p style=\"margin-bottom:var(--wp--preset--spacing--tb-section-padding)\">M\u016bs\u0173 storas apmu\u0161alas suteikia neprilygstam\u0105 komfort\u0105 treniruo\u010di\u0173 metu ir kartu u\u017etikrina ilgalaik\u012f patvarum\u0105. D\u0117l \u0161ios funkcijos treniruotes bus malonu i\u0161tverti.<\/p>\n\n\n\n<h3 class=\"wp-block-heading\" style=\"margin-bottom:var(--wp--preset--spacing--h-3-bottom)\"><strong><strong><strong><strong><strong><strong><strong><strong>Tikslinis raumen\u0173 \u012ftraukimas<\/strong><\/strong><\/strong><\/strong><\/strong><\/strong><\/strong><\/strong><\/h3>\n\n\n\n<p><strong><em><strong><strong><strong><strong><strong><strong>Tikslin\u0117s raumen\u0173 grup\u0117s<\/strong><\/strong><\/strong><\/strong><\/strong><\/strong><\/em><\/strong><\/p>\n\n\n\n<p>&#8222;Evolve Ultra Series&#8221; UL-180 treniruoklis &#8222;Evolve Ultra Series Plate Loaded Biceps Curl&#8221; vis\u0173 pirma skirtas dvigalviams peties raumenims. Speciali konstrukcija u\u017etikrina tiksling\u0105 bicepso raumen\u0173 \u012ftempim\u0105, taip palengvinant tiksling\u0105 j\u0173 vystym\u0105si ir stiprinim\u0105.<\/p>\n<\/div>\n\n\n\n<div class=\"wp-block-column is-vertically-aligned-center is-layout-flow wp-block-column-is-layout-flow\">\n<figure class=\"wp-block-video\"><video height=\"1080\" style=\"aspect-ratio: 1920 \/ 1080;\" width=\"1920\" autoplay=\"\" controls=\"\" loop=\"\" muted=\"\" src=\"https:\/\/evolve-fitness.eu\/wp-content\/uploads\/2024\/03\/EV-PL-UL-180-Evolve-Ultra-Series-Plate-Loaded-Biceps-Curl-1.mp4\"><\/video><\/figure>\n<\/div>\n<\/div>\n\n\n\n<div class=\"wp-block-columns alignwide mobile-reverse is-layout-flex wp-container-core-columns-is-layout-ca64bf2d wp-block-columns-is-layout-flex\" style=\"margin-bottom:var(--wp--preset--spacing--side-padding)\">\n<div class=\"wp-block-column is-vertically-aligned-center is-layout-flow wp-block-column-is-layout-flow\">\n<figure class=\"wp-block-image size-large\"><img decoding=\"async\" src=\"https:\/\/evolve-fitness.eu\/wp-content\/uploads\/2023\/09\/EV-PL-UL-180-1-683x1024.jpg\" alt=\"EV-PL-UL-180\" class=\"wp-image-166663\"\/><\/figure>\n<\/div>\n\n\n\n<div class=\"wp-block-column is-vertically-aligned-center is-layout-flow wp-block-column-is-layout-flow\">\n<h3 class=\"wp-block-heading\" style=\"margin-bottom:var(--wp--preset--spacing--h-3-bottom)\"><strong><strong><strong><strong>Reguliuojama s\u0117dimoji pad\u0117tis<\/strong><\/strong><\/strong><\/strong><\/h3>\n\n\n\n<p><strong><strong><em>Lengvai pritaikomas gyvybingos geltonos spalvos<\/em><\/strong><\/strong><\/p>\n\n\n\n<p style=\"margin-bottom:var(--wp--preset--spacing--tb-section-padding)\">M\u016bs\u0173 ma\u0161inos turi reguliuojam\u0105 s\u0117dim\u0105j\u0105 pad\u0117t\u012f, o reguliavimo ranken\u0117l\u0117s ir rankenos yra ry\u0161kios, lengvai matomos geltonos spalvos. \u0160is patogus dizainas leid\u017eia be vargo pritaikyti treniruot\u0119 pagal savo pageidavimus.<\/p>\n\n\n\n<h3 class=\"wp-block-heading\" style=\"margin-bottom:var(--wp--preset--spacing--h-3-bottom)\"><strong><strong><strong><strong><strong><strong><strong><strong>Nekompromisinis ilgaam\u017ei\u0161kumas<\/strong><\/strong><\/strong><\/strong><\/strong><\/strong><\/strong><\/strong><\/h3>\n\n\n\n<p><strong><em><strong><strong><strong><strong><strong>Ner\u016bdijan\u010dio plieno var\u017etai ir ver\u017el\u0117s<\/strong><\/strong><\/strong><\/strong><\/strong><\/em><\/strong><\/p>\n\n\n\n<p>I\u0161 patvari\u0173 med\u017eiag\u0173 ir tikslios in\u017einerijos pagamintas bicepso lenkimo treniruoklis u\u017etikrina ilgaam\u017ei\u0161kum\u0105 ir patikimum\u0105, tinka tiek nam\u0173, tiek komercin\u0117ms sporto sal\u0117ms. Tvirtas r\u0117mas u\u017etikrina stabilum\u0105 ir saugum\u0105 treniruo\u010di\u0173 metu, tod\u0117l naudotojai gali dr\u0105siai atlikti pratimus ir nesijaudinti d\u0117l \u012frangos stabilumo.<\/p>\n<\/div>\n<\/div>\n\n\n\n<div class=\"wp-block-columns alignwide mobile-reverse is-layout-flex wp-container-core-columns-is-layout-ca64bf2d wp-block-columns-is-layout-flex\" style=\"margin-bottom:var(--wp--preset--spacing--side-padding)\">\n<div class=\"wp-block-column is-vertically-aligned-center is-layout-flow wp-block-column-is-layout-flow\">\n<h3 class=\"wp-block-heading\" style=\"margin-bottom:var(--wp--preset--spacing--h-3-bottom)\"><strong><strong><strong><strong><strong>Kompakti\u0161kas p\u0117dsakas<\/strong><\/strong><\/strong><\/strong><\/strong><\/h3>\n\n\n\n<p><strong><em><strong><strong><strong><strong><strong><strong><strong><strong>Erdv\u0117s po\u017ei\u016briu efektyvus dizainas<\/strong><\/strong><\/strong><\/strong><\/strong><\/strong><\/strong><\/strong><\/em><\/strong><\/p>\n\n\n\n<p style=\"margin-bottom:var(--wp--preset--spacing--tb-section-padding)\">Nepaisant funkcionalumo, bicepso lenkimo treniruoklis yra kompakti\u0161kas, tod\u0117l tinka asmenims, turintiems ribot\u0105 treniruo\u010di\u0173 erdv\u0119. Jo supaprastintas dizainas maksimaliai padidina erdv\u0117s efektyvum\u0105, nesuma\u017eindamas funkcionalumo, tod\u0117l u\u017etikrinama optimali treniruo\u010di\u0173 erdv\u0117, skirta efektyviai bicepso treniruotei.<\/p>\n\n\n\n<h3 class=\"wp-block-heading\" style=\"margin-bottom:var(--wp--preset--spacing--h-3-bottom)\"><strong><strong><strong><strong><strong><strong><strong>Patvarios grind\u0173 apsaugos priemon\u0117s<\/strong><\/strong><\/strong><\/strong><\/strong><\/strong><\/strong><\/h3>\n\n\n\n<p><strong><em><strong><strong><strong><strong>Saugokite sporto sal\u0117s grindis<\/strong><\/strong><\/strong><\/strong><\/em><\/strong><\/p>\n\n\n\n<p>M\u016bs\u0173 \u012franga turi patvarias grind\u0173 apsaugas, kad apsaugot\u0173 j\u016bs\u0173 sporto sal\u0119 nuo pa\u017eeidim\u0173 ir \u012fbr\u0117\u017eim\u0173 net ir intensyvi\u0173 treniruo\u010di\u0173 metu.<\/p>\n\n\n\n<p><\/p>\n\n\n\n<h3 class=\"wp-block-heading\" style=\"margin-bottom:var(--wp--preset--spacing--h-3-bottom)\"><strong><strong><strong><strong><strong>Organizuotas ir efektyvus<\/strong><\/strong><\/strong><\/strong><\/strong><\/h3>\n\n\n\n<p><strong><em><strong><strong><strong><strong><strong><strong><strong><strong>Svorio plok\u0161teli\u0173 laikymo kai\u0161\u010diai<\/strong><\/strong><\/strong><\/strong><\/strong><\/strong><\/strong><\/strong><\/em><\/strong><\/p>\n\n\n\n<p style=\"margin-bottom:var(--wp--preset--spacing--tb-section-padding)\">I\u0161likite organizuoti ir efektyviai dirbti su svori\u0173 plok\u0161teli\u0173 laikymo kai\u0161\u010diais. Laikykite savo l\u0117k\u0161tes ranka pasiekiamas ir supaprastinkite treniruotes.<\/p>\n<\/div>\n\n\n\n<div class=\"wp-block-column is-vertically-aligned-center is-layout-flow wp-block-column-is-layout-flow\">\n<figure class=\"wp-block-image size-large\"><img decoding=\"async\" src=\"https:\/\/evolve-fitness.eu\/wp-content\/uploads\/2023\/09\/EV-PL-UL-180-3-683x1024.jpg\" alt=\"\" class=\"wp-image-166738\"\/><\/figure>\n<\/div>\n<\/div>\n\n\n\n<div class=\"wp-block-columns alignwide mobile-reverse is-layout-flex wp-container-core-columns-is-layout-ca64bf2d wp-block-columns-is-layout-flex\" style=\"margin-bottom:var(--wp--preset--spacing--side-padding)\">\n<div class=\"wp-block-column is-vertically-aligned-center is-layout-flow wp-block-column-is-layout-flow\">\n<figure class=\"wp-block-image size-large\"><img decoding=\"async\" src=\"https:\/\/evolve-fitness.eu\/wp-content\/uploads\/2023\/09\/EV-PL-UL-180-10-683x1024.jpg\" alt=\"\" class=\"wp-image-166688\"\/><\/figure>\n<\/div>\n\n\n\n<div class=\"wp-block-column is-vertically-aligned-center is-layout-flow wp-block-column-is-layout-flow\">\n<p><\/p>\n\n\n\n<h3 class=\"wp-block-heading\" style=\"margin-bottom:var(--wp--preset--spacing--h-3-bottom)\"><strong><strong><strong><strong><strong><strong><strong><strong>Ilgalaikis veikimas<\/strong><\/strong><\/strong><\/strong><\/strong><\/strong><\/strong><\/strong><\/h3>\n\n\n\n<p><strong><em><strong><strong><strong><strong><strong>Auk\u0161\u010diausios kokyb\u0117s, tvirta PU oda<\/strong><\/strong><\/strong><\/strong><\/strong><\/em><\/strong><\/p>\n\n\n\n<p>Patirkite i\u0161skirtin\u012f komfort\u0105 ir na\u0161um\u0105 su m\u016bs\u0173 auk\u0161\u010diausios kokyb\u0117s, didelio atsparumo PU odos apmu\u0161alais. Jame suderintas ilgaam\u017ei\u0161kumas ir vizualinis patrauklumas, tod\u0117l jis u\u017etikrina geriausi\u0105 prabang\u0105 fitneso srityje.<\/p>\n\n\n\n<p><\/p>\n\n\n\n<h3 class=\"wp-block-heading\" style=\"margin-bottom:var(--wp--preset--spacing--h-3-bottom)\"><strong><strong><strong><strong><strong><strong><strong><strong><strong>Ilgalaik\u0117 apdaila<\/strong><\/strong><\/strong><\/strong><\/strong><\/strong><\/strong><\/strong><\/strong><\/h3>\n\n\n\n<p><strong><em><strong><strong><strong><strong><strong><strong>Termoreaktyvi\u0173j\u0173 milteli\u0173 elektrostatinio pur\u0161kimo technologija<\/strong><\/strong><\/strong><\/strong><\/strong><\/strong><\/em><\/strong><\/p>\n\n\n\n<p>M\u016bs\u0173 ma\u0161inose \u012fdiegta termoreaktyvi\u0173j\u0173 milteli\u0173 elektrostatinio pur\u0161kimo technologija, u\u017etikrinanti ilgalaik\u0119 apdail\u0105. \u0160i pa\u017eangi danga ilgainiui i\u0161laiko \u012frangos i\u0161vaizd\u0105.<\/p>\n<\/div>\n<\/div>\n<\/section>\n<\/section>\n","protected":false},"excerpt":{"rendered":"<p>Pristatome &#8222;Evolve Ultra Series Plate Loaded Biceps Curl UL-180&#8221; &#8211; geriausi\u0105 pasirinkim\u0105 komercini\u0173 sporto sali\u0173 savininkams, ie\u0161kantiems auk\u0161\u010diausios klas\u0117s \u012frangos. \u0160is bicepso lenkimo treniruoklis u\u017etikrina veiksmingas treniruotes, nes turi tvirt\u0105 plienin\u012f suvirint\u0105 ovalo formos vamzd\u017ei\u0173 r\u0117m\u0105, r\u016bdims atspari\u0105 termoreaktyvi\u0105j\u0105 miltelin\u0119 dang\u0105 ir ner\u016bdijan\u010dio plieno var\u017etus bei ver\u017eles, u\u017etikrinan\u010dius maksimal\u0173 stabilum\u0105. Jo funkcinis dizainas apima patog\u0173 atlo\u0161\u0105, reguliuojam\u0105 s\u0117dyn\u0119 ir neslystan\u010dias rankenas, u\u017etikrinan\u010dias taisykling\u0105 laikysen\u0105 ir stabilum\u0105 intensyvi\u0173 treniruo\u010di\u0173 metu. Ji i\u0161siskiria galimybe pritaikyti \u012frangos spalvas, kad jos atitikt\u0173 j\u016bs\u0173 sporto sal\u0117s prek\u0117s \u017eenklo schem\u0105. Be to, ergonomi\u0161ki apmu\u0161alai u\u017etikrina patogum\u0105 ir ilgaam\u017ei\u0161kum\u0105. &#8222;Evolve Biceps Curl&#8221;, kuriam suteikiama 2 met\u0173 garantija ir kurio maksimali apkrova yra 200 kg, yra idealus priedas, kuris pagerins j\u016bs\u0173 sporto sal\u0117s \u012fvaizd\u012f ir na\u0161um\u0105.<\/p>\n","protected":false},"featured_media":60906,"template":"","meta":{"_acf_changed":false,"inline_featured_image":false},"product_cat":[117,129,130],"product_tag":[],"class_list":{"0":"post-6767","1":"product","2":"type-product","3":"status-publish","4":"has-post-thumbnail","6":"product_cat-pagrindinis-puslapis","7":"product_cat-laisvu-svoriu-treniruokliai","8":"product_cat-ultra-series-laisvu-svoriu-treniruokliai","10":"first","11":"instock","12":"shipping-taxable","13":"purchasable","14":"product-type-simple"},"acf":[],"_links":{"self":[{"href":"https:\/\/store.evolve-fitness.eu\/lt\/wp-json\/wp\/v2\/product\/6767","targetHints":{"allow":["GET"]}}],"collection":[{"href":"https:\/\/store.evolve-fitness.eu\/lt\/wp-json\/wp\/v2\/product"}],"about":[{"href":"https:\/\/store.evolve-fitness.eu\/lt\/wp-json\/wp\/v2\/types\/product"}],"wp:featuredmedia":[{"embeddable":true,"href":"https:\/\/store.evolve-fitness.eu\/lt\/wp-json\/wp\/v2\/media\/60906"}],"wp:attachment":[{"href":"https:\/\/store.evolve-fitness.eu\/lt\/wp-json\/wp\/v2\/media?parent=6767"}],"wp:term":[{"taxonomy":"product_cat","embeddable":true,"href":"https:\/\/store.evolve-fitness.eu\/lt\/wp-json\/wp\/v2\/product_cat?post=6767"},{"taxonomy":"product_tag","embeddable":true,"href":"https:\/\/store.evolve-fitness.eu\/lt\/wp-json\/wp\/v2\/product_tag?post=6767"}],"curies":[{"name":"wp","href":"https:\/\/api.w.org\/{rel}","templated":true}]}}