{"id":6713,"date":"2024-01-30T15:06:19","date_gmt":"2024-01-30T15:06:19","guid":{"rendered":"https:\/\/store.evolve-fitness.eu\/produktas\/evolve-ultra-series-plokstes-pakrautas-galinis-kopiklis\/"},"modified":"2025-09-25T13:40:35","modified_gmt":"2025-09-25T13:40:35","slug":"evolve-ultra-series-plokstes-pakrautas-galinis-kopiklis","status":"publish","type":"product","link":"https:\/\/store.evolve-fitness.eu\/lt\/produktas\/evolve-ultra-series-plokstes-pakrautas-galinis-kopiklis\/","title":{"rendered":"&#8222;Evolve Ultra Series&#8221; plok\u0161t\u0117s pakrautas galinis kopiklis"},"content":{"rendered":"\n<section class=\"wp-block-group alignfull black-content has-white-color has-darkgray-background-color has-text-color has-background is-layout-constrained wp-block-group-is-layout-constrained\" style=\"padding-top:var(--wp--preset--spacing--section-bottom);padding-bottom:var(--wp--preset--spacing--section-bottom)\">\n<section class=\"wp-block-group alignfull black-content has-white-color has-darkgray-background-color has-text-color has-background is-layout-constrained wp-block-group-is-layout-constrained\" style=\"padding-top:var(--wp--preset--spacing--section-bottom);padding-bottom:var(--wp--preset--spacing--section-bottom)\">\n<div class=\"wp-block-columns alignwide mobile-reverse is-layout-flex wp-container-core-columns-is-layout-ca64bf2d wp-block-columns-is-layout-flex\" style=\"margin-bottom:var(--wp--preset--spacing--side-padding)\">\n<div class=\"wp-block-column is-vertically-aligned-center is-layout-flow wp-block-column-is-layout-flow\">\n<h3 class=\"wp-block-heading\" style=\"margin-bottom:var(--wp--preset--spacing--h-3-bottom)\"><strong><strong><strong><strong>Raumen\u0173 grup\u0117s<\/strong><\/strong><\/strong><\/strong><\/h3>\n\n\n\n<p><strong><em><strong><strong>Tikslingas raumen\u0173 aktyvinimas<\/strong><\/strong><\/em><\/strong><\/p>\n\n\n\n<p style=\"margin-bottom:var(--wp--preset--spacing--tb-section-padding)\">&#8222;Evolve Ultra Series&#8221; UL-070 &#8222;Plate Loaded Rear Kick&#8221; skirtas s\u0117dmen\u0173, str\u0117n\u0173 ir apatin\u0117s nugaros dalies raumenims. D\u0117l specializuotos konstrukcijos \u0161is treniruoklis u\u017etikrina tiksli\u0105 tikslini\u0173 raumen\u0173 aktyvacij\u0105, palengvina visapusi\u0161k\u0105 raumen\u0173 vystym\u0105si ir stiprinim\u0105.<\/p>\n\n\n\n<h3 class=\"wp-block-heading\" style=\"margin-bottom:var(--wp--preset--spacing--h-3-bottom)\"><strong><strong><strong><strong><strong><strong>Reguliuojamas pasiprie\u0161inimas<\/strong><\/strong><\/strong><\/strong><\/strong><\/strong><\/h3>\n\n\n\n<p><strong><em><strong><strong><strong><strong>Pritaikomi svorio kaminai<\/strong><\/strong><\/strong><\/strong><\/em><\/strong><\/p>\n\n\n\n<p>Naudotojai gali lengvai reguliuoti pasiprie\u0161inimo lygius, prid\u0117dami arba i\u0161imdami svorio plok\u0161teles, kad treniruot\u0117s atitikt\u0173 individual\u0173 fizinio pasirengimo lyg\u012f ir tikslus. Nesvarbu, ar naudotojai siekia i\u0161tverm\u0117s, hipertrofijos, ar j\u0117gos, reguliuojamo pasiprie\u0161inimo funkcija leid\u017eia pritaikyti treniruotes \u012fvairiems fitneso tikslams pasiekti.<\/p>\n<\/div>\n\n\n\n<div class=\"wp-block-column is-vertically-aligned-center is-layout-flow wp-block-column-is-layout-flow\">\n<figure class=\"wp-block-video\"><video height=\"1080\" style=\"aspect-ratio: 1920 \/ 1080;\" width=\"1920\" autoplay=\"\" controls=\"\" loop=\"\" muted=\"\" src=\"https:\/\/evolve-fitness.eu\/wp-content\/uploads\/2024\/03\/EV-PL-UL-070-Evolve-Ultra-Series-Plate-Loaded-Rear-Kick-1.mp4\"><\/video><\/figure>\n<\/div>\n<\/div>\n\n\n\n<div class=\"wp-block-columns alignwide mobile-reverse is-layout-flex wp-container-core-columns-is-layout-ca64bf2d wp-block-columns-is-layout-flex\" style=\"margin-bottom:var(--wp--preset--spacing--side-padding)\">\n<div class=\"wp-block-column is-vertically-aligned-center is-layout-flow wp-block-column-is-layout-flow\">\n<figure class=\"wp-block-image size-large\"><img decoding=\"async\" src=\"https:\/\/evolve-fitness.eu\/wp-content\/uploads\/2023\/09\/EV-PL-UL-070-4-683x1024.jpg\" alt=\"EV-PL-UL-070\" class=\"wp-image-166586\"\/><\/figure>\n<\/div>\n\n\n\n<div class=\"wp-block-column is-vertically-aligned-center is-layout-flow wp-block-column-is-layout-flow\">\n<h3 class=\"wp-block-heading\" style=\"margin-bottom:var(--wp--preset--spacing--h-3-bottom)\"><strong><strong><strong>Patogus dizainas<\/strong><\/strong><\/strong><\/h3>\n\n\n\n<p><strong><strong><em>Ergonomi\u0161kas pamink\u0161tinimas ir rankenos<\/em><\/strong><\/strong><\/p>\n\n\n\n<p style=\"margin-bottom:var(--wp--preset--spacing--tb-section-padding)\">&#8222;Rear Kick&#8221; sukurtas taip, kad naudotojui b\u016bt\u0173 patogu, turi ergonomi\u0161kas pagalv\u0117les ir rankenas, kurios padeda tinkamai i\u0161lyginti k\u016bn\u0105 ir palaiko j\u012f atliekant pratimus. Reguliuojama s\u0117dyn\u0117 ir koj\u0173 pagalv\u0117l\u0117 padidina naudotojo patogum\u0105 ir pritaikomum\u0105, suma\u017eina diskomfort\u0105 ir galim\u0105 \u012ftamp\u0105 treniruo\u010di\u0173 metu.<\/p>\n<\/div>\n<\/div>\n\n\n\n<div class=\"wp-block-columns alignwide mobile-reverse is-layout-flex wp-container-core-columns-is-layout-ca64bf2d wp-block-columns-is-layout-flex\" style=\"margin-bottom:var(--wp--preset--spacing--side-padding)\">\n<div class=\"wp-block-column is-vertically-aligned-center is-layout-flow wp-block-column-is-layout-flow\">\n<h3 class=\"wp-block-heading\" style=\"margin-bottom:var(--wp--preset--spacing--h-3-bottom)\"><strong><strong><strong>Ilgaam\u017ei\u0161kumas ir stabilumas<\/strong><\/strong><\/strong><\/h3>\n\n\n\n<p><strong><em><strong><strong><strong><strong><strong><strong>Auk\u0161tos kokyb\u0117s konstrukcija<\/strong><\/strong><\/strong><\/strong><\/strong><\/strong><\/em><\/strong><\/p>\n\n\n\n<p style=\"margin-bottom:var(--wp--preset--spacing--tb-section-padding)\">&#8222;Evolve Ultra Series&#8221; &#8222;Evolve Ultra&#8221; serijos plok\u0161t\u0117mis pakraunamas galinis kopiklis pagamintas i\u0161 patvari\u0173 med\u017eiag\u0173 ir tikslios in\u017einerijos, u\u017etikrina ilgaam\u017ei\u0161kum\u0105 ir patikimum\u0105, tinka tiek nam\u0173, tiek komercin\u0117ms sporto sal\u0117ms. Tvirtas r\u0117mas u\u017etikrina stabilum\u0105 ir saugum\u0105 per sunkias treniruotes, tod\u0117l naudotojai gali dr\u0105siai ir be kompromis\u0173 atlikti sm\u016bgio i\u0161 nugaros pratimus.<\/p>\n\n\n\n<h3 class=\"wp-block-heading\" style=\"margin-bottom:var(--wp--preset--spacing--h-3-bottom)\"><strong><strong><strong><strong>Neslystan\u010dios rankenos<\/strong><\/strong><\/strong><\/strong><\/h3>\n\n\n\n<p><strong><em><strong><strong>Saugus ir patikimas su\u0117mimas, u\u017etikrinantis saugum\u0105 ir pasitik\u0117jim\u0105<\/strong><\/strong><\/em><\/strong><\/p>\n\n\n\n<p>Teikite pirmenyb\u0119 saugumui ir pasitik\u0117jimui su m\u016bs\u0173 <strong>neslystan\u010diomis rankenomis<\/strong>. Jie u\u017etikrina saug\u0173 sukibim\u0105, tod\u0117l treniruo\u010di\u0173 metu suma\u017e\u0117ja nelaiming\u0173 atsitikim\u0173 rizika.<\/p>\n<\/div>\n\n\n\n<div class=\"wp-block-column is-vertically-aligned-center is-layout-flow wp-block-column-is-layout-flow\">\n<figure class=\"wp-block-image size-large\"><img decoding=\"async\" src=\"https:\/\/evolve-fitness.eu\/wp-content\/uploads\/2023\/09\/EV-PL-UL-070-1-683x1024.jpg\" alt=\"\" class=\"wp-image-166611\"\/><\/figure>\n<\/div>\n<\/div>\n\n\n\n<div class=\"wp-block-columns alignwide mobile-reverse is-layout-flex wp-container-core-columns-is-layout-ca64bf2d wp-block-columns-is-layout-flex\" style=\"margin-bottom:var(--wp--preset--spacing--side-padding)\">\n<div class=\"wp-block-column is-vertically-aligned-center is-layout-flow wp-block-column-is-layout-flow\">\n<figure class=\"wp-block-image size-large\"><img decoding=\"async\" src=\"https:\/\/evolve-fitness.eu\/wp-content\/uploads\/2023\/09\/EV-PL-UL-070-6-1024x683.jpg\" alt=\"\" class=\"wp-image-166637\"\/><\/figure>\n<\/div>\n\n\n\n<div class=\"wp-block-column is-vertically-aligned-center is-layout-flow wp-block-column-is-layout-flow\">\n<h3 class=\"wp-block-heading\" style=\"margin-bottom:var(--wp--preset--spacing--h-3-bottom)\"><strong><strong><strong>Ilgalaikis veikimas<\/strong><\/strong><\/strong><\/h3>\n\n\n\n<p><strong><em><strong><strong>Auk\u0161\u010diausios kokyb\u0117s, tvirta PU oda<\/strong><\/strong><\/em><\/strong><\/p>\n\n\n\n<p style=\"margin-bottom:var(--wp--preset--spacing--tb-section-padding)\">M\u016bs\u0173 \u012franga pagaminta i\u0161 auk\u0161\u010diausios kokyb\u0117s, didelio atsparumo PU odos, kuri sukurta taip, kad atlaikyt\u0173 net sunkiausias treniruotes. Jis ne tik puikiai atrodo, bet ir pasi\u017eymi ilgaam\u017ei\u0161kumu.<\/p>\n\n\n\n<h3 class=\"wp-block-heading\" style=\"margin-bottom:var(--wp--preset--spacing--h-3-bottom)\"><strong><strong><strong><strong><strong><strong><strong>Patvari apdaila<\/strong><\/strong><\/strong><\/strong><\/strong><\/strong><\/strong><\/h3>\n\n\n\n<p><strong><em><strong><strong><strong><strong><strong>Termoreaktyvi\u0173j\u0173 milteli\u0173 elektrostatinio pur\u0161kimo technologija<\/strong><\/strong><\/strong><\/strong><\/strong><\/em><\/strong><\/p>\n\n\n\n<p>Patirkite patvari\u0105 apdail\u0105 naudodami m\u016bs\u0173 <strong>termoreaktyvi\u0173j\u0173 milteli\u0173 elektrostatinio pur\u0161kimo technologij\u0105<\/strong>. \u0160i pa\u017eangi danga u\u017etikrina, kad j\u016bs\u0173 \u012franga laikui b\u0117gant i\u0161likt\u0173 patraukli.<\/p>\n\n\n\n<p><\/p>\n\n\n\n<h3 class=\"wp-block-heading\" style=\"margin-bottom:var(--wp--preset--spacing--h-3-bottom)\"><strong><strong><strong><strong>Sukurta, kad tarnaut\u0173 ilgai<\/strong><\/strong><\/strong><\/strong><\/h3>\n\n\n\n<p><strong><em><strong><strong><strong>Ner\u016bdijan\u010dio plieno var\u017etai ir ver\u017el\u0117s<\/strong><\/strong><\/strong><\/em><\/strong><\/p>\n\n\n\n<p style=\"margin-bottom:var(--wp--preset--spacing--tb-section-padding)\">&#8222;Prime&#8221; serija yra ilgaam\u017e\u0117, nes visi var\u017etai ir ver\u017el\u0117s pagaminti i\u0161 <strong>ner\u016bdijan\u010dio plieno<\/strong>. Tokia kokybi\u0161ka konstrukcija u\u017etikrina j\u016bs\u0173 \u012frangos ilgaam\u017ei\u0161kum\u0105.<\/p>\n<\/div>\n<\/div>\n<\/section>\n<\/section>\n","protected":false},"excerpt":{"rendered":"<p>Pagerinkite koj\u0173 ir s\u0117dmen\u0173 treniruotes naudodami &#8222;Evolve Ultra Series&#8221; plok\u0161tel\u0117mis pakraut\u0105 treniruokl\u012f &#8222;Evolve Ultra Series Rear Kick UL-070&#8221;. \u0160is treniruoklis, skirtas komercin\u0117ms sporto sal\u0117ms, pasi\u017eymi stabilumu, tvirtu plieniniu r\u0117mu ir apsauga nuo r\u016bd\u017ei\u0173. Didel\u0117 p\u0117d\u0173 atrama leid\u017eia tiksliai nusitaikyti, o patogus pamink\u0161tinimas ir neslystan\u010dios rankenos u\u017etikrina tinkam\u0105 form\u0105. Pritaikomos spalvos dera prie j\u016bs\u0173 sporto sal\u0117s prek\u0117s \u017eenklo, tod\u0117l tai stilingas ir patvarus pasirinkimas. D\u0117l deformacijoms atsparaus apmu\u0161alo, neslystan\u010di\u0173 ranken\u0173 ir grind\u0173 apsaug\u0173 jis idealiai tinka treniruokli\u0173 sal\u0117ms. Pagerinkite savo sporto sal\u0117s kokyb\u0119 ir na\u0161um\u0105 naudodami &#8222;Evolve Rear Kick&#8221;.  <\/p>\n","protected":false},"featured_media":61037,"template":"","meta":{"_acf_changed":false,"inline_featured_image":false},"product_cat":[117,129,130],"product_tag":[],"class_list":{"0":"post-6713","1":"product","2":"type-product","3":"status-publish","4":"has-post-thumbnail","6":"product_cat-pagrindinis-puslapis","7":"product_cat-laisvu-svoriu-treniruokliai","8":"product_cat-ultra-series-laisvu-svoriu-treniruokliai","10":"first","11":"instock","12":"shipping-taxable","13":"purchasable","14":"product-type-simple"},"acf":[],"_links":{"self":[{"href":"https:\/\/store.evolve-fitness.eu\/lt\/wp-json\/wp\/v2\/product\/6713","targetHints":{"allow":["GET"]}}],"collection":[{"href":"https:\/\/store.evolve-fitness.eu\/lt\/wp-json\/wp\/v2\/product"}],"about":[{"href":"https:\/\/store.evolve-fitness.eu\/lt\/wp-json\/wp\/v2\/types\/product"}],"wp:featuredmedia":[{"embeddable":true,"href":"https:\/\/store.evolve-fitness.eu\/lt\/wp-json\/wp\/v2\/media\/61037"}],"wp:attachment":[{"href":"https:\/\/store.evolve-fitness.eu\/lt\/wp-json\/wp\/v2\/media?parent=6713"}],"wp:term":[{"taxonomy":"product_cat","embeddable":true,"href":"https:\/\/store.evolve-fitness.eu\/lt\/wp-json\/wp\/v2\/product_cat?post=6713"},{"taxonomy":"product_tag","embeddable":true,"href":"https:\/\/store.evolve-fitness.eu\/lt\/wp-json\/wp\/v2\/product_tag?post=6713"}],"curies":[{"name":"wp","href":"https:\/\/api.w.org\/{rel}","templated":true}]}}