{"id":6696,"date":"2024-01-29T14:14:55","date_gmt":"2024-01-29T14:14:55","guid":{"rendered":"https:\/\/store.evolve-fitness.eu\/produktas\/evolve-ultra-series-ploksciu-pakrautas-koju-presas\/"},"modified":"2024-02-27T12:37:56","modified_gmt":"2024-02-27T12:37:56","slug":"evolve-ultra-series-ploksciu-pakrautas-koju-presas","status":"publish","type":"product","link":"https:\/\/store.evolve-fitness.eu\/lt\/produktas\/evolve-ultra-series-ploksciu-pakrautas-koju-presas\/","title":{"rendered":"&#8222;Evolve Ultra Series&#8221; plok\u0161\u010di\u0173 pakrautas koj\u0173 presas"},"content":{"rendered":"\n<section class=\"wp-block-group alignfull black-content has-white-color has-darkgray-background-color has-text-color has-background is-layout-constrained wp-block-group-is-layout-constrained\" style=\"padding-top:var(--wp--preset--spacing--section-bottom);padding-bottom:var(--wp--preset--spacing--section-bottom)\">\n<h3 class=\"wp-block-heading has-text-align-center\"><strong><strong><strong>EVOLIUCIONUOJA PLOK\u0160TEL\u0116, PAKRAUTA ULTRA SERIJA<\/strong><\/strong><\/strong><\/h3>\n\n\n\n<p>&#8222;Evolve Plate Loaded Ultra&#8221; serija yra tobulumo \u012fsik\u016bnijimas, si\u016blantis auk\u0161\u010diausi\u0105 kokyb\u0119 u\u017e geriausi\u0105 \u012fmanom\u0105 kain\u0105. Pagerinkite savo j\u0117gos treniruotes naudodami \u012frang\u0105, kurioje dera prabanga, na\u0161umas ir prieinamumas. I\u0161nagrin\u0117kite vis\u0105 linij\u0105 \u0161iandien ir i\u0161bandykite fitnes\u0105 kaip niekada anks\u010diau.<\/p>\n\n\n\n<section class=\"wp-block-group alignfull black-content has-white-color has-darkgray-background-color has-text-color has-background is-layout-constrained wp-block-group-is-layout-constrained\" style=\"padding-top:var(--wp--preset--spacing--section-bottom);padding-bottom:var(--wp--preset--spacing--section-bottom)\">\n<div class=\"wp-block-columns alignwide mobile-reverse is-layout-flex wp-container-core-columns-is-layout-ca64bf2d wp-block-columns-is-layout-flex\" style=\"margin-bottom:var(--wp--preset--spacing--side-padding)\">\n<div class=\"wp-block-column is-vertically-aligned-center is-layout-flow wp-block-column-is-layout-flow\">\n<h3 class=\"wp-block-heading\" style=\"margin-bottom:var(--wp--preset--spacing--h-3-bottom)\"><strong><strong><strong><strong><strong>Storas apmu\u0161alas<\/strong><\/strong><\/strong><\/strong><\/strong><\/h3>\n\n\n\n<p><strong><em><strong><strong><strong>Did\u017eiausias komfortas ir patvarumas<\/strong><\/strong><\/strong><\/em><\/strong><\/p>\n\n\n\n<p style=\"margin-bottom:var(--wp--preset--spacing--tb-section-padding)\">M\u016bs\u0173 storas apmu\u0161alas suteikia neprilygstam\u0105 komfort\u0105 treniruo\u010di\u0173 metu ir kartu u\u017etikrina ilgalaik\u012f patvarum\u0105. D\u0117l \u0161ios funkcijos treniruotes bus malonu i\u0161tverti.<\/p>\n\n\n\n<h3 class=\"wp-block-heading\" style=\"margin-bottom:var(--wp--preset--spacing--h-3-bottom)\"><strong><strong><strong><strong><strong><strong><strong>Tikslinis raumen\u0173 \u012ftraukimas<\/strong><\/strong><\/strong><\/strong><\/strong><\/strong><\/strong><\/h3>\n\n\n\n<p><strong><em><strong><strong><strong><strong><strong>Vienpusis rankos judesys (prieinamas kai kuriose ma\u0161inose)<\/strong><\/strong><\/strong><\/strong><\/strong><\/em><\/strong><\/p>\n\n\n\n<p>Tiems, kurie ie\u0161ko universalumo, kai kurie Ultra serijos treniruokliai si\u016blo <strong>vienpus\u012f rank\u0173 judes\u012f<\/strong>. Tai suteikia galimyb\u0119 efektyviai veikti konkre\u010dias raumen\u0173 grupes, tod\u0117l galite individualizuoti savo treniruo\u010di\u0173 re\u017eim\u0105.<\/p>\n<\/div>\n\n\n\n<div class=\"wp-block-column is-vertically-aligned-center is-layout-flow wp-block-column-is-layout-flow\">\n<figure class=\"wp-block-video\"><video autoplay=\"\" controls=\"\" loop=\"\" muted=\"\" src=\"https:\/\/evolve-fitness.eu\/wp-content\/uploads\/2023\/12\/2-7.mp4\"><\/video><\/figure>\n<\/div>\n<\/div>\n\n\n\n<div class=\"wp-block-columns alignwide mobile-reverse is-layout-flex wp-container-core-columns-is-layout-ca64bf2d wp-block-columns-is-layout-flex\" style=\"margin-bottom:var(--wp--preset--spacing--side-padding)\">\n<div class=\"wp-block-column is-vertically-aligned-center is-layout-flow wp-block-column-is-layout-flow\">\n<figure class=\"wp-block-video\"><video autoplay=\"\" controls=\"\" loop=\"\" muted=\"\" src=\"https:\/\/evolve-fitness.eu\/wp-content\/uploads\/2023\/12\/3-1.mp4\"><\/video><\/figure>\n<\/div>\n\n\n\n<div class=\"wp-block-column is-vertically-aligned-center is-layout-flow wp-block-column-is-layout-flow\">\n<h3 class=\"wp-block-heading\" style=\"margin-bottom:var(--wp--preset--spacing--h-3-bottom)\"><strong><strong><strong><strong>Reguliuojama s\u0117dimoji pad\u0117tis<\/strong><\/strong><\/strong><\/strong><\/h3>\n\n\n\n<p><strong><strong>Lengvai pritaikomas gyvybingos geltonos spalvos<\/strong><\/strong><\/p>\n\n\n\n<p style=\"margin-bottom:var(--wp--preset--spacing--tb-section-padding)\">M\u016bs\u0173 ma\u0161inos turi <strong>reguliuojam\u0105 s\u0117dim\u0105j\u0105 pad\u0117t\u012f<\/strong>, o reguliavimo ranken\u0117l\u0117s ir rankenos yra ry\u0161kios, lengvai matomos geltonos spalvos. \u0160is patogus dizainas leid\u017eia be vargo pritaikyti treniruot\u0119 pagal savo pageidavimus.<\/p>\n\n\n\n<h3 class=\"wp-block-heading\" style=\"margin-bottom:var(--wp--preset--spacing--h-3-bottom)\"><strong><strong><strong><strong><strong><strong><strong><strong>Nekompromisinis ilgaam\u017ei\u0161kumas<\/strong><\/strong><\/strong><\/strong><\/strong><\/strong><\/strong><\/strong><\/h3>\n\n\n\n<p><strong><em><strong><strong><strong><strong><strong>Ner\u016bdijan\u010dio plieno var\u017etai ir ver\u017el\u0117s<\/strong><\/strong><\/strong><\/strong><\/strong><\/em><\/strong><\/p>\n\n\n\n<p>Serijoje &#8222;Ultra&#8221; svarbi kiekviena detal\u0117. Tod\u0117l visi var\u017etai ir ver\u017el\u0117s gaminami i\u0161 <strong>ner\u016bdijan\u010dio plieno<\/strong>, kad b\u016bt\u0173 u\u017etikrintas bekompromisis patvarumas ir ilgaam\u017ei\u0161kumas.<\/p>\n<\/div>\n<\/div>\n\n\n\n<div class=\"wp-block-columns alignwide mobile-reverse is-layout-flex wp-container-core-columns-is-layout-ca64bf2d wp-block-columns-is-layout-flex\" style=\"margin-bottom:var(--wp--preset--spacing--side-padding)\">\n<div class=\"wp-block-column is-vertically-aligned-center is-layout-flow wp-block-column-is-layout-flow\">\n<h3 class=\"wp-block-heading\"><strong>NESLYSTAN\u010cIOS RANKENOS<\/strong><\/h3>\n\n\n\n<p><strong><em><strong>Saugus ir patikimas su\u0117mimas, u\u017etikrinantis saugum\u0105 ir pasitik\u0117jim\u0105<\/strong><\/em><\/strong><\/p>\n\n\n\n<p style=\"margin-bottom:var(--wp--preset--spacing--tb-section-padding)\">Teikite pirmenyb\u0119 saugumui ir pasitik\u0117jimui su m\u016bs\u0173 <strong>neslystan\u010diomis rankenomis<\/strong>. Jie u\u017etikrina saug\u0173 sukibim\u0105, tod\u0117l treniruo\u010di\u0173 metu suma\u017e\u0117ja nelaiming\u0173 atsitikim\u0173 rizika.<\/p>\n\n\n\n<h3 class=\"wp-block-heading\" style=\"margin-bottom:var(--wp--preset--spacing--h-3-bottom)\"><strong><strong><strong><strong><strong><strong><strong>Patvarios grind\u0173 apsaugos priemon\u0117s<\/strong><\/strong><\/strong><\/strong><\/strong><\/strong><\/strong><\/h3>\n\n\n\n<p><strong><em><strong><strong><strong><strong>Saugokite sporto sal\u0117s grindis<\/strong><\/strong><\/strong><\/strong><\/em><\/strong><\/p>\n\n\n\n<p style=\"margin-bottom:var(--wp--preset--spacing--tb-section-padding)\">M\u016bs\u0173 \u012franga turi <strong>patvarias grind\u0173 apsaugas,<\/strong> kad apsaugot\u0173 j\u016bs\u0173 sporto sal\u0119 nuo pa\u017eeidim\u0173 ir \u012fbr\u0117\u017eim\u0173 net ir intensyvi\u0173 treniruo\u010di\u0173 metu.<\/p>\n\n\n\n<h3 class=\"wp-block-heading\" style=\"margin-bottom:var(--wp--preset--spacing--h-3-bottom)\"><strong><strong><strong><strong><strong>Organizuotas ir efektyvus<\/strong><\/strong><\/strong><\/strong><\/strong><\/h3>\n\n\n\n<p><strong><em><strong><strong><strong><strong><strong><strong><strong><strong>Svorio plok\u0161teli\u0173 laikymo kai\u0161\u010diai<\/strong><\/strong><\/strong><\/strong><\/strong><\/strong><\/strong><\/strong><\/em><\/strong><\/p>\n\n\n\n<p style=\"margin-bottom:var(--wp--preset--spacing--tb-section-padding)\">I\u0161likite organizuoti ir efektyv\u016bs, naudodami <strong>svori\u0173 plok\u0161teli\u0173 laikymo smeigtukus<\/strong>. Laikykite savo l\u0117k\u0161tes ranka pasiekiamas ir supaprastinkite treniruotes.<\/p>\n<\/div>\n\n\n\n<div class=\"wp-block-column is-vertically-aligned-center is-layout-flow wp-block-column-is-layout-flow\">\n<figure class=\"wp-block-video\"><video autoplay=\"\" controls=\"\" loop=\"\" muted=\"\" src=\"https:\/\/evolve-fitness.eu\/wp-content\/uploads\/2023\/12\/1-10.mp4\"><\/video><\/figure>\n<\/div>\n<\/div>\n\n\n\n<div class=\"wp-block-columns alignwide mobile-reverse is-layout-flex wp-container-core-columns-is-layout-ca64bf2d wp-block-columns-is-layout-flex\" style=\"margin-bottom:var(--wp--preset--spacing--side-padding)\">\n<div class=\"wp-block-column is-vertically-aligned-center is-layout-flow wp-block-column-is-layout-flow\">\n<figure class=\"wp-block-image size-large\"><img decoding=\"async\" src=\"https:\/\/evolve-fitness.eu\/wp-content\/uploads\/2023\/12\/A7_06862-1024x683.jpg\" alt=\"\" class=\"wp-image-8192\"\/><\/figure>\n<\/div>\n\n\n\n<div class=\"wp-block-column is-vertically-aligned-center is-layout-flow wp-block-column-is-layout-flow\">\n<h3 class=\"wp-block-heading\" style=\"margin-bottom:var(--wp--preset--spacing--h-3-bottom)\"><strong><strong><strong><strong><strong><strong><strong><strong><strong><strong><strong><strong><strong><strong><strong><strong><strong>Ilgalaik\u0117 apdaila<\/strong><\/strong><\/strong><\/strong><\/strong><\/strong><\/strong><\/strong><\/strong><\/strong><\/strong><\/strong><\/strong><\/strong><\/strong><\/strong><\/strong><\/h3>\n\n\n\n<p><strong><em><strong><strong><strong><strong><strong><strong><em><strong><strong><strong><strong><strong><strong>Termoreaktyvi\u0173j\u0173 milteli\u0173 elektrostatinio pur\u0161kimo technologija<\/strong><\/strong><\/strong><\/strong><\/strong><\/strong><\/em><\/strong><\/strong><\/strong><\/strong><\/strong><\/strong><\/em><\/strong><\/p>\n\n\n\n<p style=\"margin-bottom:var(--wp--preset--spacing--tb-section-padding)\">M\u016bs\u0173 ma\u0161inose \u012fdiegta <strong>termoreaktyvi\u0173j\u0173 milteli\u0173 elektrostatinio pur\u0161kimo technologija<\/strong>, u\u017etikrinanti ilgalaik\u0119 apdail\u0105. \u0160i pa\u017eangi danga ilgainiui i\u0161laiko \u012frangos i\u0161vaizd\u0105.<\/p>\n<\/div>\n<\/div>\n<\/section>\n<\/section>\n\n<p> <\/p>\n","protected":false},"excerpt":{"rendered":"<p>Pagerinkite savo sporto sal\u0119 su &#8222;Evolve Ultra Series&#8221; plok\u0161teli\u0173 pakrautu koj\u0173 presu UL-190. Komercin\u0117ms patalpoms skirtas treniruoklis skirtas viso k\u016bno treniruot\u0117ms, jame yra keturios \u012fmontuotos svori\u0173 plok\u0161\u010di\u0173 laikymo kab\u0117s, kad b\u016bt\u0173 galima greitai keisti pasiprie\u0161inim\u0105. D\u0117l patvaraus plieninio r\u0117mo, apsaugos nuo r\u016bd\u017ei\u0173 ir patogaus dizaino, \u012fskaitant padidint\u0105 kampin\u0119 koj\u0173 atram\u0105 ir neslystan\u010dias rankenas, \u0161is &#8222;Leg Press&#8221; u\u017etikrina maksimal\u0173 stabilum\u0105 ir patogum\u0105. Pritaikykite j\u012f taip, kad atitikt\u0173 j\u016bs\u0173 sporto sal\u0117s prek\u0117s \u017eenklo spalvas. Maksimali 500 kg apkrova, linijiniai guoliai ir 2 met\u0173 garantija &#8211; tai puikus kokyb\u0117s ir ilgaam\u017ei\u0161kumo pasirinkimas.<\/p>\n","protected":false},"featured_media":60880,"template":"","meta":{"_acf_changed":false,"inline_featured_image":false},"product_cat":[117,129,130],"product_tag":[],"class_list":{"0":"post-6696","1":"product","2":"type-product","3":"status-publish","4":"has-post-thumbnail","6":"product_cat-pagrindinis-puslapis","7":"product_cat-laisvu-svoriu-treniruokliai","8":"product_cat-ultra-series-laisvu-svoriu-treniruokliai","10":"first","11":"outofstock","12":"shipping-taxable","13":"purchasable","14":"product-type-simple"},"acf":[],"_links":{"self":[{"href":"https:\/\/store.evolve-fitness.eu\/lt\/wp-json\/wp\/v2\/product\/6696","targetHints":{"allow":["GET"]}}],"collection":[{"href":"https:\/\/store.evolve-fitness.eu\/lt\/wp-json\/wp\/v2\/product"}],"about":[{"href":"https:\/\/store.evolve-fitness.eu\/lt\/wp-json\/wp\/v2\/types\/product"}],"wp:featuredmedia":[{"embeddable":true,"href":"https:\/\/store.evolve-fitness.eu\/lt\/wp-json\/wp\/v2\/media\/60880"}],"wp:attachment":[{"href":"https:\/\/store.evolve-fitness.eu\/lt\/wp-json\/wp\/v2\/media?parent=6696"}],"wp:term":[{"taxonomy":"product_cat","embeddable":true,"href":"https:\/\/store.evolve-fitness.eu\/lt\/wp-json\/wp\/v2\/product_cat?post=6696"},{"taxonomy":"product_tag","embeddable":true,"href":"https:\/\/store.evolve-fitness.eu\/lt\/wp-json\/wp\/v2\/product_tag?post=6696"}],"curies":[{"name":"wp","href":"https:\/\/api.w.org\/{rel}","templated":true}]}}