{"id":6663,"date":"2024-01-30T15:30:56","date_gmt":"2024-01-30T15:30:56","guid":{"rendered":"https:\/\/store.evolve-fitness.eu\/produktas\/evolve-ultra-series-plokstes-pakrautas-peciu-presas\/"},"modified":"2024-12-02T15:08:17","modified_gmt":"2024-12-02T15:08:17","slug":"evolve-ultra-series-plokstes-pakrautas-peciu-presas","status":"publish","type":"product","link":"https:\/\/store.evolve-fitness.eu\/lt\/produktas\/evolve-ultra-series-plokstes-pakrautas-peciu-presas\/","title":{"rendered":"&#8222;Evolve Ultra Series&#8221; plok\u0161t\u0117s pakrautas pe\u010di\u0173 presas"},"content":{"rendered":"\n<section class=\"wp-block-group alignfull black-content has-white-color has-darkgray-background-color has-text-color has-background is-layout-constrained wp-block-group-is-layout-constrained\" style=\"padding-top:var(--wp--preset--spacing--section-bottom);padding-bottom:var(--wp--preset--spacing--section-bottom)\">\n<section class=\"wp-block-group alignfull black-content has-white-color has-darkgray-background-color has-text-color has-background is-layout-constrained wp-block-group-is-layout-constrained\" style=\"padding-top:var(--wp--preset--spacing--section-bottom);padding-bottom:var(--wp--preset--spacing--section-bottom)\">\n<div class=\"wp-block-columns alignwide mobile-reverse is-layout-flex wp-container-core-columns-is-layout-ca64bf2d wp-block-columns-is-layout-flex\" style=\"margin-bottom:var(--wp--preset--spacing--side-padding)\">\n<div class=\"wp-block-column is-vertically-aligned-center is-layout-flow wp-block-column-is-layout-flow\">\n<h3 class=\"wp-block-heading\" style=\"margin-bottom:var(--wp--preset--spacing--h-3-bottom)\"><strong><strong><strong><strong><strong><strong>Tikslinis raumen\u0173 \u012ftraukimas<\/strong><\/strong><\/strong><\/strong><\/strong><\/strong><\/h3>\n\n\n\n<p><strong><em><strong><strong><strong><strong>Tikslin\u0117s raumen\u0173 grup\u0117s<\/strong><\/strong><\/strong><\/strong><\/em><\/strong><\/p>\n\n\n\n<p style=\"margin-bottom:var(--wp--preset--spacing--tb-section-padding)\">&#8222;Evolve Ultra Series&#8221; plok\u0161teli\u0173 pakrauto pe\u010di\u0173 spaudimo treniruoklis skirtas deltiniams raumenims, \u012fdarbinant priekin\u0119 ir \u0161onin\u0119 deltini\u0173 raumen\u0173 galvas bei tricepsus.<\/p>\n\n\n\n<p><strong><em><strong><strong><strong><strong><strong><strong>Efektyvus peties aktyvinimas<\/strong><\/strong><\/strong><\/strong><\/strong><\/strong><\/em><\/strong><\/p>\n\n\n\n<p>\u0160is treniruoklis yra specializuotos konstrukcijos, tod\u0117l tikslingai aktyvuojami pe\u010di\u0173 raumenys, o tai padeda visapusi\u0161kai lavinti pe\u010di\u0173 raumenis ir didinti j\u0173 j\u0117g\u0105.<\/p>\n<\/div>\n\n\n\n<div class=\"wp-block-column is-vertically-aligned-center is-layout-flow wp-block-column-is-layout-flow\">\n<figure class=\"wp-block-video\"><video autoplay=\"\" controls=\"\" loop=\"\" muted=\"\" src=\"https:\/\/evolve-fitness.eu\/wp-content\/uploads\/2024\/03\/EV-PL-UL-030-Evolve-Ultra-Series-Plate-Loaded-Shoulder-Press.mp4\"><\/video><\/figure>\n<\/div>\n<\/div>\n\n\n\n<div class=\"wp-block-columns alignwide mobile-reverse is-layout-flex wp-container-core-columns-is-layout-ca64bf2d wp-block-columns-is-layout-flex\" style=\"margin-bottom:var(--wp--preset--spacing--side-padding)\">\n<div class=\"wp-block-column is-vertically-aligned-center is-layout-flow wp-block-column-is-layout-flow\">\n<figure class=\"wp-block-video\"><video autoplay=\"\" controls=\"\" loop=\"\" muted=\"\" src=\"https:\/\/evolve-fitness.eu\/wp-content\/uploads\/2023\/12\/2-9.mp4\"><\/video><\/figure>\n<\/div>\n\n\n\n<div class=\"wp-block-column is-vertically-aligned-center is-layout-flow wp-block-column-is-layout-flow\">\n<h3 class=\"wp-block-heading\" style=\"margin-bottom:var(--wp--preset--spacing--h-3-bottom)\"><strong><strong><strong><strong><strong>Reguliuojamas pasiprie\u0161inimas<\/strong><\/strong><\/strong><\/strong><\/strong><\/h3>\n\n\n\n<p><strong><strong><strong><em>Pritaikomas treniruo\u010di\u0173 intensyvumas<\/em><\/strong><\/strong><\/strong><\/p>\n\n\n\n<p style=\"margin-bottom:var(--wp--preset--spacing--tb-section-padding)\">Naudotojai gali lengvai reguliuoti pasiprie\u0161inimo lygius, prid\u0117dami arba i\u0161imdami svorio plok\u0161teles, kad treniruot\u0117s b\u016bt\u0173 pritaikytos individualiems treniruo\u010di\u0173 lygiams ir treniruo\u010di\u0173 tikslams. Nesvarbu, ar naudotojai siekia raumen\u0173 i\u0161tverm\u0117s, hipertrofijos, ar j\u0117gos padid\u0117jimo, reguliuojamo pasiprie\u0161inimo funkcija leid\u017eia palaipsniui treniruotis, kad b\u016bt\u0173 patenkinti kintantys fitneso poreikiai.<\/p>\n<\/div>\n<\/div>\n\n\n\n<div class=\"wp-block-columns alignwide mobile-reverse is-layout-flex wp-container-core-columns-is-layout-ca64bf2d wp-block-columns-is-layout-flex\" style=\"margin-bottom:var(--wp--preset--spacing--side-padding)\">\n<div class=\"wp-block-column is-vertically-aligned-center is-layout-flow wp-block-column-is-layout-flow\">\n<h3 class=\"wp-block-heading\"><strong><strong><strong><strong><strong><strong><strong><strong><strong><strong>Ilgaam\u017ei\u0161kumas ir stabilumas<\/strong><\/strong><\/strong><\/strong><\/strong><\/strong><\/strong><\/strong><\/strong><\/strong><\/h3>\n\n\n\n<p><strong><em><strong><strong><strong><strong><strong><strong><strong>Auk\u0161tos kokyb\u0117s konstrukcija<\/strong><\/strong><\/strong><\/strong><\/strong><\/strong><\/strong><\/em><\/strong><\/p>\n\n\n\n<p>I\u0161 patvari\u0173 med\u017eiag\u0173 ir tikslios in\u017einerijos pagamintas &#8222;Evolve Ultra Series&#8221; pe\u010di\u0173 presas su plok\u0161tele u\u017etikrina ilgaam\u017ei\u0161kum\u0105 ir patikimum\u0105, tinka tiek nam\u0173, tiek komercin\u0117ms sporto sal\u0117ms. Tvirtas r\u0117mas u\u017etikrina stabilum\u0105 ir saugum\u0105 per sunkias treniruotes, tod\u0117l naudotojai gali dr\u0105siai ir be kompromis\u0173 atlikti pe\u010di\u0173 pratimus.<\/p>\n\n\n\n<p><\/p>\n\n\n\n<h3 class=\"wp-block-heading\"><strong><strong><strong><strong><strong><strong><strong><strong><strong><strong>Kompakti\u0161kas p\u0117dsakas<\/strong><\/strong><\/strong><\/strong><\/strong><\/strong><\/strong><\/strong><\/strong><\/strong><\/h3>\n\n\n\n<p><strong><em><strong><strong><strong><strong><strong><strong><strong>Optimizuotas erdv\u0117s panaudojimas<\/strong><\/strong><\/strong><\/strong><\/strong><\/strong><\/strong><\/em><\/strong><\/p>\n\n\n\n<p>Nepaisant funkcionalumo, pe\u010di\u0173 presas yra kompakti\u0161kas, tod\u0117l tinka asmenims, turintiems ribot\u0105 treniruo\u010di\u0173 erdv\u0119. Jo supaprastintas dizainas maksimaliai padidina erdv\u0117s efektyvum\u0105 neaukojant funkcionalumo, tod\u0117l treniruoklio erdv\u0117 yra optimizuota, kad b\u016bt\u0173 galima efektyviai treniruoti pe\u010dius.<\/p>\n<\/div>\n\n\n\n<div class=\"wp-block-column is-vertically-aligned-center is-layout-flow wp-block-column-is-layout-flow\">\n<figure class=\"wp-block-image size-large\"><img decoding=\"async\" src=\"https:\/\/evolve-fitness.eu\/wp-content\/uploads\/2023\/09\/A7_08634-683x1024.jpg\" alt=\"EV-PL-UL-030\" class=\"wp-image-166561\"\/><\/figure>\n<\/div>\n<\/div>\n\n\n\n<div class=\"wp-block-columns alignwide mobile-reverse is-layout-flex wp-container-core-columns-is-layout-ca64bf2d wp-block-columns-is-layout-flex\" style=\"margin-bottom:var(--wp--preset--spacing--side-padding)\">\n<div class=\"wp-block-column is-vertically-aligned-center is-layout-flow wp-block-column-is-layout-flow\">\n<figure class=\"wp-block-video\"><video autoplay=\"\" controls=\"\" loop=\"\" muted=\"\" src=\"https:\/\/evolve-fitness.eu\/wp-content\/uploads\/2023\/12\/1-15.mp4\"><\/video><\/figure>\n<\/div>\n\n\n\n<div class=\"wp-block-column is-vertically-aligned-center is-layout-flow wp-block-column-is-layout-flow\">\n<h3 class=\"wp-block-heading\" style=\"margin-bottom:var(--wp--preset--spacing--h-3-bottom)\"><strong><strong><strong><strong><strong>Patogus dizainas<\/strong><\/strong><\/strong><\/strong><\/strong><\/h3>\n\n\n\n<p><strong><em><strong><strong><strong><strong><strong><strong><strong><strong>Reguliuojama s\u0117dyn\u0117 ir atlo\u0161as<\/strong><\/strong><\/strong><\/strong><\/strong><\/strong><\/strong><\/strong><\/em><\/strong><\/p>\n\n\n\n<p style=\"margin-bottom:var(--wp--preset--spacing--tb-section-padding)\">Siekiant u\u017etikrinti patogum\u0105 naudotojui, pe\u010di\u0173 presas turi ergonomi\u0161kas pagalv\u0117les ir rankenas, kurios padeda tinkamai i\u0161lyginti k\u016bn\u0105 ir palaiko treniruo\u010di\u0173 metu. Reguliuojama s\u0117dyn\u0117 ir atlo\u0161as padidina naudotojo patogum\u0105 ir pritaikomum\u0105, suma\u017eina \u012ftamp\u0105 ar diskomfort\u0105 atliekant pe\u010di\u0173 pratimus.<\/p>\n<\/div>\n<\/div>\n<\/section>\n<\/section>\n","protected":false},"excerpt":{"rendered":"<p>Pagerinkite savo sporto sal\u0117s pe\u010di\u0173 treniruotes naudodami &#8222;Evolve Ultra Series&#8221; pe\u010di\u0173 pres\u0105 UL-030. \u0160is \u012frenginys, skirtas komercin\u0117ms patalpoms, pasi\u017eymi ilgaam\u017ei\u0161kumu d\u0117l tvirto plieninio r\u0117mo ir r\u016bdims atsparios technologijos. Jame yra neslystan\u010dios rankenos, vienpusis rank\u0173 jud\u0117jimas ir pritaikomos spalvos, kad atitikt\u0173 j\u016bs\u0173 sporto sal\u0117s prek\u0117s \u017eenkl\u0105. Maksimali 300 kg apkrova ir 2 met\u0173 garantija &#8211; tai saugus ir tvirtas pasirinkimas. Atnaujinkite savo sporto sal\u0117s pe\u010di\u0173 treniruotes naudodami \u0161\u012f auk\u0161tos kokyb\u0117s pe\u010di\u0173 spaudimo treniruokl\u012f.<\/p>\n","protected":false},"featured_media":61635,"template":"","meta":{"_acf_changed":false,"inline_featured_image":false},"product_cat":[117,129,130],"product_tag":[],"class_list":{"0":"post-6663","1":"product","2":"type-product","3":"status-publish","4":"has-post-thumbnail","6":"product_cat-pagrindinis-puslapis","7":"product_cat-laisvu-svoriu-treniruokliai","8":"product_cat-ultra-series-laisvu-svoriu-treniruokliai","10":"first","11":"instock","12":"shipping-taxable","13":"purchasable","14":"product-type-simple"},"acf":[],"_links":{"self":[{"href":"https:\/\/store.evolve-fitness.eu\/lt\/wp-json\/wp\/v2\/product\/6663","targetHints":{"allow":["GET"]}}],"collection":[{"href":"https:\/\/store.evolve-fitness.eu\/lt\/wp-json\/wp\/v2\/product"}],"about":[{"href":"https:\/\/store.evolve-fitness.eu\/lt\/wp-json\/wp\/v2\/types\/product"}],"wp:featuredmedia":[{"embeddable":true,"href":"https:\/\/store.evolve-fitness.eu\/lt\/wp-json\/wp\/v2\/media\/61635"}],"wp:attachment":[{"href":"https:\/\/store.evolve-fitness.eu\/lt\/wp-json\/wp\/v2\/media?parent=6663"}],"wp:term":[{"taxonomy":"product_cat","embeddable":true,"href":"https:\/\/store.evolve-fitness.eu\/lt\/wp-json\/wp\/v2\/product_cat?post=6663"},{"taxonomy":"product_tag","embeddable":true,"href":"https:\/\/store.evolve-fitness.eu\/lt\/wp-json\/wp\/v2\/product_tag?post=6663"}],"curies":[{"name":"wp","href":"https:\/\/api.w.org\/{rel}","templated":true}]}}