{"id":6652,"date":"2024-02-01T11:02:45","date_gmt":"2024-02-01T11:02:45","guid":{"rendered":"https:\/\/store.evolve-fitness.eu\/produktas\/evolve-econ-serijos-plokscias-suoliukas\/"},"modified":"2025-10-09T10:07:23","modified_gmt":"2025-10-09T10:07:23","slug":"evolve-econ-serijos-plokscias-suoliukas","status":"publish","type":"product","link":"https:\/\/store.evolve-fitness.eu\/lt\/produktas\/evolve-econ-serijos-plokscias-suoliukas\/","title":{"rendered":"Evolve Econ Series horizontalus suoliukas (EC-050)"},"content":{"rendered":"\n<section class=\"wp-block-group alignfull black-content has-white-color has-darkgray-background-color has-text-color has-background is-layout-constrained wp-block-group-is-layout-constrained\" style=\"padding-top:var(--wp--preset--spacing--section-bottom);padding-bottom:var(--wp--preset--spacing--section-bottom)\">\n<div class=\"wp-block-columns alignwide mobile-reverse is-layout-flex wp-container-core-columns-is-layout-ca64bf2d wp-block-columns-is-layout-flex\" style=\"margin-bottom:var(--wp--preset--spacing--side-padding)\">\n<div class=\"wp-block-column is-vertically-aligned-center is-layout-flow wp-block-column-is-layout-flow\">\n<h3 class=\"wp-block-heading\" style=\"margin-bottom:var(--wp--preset--spacing--h-3-bottom)\"><strong>Universalus naudingumas<\/strong><\/h3>\n\n\n\n<p><strong><em><strong>Daugelio treniruo\u010di\u0173 pagrindas<\/strong><\/em><\/strong><\/p>\n\n\n\n<p style=\"margin-bottom:var(--wp--preset--spacing--tb-section-padding)\">Evolve Econ Series horizontalus suoliukas yra tvirtas ir patikimas treniruoklis, skirtas \u012fvairiems pratimams su svoriu atlikti. Jis idealiai tinka tokiems pratimams, kaip suolelio spaudimas, hanteli\u0173 rovimas ir \u012fvair\u016bs k\u016bno svorio judesiai, o k\u016brybi\u0161kai naudojant j\u012f galima treniruoti vir\u0161utin\u0117s k\u016bno dalies, \u0161erdies ir net koj\u0173 raumenis. D\u0117l savo paprastumo ir stabilumo tai yra pagrindinis bet kokio fitneso re\u017eimo elementas, tinkantis naudotojams, norintiems stiprinti j\u0117g\u0105 ir raumenis \u012fvairiose k\u016bno srityse.<\/p>\n<\/div>\n\n\n\n<div class=\"wp-block-column is-vertically-aligned-center is-layout-flow wp-block-column-is-layout-flow\">\n<figure class=\"wp-block-video\"><video height=\"574\" style=\"aspect-ratio: 574 \/ 574;\" width=\"574\" autoplay controls loop muted src=\"https:\/\/evolve-fitness.eu\/wp-content\/uploads\/2024\/01\/Evolve-Econ-Series-Flat-Bench-video.mp4\"><\/video><\/figure>\n<\/div>\n<\/div>\n\n\n\n<div class=\"wp-block-columns alignwide is-layout-flex wp-container-core-columns-is-layout-c45ee707 wp-block-columns-is-layout-flex\" style=\"margin-bottom:var(--wp--preset--spacing--side-padding);padding-top:var(--wp--preset--spacing--side-padding)\">\n<div class=\"wp-block-column is-vertically-aligned-center is-layout-flow wp-block-column-is-layout-flow\">\n<figure class=\"wp-block-image size-large\"><img decoding=\"async\" src=\"https:\/\/evolve-fitness.eu\/wp-content\/uploads\/2024\/01\/Evolve-Econ-Series-Flat-Bench-C1-1024x683.jpg\" alt=\"\" class=\"wp-image-10809\"\/><\/figure>\n<\/div>\n\n\n\n<div class=\"wp-block-column is-vertically-aligned-center is-layout-flow wp-block-column-is-layout-flow\">\n<h3 class=\"wp-block-heading\" style=\"margin-bottom:var(--wp--preset--spacing--h-3-bottom)\"><strong>Erdv\u0117s po\u017ei\u016briu efektyvus dizainas<\/strong><\/h3>\n\n\n\n<p><strong><em> <strong>Maksimaliai padidina treniruo\u010di\u0173 erdv\u0119<\/strong><\/em><\/strong><\/p>\n\n\n\n<p>Evolve Econ serijos horizontalus suoliukas sukurtas i\u0161 tvirtos, ilgaam\u017e\u0117s konstrukcijos, u\u017etikrinan\u010dios ilgaam\u017ei\u0161kum\u0105 ir patikimum\u0105, kad j\u012f b\u016bt\u0173 galima ilgai naudoti. Tvirta konstrukcija palaiko grie\u017etas treniruotes, tod\u0117l tai vertingas priedas prie bet kokios treniruo\u010di\u0173 programos tiems, kurie ie\u0161ko patikimo suoliuko.<\/p>\n<\/div>\n<\/div>\n\n\n\n<div class=\"wp-block-columns alignwide is-layout-flex wp-container-core-columns-is-layout-c45ee707 wp-block-columns-is-layout-flex\" style=\"margin-bottom:var(--wp--preset--spacing--side-padding);padding-top:var(--wp--preset--spacing--side-padding)\">\n<div class=\"wp-block-column is-vertically-aligned-center is-layout-flow wp-block-column-is-layout-flow\">\n<h3 class=\"wp-block-heading\" style=\"margin-bottom:var(--wp--preset--spacing--h-3-bottom)\"><strong>Optimalus komfortas<\/strong><\/h3>\n\n\n\n<p><strong><em><strong>Sukurta atsi\u017evelgiant \u012f naudotojo patogum\u0105<\/strong><\/em><\/strong><\/p>\n\n\n\n<p style=\"margin-bottom:var(--wp--preset--spacing--tb-section-padding)\">D\u0117l storo, didelio tankio put\u0173 pamink\u0161tinimo suoliukas treniruo\u010di\u0173 metu suteikia puik\u0173 komfort\u0105, tod\u0117l vartotojai gali susikoncentruoti \u012f savo form\u0105 ir rezultatus, nebla\u0161kydami d\u0117mesio. Jame naudojama auk\u0161tos kokyb\u0117s odos danga, kuri yra patvari ir patogi, u\u017etikrina stabil\u0173 ir neslid\u0173 pavir\u0161i\u0173 \u012fvairiems pratimams atlikti. \u0160i med\u017eiaga u\u017etikrina ilgaam\u017ei\u0161kum\u0105 ir lengv\u0105 prie\u017ei\u016br\u0105, tod\u0117l tinka intensyvi\u0173 treniruo\u010di\u0173 aplinkai.<\/p>\n<\/div>\n\n\n\n<div class=\"wp-block-column is-vertically-aligned-center is-layout-flow wp-block-column-is-layout-flow\">\n<figure class=\"wp-block-image size-large\"><img decoding=\"async\" src=\"https:\/\/evolve-fitness.eu\/wp-content\/uploads\/2024\/01\/Evolve-Econ-Series-Flat-Bench-C2-1024x683.jpg\" alt=\"\" class=\"wp-image-10811\"\/><\/figure>\n<\/div>\n<\/div>\n\n\n\n<div class=\"wp-block-columns alignwide is-layout-flex wp-container-core-columns-is-layout-c45ee707 wp-block-columns-is-layout-flex\" style=\"margin-bottom:var(--wp--preset--spacing--side-padding);padding-top:var(--wp--preset--spacing--side-padding)\">\n<div class=\"wp-block-column is-vertically-aligned-center is-layout-flow wp-block-column-is-layout-flow\">\n<figure class=\"wp-block-image size-large\"><img decoding=\"async\" src=\"https:\/\/evolve-fitness.eu\/wp-content\/uploads\/2024\/01\/Evolve-Econ-Series-Flat-Bench-C3-683x1024.jpg\" alt=\"\" class=\"wp-image-10813\"\/><\/figure>\n<\/div>\n\n\n\n<div class=\"wp-block-column is-vertically-aligned-center is-layout-flow wp-block-column-is-layout-flow\">\n<h3 class=\"wp-block-heading\" style=\"margin-bottom:var(--wp--preset--spacing--h-3-bottom)\"><strong><strong><strong><strong>Lengva prie\u017ei\u016bra<\/strong><\/strong><\/strong><\/strong><\/h3>\n\n\n\n<p><strong><em>Sukurtas patogumui<\/em><\/strong><\/p>\n\n\n\n<p>Eleganti\u0161kas, minimalistinis suolo dizainas ne tik puikiai atrodo, bet j\u012f taip pat lengva valyti ir pri\u017ei\u016br\u0117ti, tod\u0117l jo b\u016bkl\u0117 i\u0161lieka puiki, \u012fdedant nedaug pastang\u0173. Kojos yra su plastikiniais dangteliais, skirtais grind\u0173 dangai apsaugoti nuo \u012fbr\u0117\u017eim\u0173 ir pa\u017eeidim\u0173 naudojimo metu. \u0160i apgalvota funkcija u\u017etikrina, kad suoliuk\u0105 b\u016bt\u0173 galima saugiai naudoti ant \u012fvairi\u0173 pavir\u0161i\u0173, nepakenkiant treniruo\u010di\u0173 erdv\u0117s b\u016bklei.<\/p>\n<\/div>\n<\/div>\n\n\n\n<div class=\"wp-block-columns alignwide is-layout-flex wp-container-core-columns-is-layout-c45ee707 wp-block-columns-is-layout-flex\" style=\"margin-bottom:var(--wp--preset--spacing--side-padding);padding-top:var(--wp--preset--spacing--side-padding)\">\n<div class=\"wp-block-column is-vertically-aligned-center is-layout-flow wp-block-column-is-layout-flow\">\n<h3 class=\"wp-block-heading\" style=\"margin-bottom:var(--wp--preset--spacing--h-3-bottom)\"><strong>Tvirta konstrukcija<\/strong><\/h3>\n\n\n\n<p><strong><strong><em>Sukurtas stabilumui u\u017etikrinti<\/em><\/strong><\/strong><\/p>\n\n\n\n<p style=\"margin-bottom:var(--wp--preset--spacing--tb-section-padding)\">Suoliukas pagamintas i\u0161 auk\u0161tos kokyb\u0117s plieno, tod\u0117l gali b\u016bti naudojamas intensyviai ir yra stabilus pagrindas \u012fvairiems pratimams atlikti, tod\u0117l yra patikima \u012franga bet kuriam fitneso entuziastui. Jis pagamintas d\u0117l savo tvirtumo ir ilgaam\u017ei\u0161kumo, tod\u0117l gali atlaikyti intensyvaus ir nuolatinio naudojimo reikalavimus. D\u0117l to \u0161is suoliukas yra puikus pasirinkimas tiek nam\u0173, tiek komercini\u0173 sporto sali\u0173 aplinkoje, kur svarbiausia &#8211; patikimumas.<\/p>\n<\/div>\n\n\n\n<div class=\"wp-block-column is-vertically-aligned-center is-layout-flow wp-block-column-is-layout-flow\">\n<figure class=\"wp-block-image size-large\"><img decoding=\"async\" src=\"https:\/\/evolve-fitness.eu\/wp-content\/uploads\/2024\/01\/Evolve-Econ-Series-Flat-Bench-C4-683x1024.jpg\" alt=\"\" class=\"wp-image-10815\"\/><\/figure>\n<\/div>\n<\/div>\n<\/section>\n","protected":false},"excerpt":{"rendered":"<p>Evolve Econ serijos horizontalus suoliukas, EC-050, sukurtas ilgaam\u017ei\u0161kumui ir stabilumui, suteikia tvirt\u0105 pagrind\u0105 \u012fvairiems svorio k\u0117limo pratimams. Jos kompakti\u0161kas ir efektyvus dizainas u\u017etikrina, kad jis telpa \u012f bet koki\u0105 treniruo\u010di\u0173 viet\u0105, tod\u0117l jis yra idealus pasirinkimas tiek nam\u0173 sporto sal\u0117ms, tiek komerciniam naudojimui. \u0160is suoliukas sukurtas intensyviems treniruo\u010di\u0173 re\u017eimams, si\u016blydamas tiek komfort\u0105, tiek patikimum\u0105 tiems vartotojams, kurie siekia stiprumo ir fizin\u0117s formos.<\/p>\n","protected":false},"featured_media":6260,"template":"","meta":{"_acf_changed":true,"inline_featured_image":false},"product_cat":[117,132,133],"product_tag":[],"class_list":{"0":"post-6652","1":"product","2":"type-product","3":"status-publish","4":"has-post-thumbnail","6":"product_cat-pagrindinis-puslapis","7":"product_cat-suoliukai","8":"product_cat-econ-serijos-suoliukai","10":"first","11":"instock","12":"shipping-taxable","13":"purchasable","14":"product-type-simple"},"acf":[],"_links":{"self":[{"href":"https:\/\/store.evolve-fitness.eu\/lt\/wp-json\/wp\/v2\/product\/6652","targetHints":{"allow":["GET"]}}],"collection":[{"href":"https:\/\/store.evolve-fitness.eu\/lt\/wp-json\/wp\/v2\/product"}],"about":[{"href":"https:\/\/store.evolve-fitness.eu\/lt\/wp-json\/wp\/v2\/types\/product"}],"wp:featuredmedia":[{"embeddable":true,"href":"https:\/\/store.evolve-fitness.eu\/lt\/wp-json\/wp\/v2\/media\/6260"}],"wp:attachment":[{"href":"https:\/\/store.evolve-fitness.eu\/lt\/wp-json\/wp\/v2\/media?parent=6652"}],"wp:term":[{"taxonomy":"product_cat","embeddable":true,"href":"https:\/\/store.evolve-fitness.eu\/lt\/wp-json\/wp\/v2\/product_cat?post=6652"},{"taxonomy":"product_tag","embeddable":true,"href":"https:\/\/store.evolve-fitness.eu\/lt\/wp-json\/wp\/v2\/product_tag?post=6652"}],"curies":[{"name":"wp","href":"https:\/\/api.w.org\/{rel}","templated":true}]}}