{"id":6584,"date":"2024-02-23T07:35:02","date_gmt":"2024-02-23T07:35:02","guid":{"rendered":"https:\/\/store.evolve-fitness.eu\/produktas\/evolve-tpu-urethane-hanteliu-rinkinys-375-60-kg\/"},"modified":"2025-01-27T07:46:54","modified_gmt":"2025-01-27T07:46:54","slug":"evolve-tpu-urethane-hanteliu-rinkinys-375-60-kg","status":"publish","type":"product","link":"https:\/\/store.evolve-fitness.eu\/lt\/produktas\/evolve-tpu-urethane-hanteliu-rinkinys-375-60-kg\/","title":{"rendered":"&#8222;Evolve TPU Urethane&#8221; hanteli\u0173 rinkinys 37,5 &#8211; 60 kg"},"content":{"rendered":"\n<section class=\"wp-block-group alignfull black-content has-white-color has-darkgray-background-color has-text-color has-background is-layout-constrained wp-block-group-is-layout-constrained\" style=\"padding-top:var(--wp--preset--spacing--section-bottom);padding-bottom:var(--wp--preset--spacing--section-bottom)\">\n<div class=\"wp-block-columns alignwide mobile-reverse is-layout-flex wp-container-core-columns-is-layout-ca64bf2d wp-block-columns-is-layout-flex\" style=\"margin-bottom:var(--wp--preset--spacing--side-padding)\">\n<div class=\"wp-block-column is-vertically-aligned-center is-layout-flow wp-block-column-is-layout-flow\">\n<h3 class=\"wp-block-heading\" style=\"margin-bottom:var(--wp--preset--spacing--h-3-bottom)\"><strong>Kod\u0117l geriausiai tinka uretanas<\/strong><\/h3>\n\n\n\n<p><em><strong>Patikimas sporto sali\u0173 savinink\u0173 pasirinkimas<\/strong><\/em><\/p>\n\n\n\n<p style=\"margin-bottom:var(--wp--preset--spacing--tb-section-padding)\">&#8222;Evolve Urethane&#8221; hanteliai yra geriausias sprendimas sporto sal\u0117s savininkui, ie\u0161kan\u010diam patikimos ir ilgaam\u017e\u0117s \u012frangos. \u0160ie hanteliai pagaminti i\u0161 auk\u0161\u010diausios kokyb\u0117s uretano med\u017eiagos, tod\u0117l jie pasi\u017eymi neprilygstamu patvarumu ir idealiai atitinka komercini\u0173 sporto sali\u0173 reikalavimus. Atsisveikinkite su \u012fbr\u0117\u017eimais, \u012fskilimais ar lupimusi &#8211; \u0161ie hanteliai daugel\u012f met\u0173 i\u0161laiko nepriekai\u0161ting\u0105 i\u0161vaizd\u0105 ir yra ekonomi\u0161kas variantas, tod\u0117l j\u0173 nereikia da\u017enai keisti.<\/p>\n<\/div>\n\n\n\n<div class=\"wp-block-column is-vertically-aligned-center is-layout-flow wp-block-column-is-layout-flow\">\n<figure class=\"wp-block-image alignright size-full is-style-rounded\"><img decoding=\"async\" src=\"https:\/\/evolve-fitness.eu\/wp-content\/uploads\/2023\/08\/8k-Render.png\" alt=\"\" class=\"wp-image-762\"\/><\/figure>\n<\/div>\n<\/div>\n\n\n\n<div class=\"wp-block-columns alignwide is-layout-flex wp-container-core-columns-is-layout-c45ee707 wp-block-columns-is-layout-flex\" style=\"margin-bottom:var(--wp--preset--spacing--side-padding);padding-top:var(--wp--preset--spacing--side-padding)\">\n<div class=\"wp-block-column is-vertically-aligned-center is-layout-flow wp-block-column-is-layout-flow\">\n<figure class=\"wp-block-video\"><video autoplay=\"\" controls=\"\" loop=\"\" muted=\"\" src=\"https:\/\/evolve-fitness.eu\/wp-content\/uploads\/2023\/08\/tvarkyta.mp4\"><\/video><\/figure>\n<\/div>\n\n\n\n<div class=\"wp-block-column is-vertically-aligned-center is-layout-constrained wp-block-column-is-layout-constrained\">\n<h3 class=\"wp-block-heading\" style=\"margin-bottom:var(--wp--preset--spacing--h-3-bottom)\">Pritaikomas ir stilingas<\/h3>\n\n\n\n<p><strong><em><strong><em>Pagerinkite savo sporto sal\u0117s prek\u0117s \u017eenkl\u0105<\/em><\/strong><\/em><\/strong><\/p>\n\n\n\n<p style=\"margin-bottom:var(--wp--preset--spacing--tb-section-padding)\">Be i\u0161skirtinio patvarumo, &#8222;Evolve Urethane&#8221; hanteliai suteikia pritaikymo galimybi\u0173, kad pagerint\u0173 j\u016bs\u0173 sporto sal\u0117s prek\u0117s \u017eenkl\u0105 ir estetik\u0105. Prid\u0117kite savo logotip\u0105 ir pasirinkite pasirinktines spalvas, kad sukurtum\u0117te unikali\u0105 treniruo\u010di\u0173 patirt\u012f, i\u0161skirtum\u0117te savo sporto sal\u0119 i\u0161 konkurent\u0173 ir paliktum\u0117te nei\u0161dildom\u0105 \u012fsp\u016bd\u012f savo nariams.<\/p>\n<\/div>\n<\/div>\n\n\n\n<div class=\"wp-block-columns alignwide is-layout-flex wp-container-core-columns-is-layout-c45ee707 wp-block-columns-is-layout-flex\" style=\"margin-bottom:var(--wp--preset--spacing--side-padding);padding-top:var(--wp--preset--spacing--side-padding)\">\n<div class=\"wp-block-column is-vertically-aligned-center is-layout-flow wp-block-column-is-layout-flow\">\n<h3 class=\"wp-block-heading\" style=\"margin-bottom:var(--wp--preset--spacing--h-3-bottom)\">Lazeriu i\u0161pjauti ir uretanu u\u017epildyti logotipai<\/h3>\n\n\n\n<p><strong><em>Pagerinkite estetik\u0105 nesuma\u017eindami na\u0161umo<\/em><\/strong><\/p>\n\n\n\n<p style=\"margin-bottom:var(--wp--preset--spacing--tb-section-padding)\">Lazeriu i\u0161pjauti logotipai ir patvaraus uretano u\u017epildytos svorio nuorodos &#8211; &#8222;Evolve Urethane Dumbbells&#8221; pasi\u017eymi stilingu, ta\u010diau funkcionaliu dizainu. Naudodami \u0161iuos lengvai \u012fskaitomus \u017eenklus, treniruo\u010di\u0173 metu skland\u017eiai keiskite svorius ir u\u017etikrinkite skland\u0173 treniruo\u010di\u0173 proces\u0105 savo brangiems sporto klubo nariams.<\/p>\n<\/div>\n\n\n\n<div class=\"wp-block-column is-vertically-aligned-center is-layout-flow wp-block-column-is-layout-flow\">\n<div class=\"wp-block-columns is-layout-flex wp-container-core-columns-is-layout-9d6595d7 wp-block-columns-is-layout-flex\">\n<div class=\"wp-block-column is-layout-flow wp-block-column-is-layout-flow\">\n<figure class=\"wp-block-image size-large is-style-rounded\"><img decoding=\"async\" src=\"https:\/\/evolve-fitness.eu\/wp-content\/uploads\/2023\/08\/PXL_20230804_081843655.MP_-795x1024.jpg\" alt=\"\" class=\"wp-image-771\"\/><\/figure>\n<\/div>\n<\/div>\n<\/div>\n<\/div>\n\n\n\n<div class=\"wp-block-columns alignwide is-layout-flex wp-container-core-columns-is-layout-c45ee707 wp-block-columns-is-layout-flex\" style=\"margin-bottom:var(--wp--preset--spacing--side-padding);padding-top:var(--wp--preset--spacing--side-padding)\">\n<div class=\"wp-block-column is-vertically-aligned-center is-layout-flow wp-block-column-is-layout-flow\">\n<figure class=\"wp-block-image size-large\"><img loading=\"lazy\" decoding=\"async\" width=\"1024\" height=\"683\" src=\"https:\/\/store.evolve-fitness.eu\/wp-content\/uploads\/2024\/01\/A7_06107-1024x683.jpg\" alt=\"\" class=\"wp-image-5380\" srcset=\"https:\/\/store.evolve-fitness.eu\/wp-content\/uploads\/2024\/01\/A7_06107-1024x683.jpg 1024w, https:\/\/store.evolve-fitness.eu\/wp-content\/uploads\/2024\/01\/A7_06107-300x200.jpg 300w, https:\/\/store.evolve-fitness.eu\/wp-content\/uploads\/2024\/01\/A7_06107-768x512.jpg 768w, https:\/\/store.evolve-fitness.eu\/wp-content\/uploads\/2024\/01\/A7_06107-1536x1024.jpg 1536w, https:\/\/store.evolve-fitness.eu\/wp-content\/uploads\/2024\/01\/A7_06107-600x400.jpg 600w, https:\/\/store.evolve-fitness.eu\/wp-content\/uploads\/2024\/01\/A7_06107.jpg 1920w\" sizes=\"auto, (max-width: 1024px) 100vw, 1024px\" \/><\/figure>\n<\/div>\n\n\n\n<div class=\"wp-block-column is-vertically-aligned-center is-layout-flow wp-block-column-is-layout-flow\">\n<h3 class=\"wp-block-heading\" style=\"margin-bottom:var(--wp--preset--spacing--h-3-bottom)\">Kietos chromuotos rankenos su \u012fbr\u0117\u017eimais<\/h3>\n\n\n\n<p><strong><em>Ilgalaikis sukibimas<\/em><\/strong><\/p>\n\n\n\n<p>&#8222;Evolve Urethane Dumbbells&#8221; turi kietas chromuotas rankenas, kurios u\u017etikrina saug\u0173 ir ilgalaik\u012f sukibim\u0105 sporto sal\u0117s nariams. Ramentai u\u017etikrina tvirt\u0105 laikym\u0105 net atliekant sunkiausius pratimus, o chromo danga u\u017etikrina eleganti\u0161k\u0105 apdail\u0105 ir i\u0161skirtin\u012f patvarum\u0105. Ma\u017eiau nuvargstant rankoms ir rie\u0161ams, j\u016bs\u0173 nariai gali sutelkti d\u0117mes\u012f \u012f treniruo\u010di\u0173 optimizavim\u0105.<\/p>\n<\/div>\n<\/div>\n\n\n\n<div class=\"wp-block-columns alignwide is-layout-flex wp-container-core-columns-is-layout-c45ee707 wp-block-columns-is-layout-flex\" style=\"margin-bottom:var(--wp--preset--spacing--side-padding);padding-top:var(--wp--preset--spacing--side-padding)\">\n<div class=\"wp-block-column is-vertically-aligned-center is-layout-flow wp-block-column-is-layout-flow\">\n<h3 class=\"wp-block-heading\" style=\"margin-bottom:var(--wp--preset--spacing--h-3-bottom)\">Platus svorio pasirinkimas<\/h3>\n\n\n\n<p><strong><em>Pritaikomas visiems fizinio pasirengimo lygiams<\/em><\/strong><\/p>\n\n\n\n<p style=\"margin-bottom:var(--wp--preset--spacing--tb-section-padding)\">&#8222;Evolve&#8221; uretano hanteliai, kuri\u0173 svoris svyruoja nuo 2 kg iki 60 kg, tinka visiems fizinio pasirengimo lygiams ir atitinka \u012fvairius treniruo\u010di\u0173 poreikius. \u0160i\u0173 hanteli\u0173 svoris didinamas 2 kg arba 2,5 kg \u017eingsniu, tod\u0117l svoris didinamas tiksliai ir palaipsniui, taip u\u017etikrinant skland\u0173 j\u016bs\u0173 nari\u0173 sveikatingumo tobul\u0117jim\u0105.<\/p>\n<\/div>\n\n\n\n<div class=\"wp-block-column is-vertically-aligned-center is-layout-flow wp-block-column-is-layout-flow\">\n<div class=\"wp-block-columns is-layout-flex wp-container-core-columns-is-layout-9d6595d7 wp-block-columns-is-layout-flex\">\n<div class=\"wp-block-column is-layout-flow wp-block-column-is-layout-flow\">\n<figure class=\"wp-block-image size-full is-style-rounded\"><img decoding=\"async\" src=\"https:\/\/evolve-fitness.eu\/wp-content\/uploads\/2023\/08\/TPU-dumbbells-23-2.jpg\" alt=\"\" class=\"wp-image-773\"\/><\/figure>\n<\/div>\n<\/div>\n<\/div>\n<\/div>\n\n\n\n<div class=\"wp-block-columns alignwide is-layout-flex wp-container-core-columns-is-layout-c45ee707 wp-block-columns-is-layout-flex\" style=\"margin-bottom:var(--wp--preset--spacing--side-padding);padding-top:var(--wp--preset--spacing--side-padding)\">\n<div class=\"wp-block-column is-vertically-aligned-center is-layout-flow wp-block-column-is-layout-flow\">\n<figure class=\"wp-block-video\"><video autoplay=\"\" controls=\"\" loop=\"\" muted=\"\" src=\"https:\/\/evolve-fitness.eu\/wp-content\/uploads\/2023\/12\/1-7.mp4\"><\/video><\/figure>\n<\/div>\n\n\n\n<div class=\"wp-block-column is-vertically-aligned-center is-layout-flow wp-block-column-is-layout-flow\">\n<h3 class=\"wp-block-heading\" style=\"margin-bottom:var(--wp--preset--spacing--h-3-bottom)\">Tiksliai i\u0161lietas<\/h3>\n\n\n\n<p><strong><em>Nuoseklus veikimas<\/em><\/strong><\/p>\n\n\n\n<p>&#8222;Evolve&#8221; teikiame pirmenyb\u0119 tiksliam liejimui, kad u\u017etikrintume vienod\u0105 kiekvieno hantelio svor\u012f ir neabejotin\u0105 veikim\u0105. Skirtingai nuo standartini\u0173 hanteli\u0173, kuri\u0173 svoris neatitinka, &#8222;Evolve&#8221; hanteliai yra kruop\u0161\u010diai pagaminti pagal tikslias specifikacijas, tod\u0117l j\u0173 svoris ir poj\u016btis yra pastov\u016bs ir u\u017etikrina didesn\u012f treniruo\u010di\u0173 tikslum\u0105.<\/p>\n<\/div>\n<\/div>\n\n\n\n<div class=\"wp-block-columns alignwide is-layout-flex wp-container-core-columns-is-layout-c45ee707 wp-block-columns-is-layout-flex\" style=\"margin-bottom:var(--wp--preset--spacing--side-padding);padding-top:var(--wp--preset--spacing--side-padding)\">\n<div class=\"wp-block-column is-vertically-aligned-center is-layout-flow wp-block-column-is-layout-flow\">\n<h3 class=\"wp-block-heading\" style=\"margin-bottom:var(--wp--preset--spacing--h-3-bottom)\">Saugumas pirmiausia<\/h3>\n\n\n\n<p><strong><em>Patikima ir saugi treniruo\u010di\u0173 patirtis<\/em><\/strong><\/p>\n\n\n\n<p style=\"margin-bottom:var(--wp--preset--spacing--tb-section-padding)\">Sporto sal\u0117s lankytoj\u0173 saugumas yra labai svarbus, tod\u0117l &#8222;Evolve Urethane&#8221; hanteliai u\u017etikrina ramyb\u0119. \u0160ie hanteliai pagaminti i\u0161 auk\u0161tos kokyb\u0117s, netoksi\u0161kos ir bekvap\u0117s uretano med\u017eiagos, tod\u0117l u\u017etikrina saugi\u0105 ir sveik\u0105 treniruo\u010di\u0173 aplink\u0105. Tvirta j\u0173 konstrukcija suma\u017eina l\u016b\u017eimo ar \u012fskilimo rizik\u0105, tod\u0117l suma\u017e\u0117ja traum\u0173 tikimyb\u0117 intensyvi\u0173 treniruo\u010di\u0173 metu.<\/p>\n<\/div>\n\n\n\n<div class=\"wp-block-column is-vertically-aligned-center is-layout-flow wp-block-column-is-layout-flow\">\n<div class=\"wp-block-columns is-layout-flex wp-container-core-columns-is-layout-9d6595d7 wp-block-columns-is-layout-flex\">\n<div class=\"wp-block-column is-layout-flow wp-block-column-is-layout-flow\">\n<figure class=\"wp-block-image size-full is-style-rounded\"><img decoding=\"async\" src=\"https:\/\/evolve-fitness.eu\/wp-content\/uploads\/2023\/08\/TPU-dumbbells-17-1.jpg\" alt=\"\" class=\"wp-image-744\"\/><\/figure>\n<\/div>\n<\/div>\n<\/div>\n<\/div>\n\n\n\n<div class=\"wp-block-columns alignwide is-layout-flex wp-container-core-columns-is-layout-c45ee707 wp-block-columns-is-layout-flex\" style=\"margin-bottom:var(--wp--preset--spacing--side-padding);padding-top:var(--wp--preset--spacing--side-padding)\">\n<div class=\"wp-block-column is-vertically-aligned-center is-layout-flow wp-block-column-is-layout-flow\">\n<figure class=\"wp-block-image size-large\"><img decoding=\"async\" src=\"https:\/\/evolve-fitness.eu\/wp-content\/uploads\/2023\/08\/Dumbell-Handle-Dimenions-1-1024x703.jpg\" alt=\"EV-DS-TP-12,5-35\" class=\"wp-image-10507\"\/><\/figure>\n<\/div>\n\n\n\n<div class=\"wp-block-column is-vertically-aligned-center is-layout-flow wp-block-column-is-layout-flow\">\n<h3 class=\"wp-block-heading\" style=\"margin-bottom:var(--wp--preset--spacing--h-3-bottom)\">Tiksliai i\u0161lietas<\/h3>\n\n\n\n<p><strong><em>Nuoseklus veikimas<\/em><\/strong><\/p>\n\n\n\n<p>&#8222;Evolve&#8221; teikiame pirmenyb\u0119 tiksliam liejimui, kad u\u017etikrintume vienod\u0105 kiekvieno hantelio svor\u012f ir neabejotin\u0105 veikim\u0105. Skirtingai nuo standartini\u0173 hanteli\u0173, kuri\u0173 svoris neatitinka, &#8222;Evolve&#8221; hanteliai yra kruop\u0161\u010diai pagaminti pagal tikslias specifikacijas, tod\u0117l j\u0173 svoris ir poj\u016btis yra pastov\u016bs ir u\u017etikrina didesn\u012f treniruo\u010di\u0173 tikslum\u0105. &#8222;Evolve TPU Urethane&#8221; hanteli\u0173 rinkinys, kurio svoris svyruoja nuo 2 kg iki 60 kg, pasi\u017eymi auk\u0161tos kokyb\u0117s TPU med\u017eiaga, u\u017etikrinan\u010dia ilgaam\u017ei\u0161kum\u0105, ir kietomis chromuotomis 146 mm ilgio rankenomis, kad b\u016bt\u0173 u\u017etikrintas saugus sukibimas. Jame yra pritaikymo galimybi\u0173, \u012fskaitant lazeriu i\u0161pjautus logotipus ir spalvas sporto sal\u0117s prek\u0117s \u017eenklui. \u0160ie hanteliai, sukurti taip, kad u\u017etikrint\u0173 nuolatin\u012f na\u0161um\u0105 ir saugum\u0105, tinka visiems fizinio pasirengimo lygiams ir puikiai tinka tiek komercin\u0117ms, tiek nam\u0173 treniruot\u0117ms.<\/p>\n<\/div>\n<\/div>\n\n\n\n<div class=\"wp-block-columns alignwide is-layout-flex wp-container-core-columns-is-layout-c45ee707 wp-block-columns-is-layout-flex\" style=\"margin-bottom:var(--wp--preset--spacing--side-padding);padding-top:var(--wp--preset--spacing--side-padding)\">\n<div class=\"wp-block-column is-vertically-aligned-center is-layout-flow wp-block-column-is-layout-flow\">\n<div class=\"wp-block-columns is-layout-flex wp-container-core-columns-is-layout-9d6595d7 wp-block-columns-is-layout-flex\">\n<div class=\"wp-block-column is-layout-flow wp-block-column-is-layout-flow\"><\/div>\n<\/div>\n<\/div>\n<\/div>\n<\/section>\n","protected":false},"excerpt":{"rendered":"<p>Patirkite j\u0117gos ir ilgaam\u017ei\u0161kumo vir\u0161\u016bn\u0119 su &#8222;Evolve TPU&#8221; hanteliais, meistri\u0161kai pagamintais i\u0161 auk\u0161tos kokyb\u0117s TPU med\u017eiagos. \u0160ie hanteliai pasi\u017eymi neprilygstamu ilgaam\u017ei\u0161kumu, tod\u0117l jie yra patikimas pasirinkimas, u\u017etikrinantis ilgalaik\u012f veikim\u0105. &#8222;Evolve TPU&#8221; hanteliai idealiai tinka tiek komercin\u0117ms sporto sal\u0117ms, tiek treniruot\u0117ms namuose, tod\u0117l juos galima saugiai ir patogiai laikyti, u\u017etikrinant saug\u0173 ir veiksming\u0105 treniruo\u010di\u0173 proces\u0105. D\u0117l eleganti\u0161ko dizaino ir tikslaus kalibravimo \u0161ie hanteliai tinka vis\u0173 lygi\u0173 fitneso entuziastams ir si\u016blo \u012fvairias svorio parinktis. Parduodami rinkiniais. 2 x 37,5 kg \/ 40 kg \/ 42,5 kg \/ 45 kg \/ 47,5 kg \/ 50 kg \/ 52,5 kg \/ 55 kg \/ 57,5 kg \/ 60 kg.<\/p>\n","protected":false},"featured_media":93576,"template":"","meta":{"_acf_changed":false,"inline_featured_image":false},"product_cat":[117,127,131],"product_tag":[],"class_list":{"0":"post-6584","1":"product","2":"type-product","3":"status-publish","4":"has-post-thumbnail","6":"product_cat-pagrindinis-puslapis","7":"product_cat-laisvieji-svarmenys","8":"product_cat-hanteliai","10":"first","11":"instock","12":"shipping-taxable","13":"purchasable","14":"product-type-simple"},"acf":[],"_links":{"self":[{"href":"https:\/\/store.evolve-fitness.eu\/lt\/wp-json\/wp\/v2\/product\/6584","targetHints":{"allow":["GET"]}}],"collection":[{"href":"https:\/\/store.evolve-fitness.eu\/lt\/wp-json\/wp\/v2\/product"}],"about":[{"href":"https:\/\/store.evolve-fitness.eu\/lt\/wp-json\/wp\/v2\/types\/product"}],"wp:featuredmedia":[{"embeddable":true,"href":"https:\/\/store.evolve-fitness.eu\/lt\/wp-json\/wp\/v2\/media\/93576"}],"wp:attachment":[{"href":"https:\/\/store.evolve-fitness.eu\/lt\/wp-json\/wp\/v2\/media?parent=6584"}],"wp:term":[{"taxonomy":"product_cat","embeddable":true,"href":"https:\/\/store.evolve-fitness.eu\/lt\/wp-json\/wp\/v2\/product_cat?post=6584"},{"taxonomy":"product_tag","embeddable":true,"href":"https:\/\/store.evolve-fitness.eu\/lt\/wp-json\/wp\/v2\/product_tag?post=6584"}],"curies":[{"name":"wp","href":"https:\/\/api.w.org\/{rel}","templated":true}]}}