{"id":6573,"date":"2024-02-01T07:30:55","date_gmt":"2024-02-01T07:30:55","guid":{"rendered":"https:\/\/store.evolve-fitness.eu\/produktas\/evolve-econ-serijos-reguliuojamas-suolas\/"},"modified":"2026-03-05T12:00:29","modified_gmt":"2026-03-05T12:00:29","slug":"evolve-econ-serijos-reguliuojamas-suolas","status":"publish","type":"product","link":"https:\/\/store.evolve-fitness.eu\/lt\/produktas\/evolve-econ-serijos-reguliuojamas-suolas\/","title":{"rendered":"Evolve Econ Series universalus suoliukas (EC-100)"},"content":{"rendered":"\n<section class=\"wp-block-group alignfull black-content has-white-color has-darkgray-background-color has-text-color has-background is-layout-constrained wp-block-group-is-layout-constrained\" style=\"padding-top:var(--wp--preset--spacing--section-bottom);padding-bottom:var(--wp--preset--spacing--section-bottom)\">\n<div class=\"wp-block-columns alignwide mobile-reverse is-layout-flex wp-container-core-columns-is-layout-ca64bf2d wp-block-columns-is-layout-flex\" style=\"margin-bottom:var(--wp--preset--spacing--side-padding)\">\n<div class=\"wp-block-column is-vertically-aligned-center is-layout-flow wp-block-column-is-layout-flow\">\n<h3 class=\"wp-block-heading\" style=\"margin-bottom:var(--wp--preset--spacing--h-3-bottom)\">Reguliuojami nustatymai<\/h3>\n\n\n\n<p><strong><em><strong>Lankstumas kiekvienai treniruotei<\/strong><\/em><\/strong><\/p>\n\n\n\n<p style=\"margin-bottom:var(--wp--preset--spacing--tb-section-padding)\">\u0160iame suole yra kelios atlo\u0161o ir s\u0117dyn\u0117s pad\u0117tys, tod\u0117l j\u012f galima pritaikyti \u012fvairiems pratimams ir efektyviai treniruoti konkre\u010dias raumen\u0173 grupes.<\/p>\n<\/div>\n\n\n\n<div class=\"wp-block-column is-vertically-aligned-center is-layout-flow wp-block-column-is-layout-flow\">\n<figure class=\"wp-block-video\"><video height=\"1200\" style=\"aspect-ratio: 1600 \/ 1200;\" width=\"1600\" autoplay controls loop muted src=\"https:\/\/evolve-fitness.eu\/wp-content\/uploads\/2024\/01\/Evolve-Econ-Series-Adjustable-Bench-EC-100-V1.mp4\"><\/video><\/figure>\n<\/div>\n<\/div>\n\n\n\n<div class=\"wp-block-columns alignwide is-layout-flex wp-container-core-columns-is-layout-c45ee707 wp-block-columns-is-layout-flex\" style=\"margin-bottom:var(--wp--preset--spacing--side-padding);padding-top:var(--wp--preset--spacing--side-padding)\">\n<div class=\"wp-block-column is-vertically-aligned-center is-layout-flow wp-block-column-is-layout-flow\">\n<figure class=\"wp-block-image size-large\"><img decoding=\"async\" src=\"https:\/\/evolve-fitness.eu\/wp-content\/uploads\/2024\/01\/Evolve-Econ-Series-Adjustable-Bench-EC-100-C3-1024x683.jpg\" alt=\"\" class=\"wp-image-10822\"\/><\/figure>\n<\/div>\n\n\n\n<div class=\"wp-block-column is-vertically-aligned-center is-layout-flow wp-block-column-is-layout-flow\">\n<h3 class=\"wp-block-heading\" style=\"margin-bottom:var(--wp--preset--spacing--h-3-bottom)\"><strong>Patvari sistema<\/strong><\/h3>\n\n\n\n<p><strong><em> <strong>Stabilumas atitinka tvirtum\u0105<\/strong><\/em><\/strong><\/p>\n\n\n\n<p>Pagamintas i\u0161 tvirt\u0173 med\u017eiag\u0173, jis u\u017etikrina ilgalaik\u012f patvarum\u0105 ir stabilum\u0105, padeda naudotojams atlikti intensyvias ir \u012fvairias treniruotes.<\/p>\n<\/div>\n<\/div>\n\n\n\n<div class=\"wp-block-columns alignwide is-layout-flex wp-container-core-columns-is-layout-c45ee707 wp-block-columns-is-layout-flex\" style=\"margin-bottom:var(--wp--preset--spacing--side-padding);padding-top:var(--wp--preset--spacing--side-padding)\">\n<div class=\"wp-block-column is-vertically-aligned-center is-layout-flow wp-block-column-is-layout-flow\">\n<h3 class=\"wp-block-heading\" style=\"margin-bottom:var(--wp--preset--spacing--h-3-bottom)\"><strong>Padidintas komfortas<\/strong><\/h3>\n\n\n\n<p><strong><em>Ergonomi\u0161kas dizainas optimaliam palaikymui<\/em><\/strong><\/p>\n\n\n\n<p style=\"margin-bottom:var(--wp--preset--spacing--tb-section-padding)\">Evolve Econ serijos reguliuojamas suoliukas yra universali treniruokli\u0173 \u012franga, skirta \u012fvairiems pratimams atlikti, tinkama tiek nam\u0173, tiek komercin\u0117ms sporto sal\u0117ms. J\u012f galima reguliuoti, kad b\u016bt\u0173 galima atlikti pratimus su pasvirusiu, \u017eem\u0117jan\u010diu ir plok\u0161\u010diu suolu, tod\u0117l jis puikiai tinka viso k\u016bno treniruot\u0117ms. J\u012f galima naudoti j\u0117gos treniruot\u0117ms, treniruojant kr\u016btin\u0117s, pe\u010di\u0173, nugaros ir \u0161erdies raumenis, atliekant \u012fvairias treniruotes &#8211; nuo suolelio spaudimo iki pratim\u0173 su hanteliais, stiprinant tiek vir\u0161utin\u0117s, tiek apatin\u0117s k\u016bno dalies j\u0117g\u0105.<\/p>\n<\/div>\n\n\n\n<div class=\"wp-block-column is-vertically-aligned-center is-layout-flow wp-block-column-is-layout-flow\">\n<figure class=\"wp-block-image size-large\"><img decoding=\"async\" src=\"https:\/\/evolve-fitness.eu\/wp-content\/uploads\/2024\/01\/Evolve-Econ-Series-Adjustable-Bench-EC-100-C2-1024x683.jpg\" alt=\"\" class=\"wp-image-10824\"\/><\/figure>\n<\/div>\n<\/div>\n\n\n\n<div class=\"wp-block-columns alignwide is-layout-flex wp-container-core-columns-is-layout-c45ee707 wp-block-columns-is-layout-flex\" style=\"margin-bottom:var(--wp--preset--spacing--side-padding);padding-top:var(--wp--preset--spacing--side-padding)\">\n<div class=\"wp-block-column is-vertically-aligned-center is-layout-flow wp-block-column-is-layout-flow\">\n<figure class=\"wp-block-image size-large\"><img decoding=\"async\" src=\"https:\/\/evolve-fitness.eu\/wp-content\/uploads\/2024\/01\/Evolve-Econ-Series-Adjustable-Bench-EC-100-C5-1024x683.jpg\" alt=\"\" class=\"wp-image-10826\"\/><\/figure>\n<\/div>\n\n\n\n<div class=\"wp-block-column is-vertically-aligned-center is-layout-flow wp-block-column-is-layout-flow\">\n<h3 class=\"wp-block-heading\" style=\"margin-bottom:var(--wp--preset--spacing--h-3-bottom)\"><strong><strong><strong><strong>Lengva prie\u017ei\u016bra<\/strong><\/strong><\/strong><\/strong><\/h3>\n\n\n\n<p><strong><em><strong><strong>Paprastumas ir lengvumas<\/strong><\/strong><\/em><\/strong><\/p>\n\n\n\n<p>Evolve Econ serijos reguliuojamame suoliuke yra reguliavimo ratuko mechanizmas, skirtas skland\u017eiai ir lengvai keisti kampus ir pad\u0117tis. Tai leid\u017eia naudotojams greitai perjungti plok\u0161\u010di\u0105, pasvirus\u012f ar nuolyd\u012f, kad b\u016bt\u0173 galima atlikti \u012fvairius pratimus ir veiksmingai bei efektyviai veikti \u012fvairias raumen\u0173 grupes. Suoliuko med\u017eiagos ir konstrukcija palengvina valym\u0105 ir nereikalauja daug prie\u017ei\u016bros, tod\u0117l ilgainiui jis i\u0161lieka puikios b\u016bkl\u0117s.<\/p>\n<\/div>\n<\/div>\n\n\n\n<div class=\"wp-block-columns alignwide is-layout-flex wp-container-core-columns-is-layout-c45ee707 wp-block-columns-is-layout-flex\" style=\"margin-bottom:var(--wp--preset--spacing--side-padding);padding-top:var(--wp--preset--spacing--side-padding)\">\n<div class=\"wp-block-column is-vertically-aligned-center is-layout-flow wp-block-column-is-layout-flow\">\n<h3 class=\"wp-block-heading\" style=\"margin-bottom:var(--wp--preset--spacing--h-3-bottom)\"><strong><strong><strong><strong>Erdv\u0119 taupanti funkcija<\/strong><\/strong><\/strong><\/strong><\/h3>\n\n\n\n<p><strong><em><strong>Idealiai tinka ribotoms erdv\u0117ms<\/strong><\/em><\/strong><\/p>\n\n\n\n<p>Evolve Econ serijos reguliuojamas suolas turi transportavimo ratukus, tod\u0117l j\u012f galima lengviau ir patogiau perkelti. \u0160ie ratukai palengvina suoliuko jud\u0117jim\u0105 treniruo\u010di\u0173 erdv\u0117je, tod\u0117l prireikus suoliuk\u0105 galima lengvai perstatyti ar laikyti, nereikalaujant sunki\u0173 krovini\u0173 k\u0117limo ar dideli\u0173 fizini\u0173 pastang\u0173. \u0160i funkcija ypa\u010d naudinga \u012fvairios paskirties patalpose arba nam\u0173 sporto sal\u0117se, kur \u012frang\u0105 reikia da\u017enai perkelti, kad b\u016bt\u0173 galima u\u017esiimti kita veikla arba atlaisvinti erdv\u0119. Jo konstrukcija leid\u017eia lengvai reguliuoti ir laikyti, tod\u0117l jis puikiai tinka nam\u0173 sporto sal\u0117ms arba patalpoms, kuriose svarbiausia &#8211; efektyvumas.<\/p>\n<\/div>\n\n\n\n<div class=\"wp-block-column is-vertically-aligned-center is-layout-flow wp-block-column-is-layout-flow\">\n<figure class=\"wp-block-video\"><video height=\"1200\" style=\"aspect-ratio: 1600 \/ 1200;\" width=\"1600\" autoplay controls loop muted src=\"https:\/\/evolve-fitness.eu\/wp-content\/uploads\/2024\/01\/Evolve-Econ-Series-Adjustable-Bench-EC-100-V3.mp4\"><\/video><\/figure>\n<\/div>\n<\/div>\n<\/section>\n","protected":false},"excerpt":{"rendered":"<p>volve Econ serijos reguliuojamas suoliukas EC-100 jungia lankstum\u0105 ir patvarum\u0105, si\u016blydamas \u012fvairi\u0173 nuolyd\u017ei\u0173 ir \u012fstri\u017eaini\u0173 nustatym\u0173, kad b\u016bt\u0173 pagerinta j\u016bs\u0173 treniruo\u010di\u0173 \u012fvairov\u0117. Jos tvirtas pagrindas u\u017etikrina stabilum\u0105 intensyvi\u0173 pratim\u0173 metu, tuo tarpu reguliavimo funkcijos leid\u017eia tiksliai \u012ftraukti norimus raumenis. Idealus tiek nam\u0173, tiek komerciniam naudojimui, \u0161i k\u0117d\u0117 yra vertingas papildymas bet kurios treniruo\u010di\u0173 rutinos, skirtos vis\u0173 lygi\u0173 sportininkams, siekiantiems maksimaliai efektyviai treniruotis.<\/p>\n","protected":false},"featured_media":6246,"template":"","meta":{"_acf_changed":true,"inline_featured_image":false},"product_cat":[117,132,133],"product_tag":[],"class_list":{"0":"post-6573","1":"product","2":"type-product","3":"status-publish","4":"has-post-thumbnail","6":"product_cat-pagrindinis-puslapis","7":"product_cat-suoliukai","8":"product_cat-econ-serijos-suoliukai","10":"first","11":"instock","12":"shipping-taxable","13":"purchasable","14":"product-type-simple"},"acf":[],"_links":{"self":[{"href":"https:\/\/store.evolve-fitness.eu\/lt\/wp-json\/wp\/v2\/product\/6573","targetHints":{"allow":["GET"]}}],"collection":[{"href":"https:\/\/store.evolve-fitness.eu\/lt\/wp-json\/wp\/v2\/product"}],"about":[{"href":"https:\/\/store.evolve-fitness.eu\/lt\/wp-json\/wp\/v2\/types\/product"}],"wp:featuredmedia":[{"embeddable":true,"href":"https:\/\/store.evolve-fitness.eu\/lt\/wp-json\/wp\/v2\/media\/6246"}],"wp:attachment":[{"href":"https:\/\/store.evolve-fitness.eu\/lt\/wp-json\/wp\/v2\/media?parent=6573"}],"wp:term":[{"taxonomy":"product_cat","embeddable":true,"href":"https:\/\/store.evolve-fitness.eu\/lt\/wp-json\/wp\/v2\/product_cat?post=6573"},{"taxonomy":"product_tag","embeddable":true,"href":"https:\/\/store.evolve-fitness.eu\/lt\/wp-json\/wp\/v2\/product_tag?post=6573"}],"curies":[{"name":"wp","href":"https:\/\/api.w.org\/{rel}","templated":true}]}}