{"id":6544,"date":"2024-01-30T15:37:45","date_gmt":"2024-01-30T15:37:45","guid":{"rendered":"https:\/\/store.evolve-fitness.eu\/produktas\/evolve-ultra-series-plokstes-pakrauta-krutines-lasta\/"},"modified":"2024-12-02T15:06:35","modified_gmt":"2024-12-02T15:06:35","slug":"evolve-ultra-series-plokstes-pakrauta-krutines-lasta","status":"publish","type":"product","link":"https:\/\/store.evolve-fitness.eu\/lt\/produktas\/evolve-ultra-series-plokstes-pakrauta-krutines-lasta\/","title":{"rendered":"&#8222;Evolve Ultra Series&#8221; plok\u0161t\u0117s pakrauta kr\u016btin\u0117s l\u0105sta"},"content":{"rendered":"\n<section class=\"wp-block-group alignfull black-content has-white-color has-darkgray-background-color has-text-color has-background is-layout-constrained wp-block-group-is-layout-constrained\" style=\"padding-top:var(--wp--preset--spacing--section-bottom);padding-bottom:var(--wp--preset--spacing--section-bottom)\">\n<section class=\"wp-block-group alignfull black-content has-white-color has-darkgray-background-color has-text-color has-background is-layout-constrained wp-block-group-is-layout-constrained\" style=\"padding-top:var(--wp--preset--spacing--section-bottom);padding-bottom:var(--wp--preset--spacing--section-bottom)\">\n<div class=\"wp-block-columns alignwide mobile-reverse is-layout-flex wp-container-core-columns-is-layout-ca64bf2d wp-block-columns-is-layout-flex\" style=\"margin-bottom:var(--wp--preset--spacing--side-padding)\">\n<div class=\"wp-block-column is-vertically-aligned-center is-layout-flow wp-block-column-is-layout-flow\">\n<h3 class=\"wp-block-heading\" style=\"margin-bottom:var(--wp--preset--spacing--h-3-bottom)\"><strong><strong><strong><strong><strong><strong><strong><strong><strong>Tikslinis raumen\u0173 \u012ftraukimas<\/strong><\/strong><\/strong><\/strong><\/strong><\/strong><\/strong><\/strong><\/strong><\/h3>\n\n\n\n<p><strong><em>Tikslin\u0117s raumen\u0173 grup\u0117s<\/em><\/strong><\/p>\n\n\n\n<p>&#8222;Evolve Ultra Series&#8221; kr\u016btin\u0117s spaudimo treniruoklis su plok\u0161tel\u0117mis skirtas kr\u016btin\u0117s raumenims, \u012fskaitant did\u012fj\u012f ir ma\u017e\u0105j\u012f kr\u016btin\u0117s raumenis, deltinius raumenis ir tricepsus, treniruoti. Jo konstrukcija leid\u017eia nat\u016braliai jud\u0117ti, tod\u0117l kiekvienas pakartojimas \u012ftraukia tikslinius raumenis, kad jie efektyviai augt\u0173 ir stipr\u0117t\u0173.<\/p>\n\n\n\n<p><\/p>\n\n\n\n<h3 class=\"wp-block-heading\" style=\"margin-bottom:var(--wp--preset--spacing--h-3-bottom)\"><strong><strong><strong><strong><strong>Patogus dizainas<\/strong><\/strong><\/strong><\/strong><\/strong><\/h3>\n\n\n\n<p><strong><strong><strong><em>Ergonomi\u0161kos pagalv\u0117l\u0117s ir rankenos<\/em><\/strong><\/strong><\/strong><\/p>\n\n\n\n<p style=\"margin-bottom:var(--wp--preset--spacing--tb-section-padding)\">\u0160is kr\u016btin\u0117s presas sukurtas atsi\u017evelgiant \u012f naudotojo patogum\u0105, tod\u0117l jame yra ergonomi\u0161kos pagalv\u0117l\u0117s ir rankenos, u\u017etikrinan\u010dios tinkam\u0105 k\u016bno pad\u0117t\u012f ir atram\u0105. Reguliuojama s\u0117dyn\u0117 ir atlo\u0161as pritaikyti \u012fvairaus dyd\u017eio naudotojams, tod\u0117l treniruo\u010di\u0173 metu suma\u017e\u0117ja rizika \u012fsitempti ar susi\u017eeisti.<\/p>\n<\/div>\n\n\n\n<div class=\"wp-block-column is-vertically-aligned-center is-layout-flow wp-block-column-is-layout-flow\">\n<figure class=\"wp-block-video\"><video autoplay=\"\" controls=\"\" loop=\"\" muted=\"\" src=\"https:\/\/evolve-fitness.eu\/wp-content\/uploads\/2023\/09\/EV-PL-UL-010.mp4\"><\/video><\/figure>\n<\/div>\n<\/div>\n\n\n\n<div class=\"wp-block-columns alignwide mobile-reverse is-layout-flex wp-container-core-columns-is-layout-ca64bf2d wp-block-columns-is-layout-flex\" style=\"margin-bottom:var(--wp--preset--spacing--side-padding)\">\n<div class=\"wp-block-column is-vertically-aligned-center is-layout-flow wp-block-column-is-layout-flow\">\n<figure class=\"wp-block-image size-large\"><img decoding=\"async\" src=\"https:\/\/evolve-fitness.eu\/wp-content\/uploads\/2023\/09\/EV-PL-UL-010-2-683x1024.jpg\" alt=\"EV-PL-UL-010\" class=\"wp-image-166485\"\/><\/figure>\n<\/div>\n\n\n\n<div class=\"wp-block-column is-vertically-aligned-center is-layout-flow wp-block-column-is-layout-flow\">\n<h3 class=\"wp-block-heading\" style=\"margin-bottom:var(--wp--preset--spacing--h-3-bottom)\"><strong><strong><strong><strong><strong><strong><strong><strong><strong>Reguliuojamas pasiprie\u0161inimas<\/strong><\/strong><\/strong><\/strong><\/strong><\/strong><\/strong><\/strong><\/strong><\/h3>\n\n\n\n<p><strong><em>Pritaikomos svorio plok\u0161t\u0117s<\/em><\/strong><\/p>\n\n\n\n<p>Su \u0161iuo treniruokliu galite pritaikyti treniruotes reguliuodami svorio plok\u0161tes. D\u0117l \u0161ios savyb\u0117s treniruoklis tinka \u012fvairaus fizinio pasirengimo lygio ir treniruo\u010di\u0173 tiksl\u0173 naudotojams, nesvarbu, ar siekiate i\u0161tverm\u0117s, ar hipertrofijos, ar j\u0117gos didinimo.<\/p>\n<\/div>\n<\/div>\n\n\n\n<div class=\"wp-block-columns alignwide mobile-reverse is-layout-flex wp-container-core-columns-is-layout-ca64bf2d wp-block-columns-is-layout-flex\" style=\"margin-bottom:var(--wp--preset--spacing--side-padding)\">\n<div class=\"wp-block-column is-vertically-aligned-center is-layout-flow wp-block-column-is-layout-flow\">\n<h3 class=\"wp-block-heading\" style=\"margin-bottom:var(--wp--preset--spacing--h-3-bottom)\"><strong><strong><strong><strong><strong><strong><strong><strong><strong>Ilgaam\u017ei\u0161kumas ir stabilumas<\/strong><\/strong><\/strong><\/strong><\/strong><\/strong><\/strong><\/strong><\/strong><\/h3>\n\n\n\n<p><strong><em>Auk\u0161tos kokyb\u0117s konstrukcija<\/em><\/strong><\/p>\n\n\n\n<p>I\u0161 auk\u0161tos kokyb\u0117s med\u017eiag\u0173 pagamintas &#8222;Evolve Ultra Series&#8221; kr\u016btin\u0117s presas su plok\u0161tel\u0117mis yra patvarus ir stabilus, tod\u0117l tinka tiek nam\u0173, tiek komercin\u0117se sporto sal\u0117se. Tvirtas r\u0117mas u\u017etikrina saugum\u0105 ir patikimum\u0105 intensyvi\u0173 treniruo\u010di\u0173 metu.<\/p>\n<\/div>\n\n\n\n<div class=\"wp-block-column is-vertically-aligned-center is-layout-flow wp-block-column-is-layout-flow\">\n<figure class=\"wp-block-image size-large\"><img decoding=\"async\" src=\"https:\/\/evolve-fitness.eu\/wp-content\/uploads\/2023\/09\/EV-PL-UL-010-1-683x1024.jpg\" alt=\"\" class=\"wp-image-166510\"\/><\/figure>\n<\/div>\n<\/div>\n\n\n\n<div class=\"wp-block-columns alignwide mobile-reverse is-layout-flex wp-container-core-columns-is-layout-ca64bf2d wp-block-columns-is-layout-flex\" style=\"margin-bottom:var(--wp--preset--spacing--side-padding)\">\n<div class=\"wp-block-column is-vertically-aligned-center is-layout-flow wp-block-column-is-layout-flow\">\n<figure class=\"wp-block-image size-large\"><img decoding=\"async\" src=\"https:\/\/evolve-fitness.eu\/wp-content\/uploads\/2023\/09\/EV-PL-UL-010-4-1024x683.jpg\" alt=\"\" class=\"wp-image-166535\"\/><\/figure>\n<\/div>\n\n\n\n<div class=\"wp-block-column is-vertically-aligned-center is-layout-flow wp-block-column-is-layout-flow\">\n<h3 class=\"wp-block-heading\" style=\"margin-bottom:var(--wp--preset--spacing--h-3-bottom)\"><strong><strong><strong><strong><strong><strong><strong><strong>Kompakti\u0161kas p\u0117dsakas<\/strong><\/strong><\/strong><\/strong><\/strong><\/strong><\/strong><\/strong><\/h3>\n\n\n\n<p><strong><em><strong><strong><strong><strong><strong>Erdv\u0119 taupantis dizainas<\/strong><\/strong><\/strong><\/strong><\/strong><\/em><\/strong><\/p>\n\n\n\n<p>Nepaisant funkcionalumo, \u0161is treniruoklis yra kompakti\u0161kas, tod\u0117l tinka ma\u017eoms treniruo\u010di\u0173 erdv\u0117ms. Eleganti\u0161kas dizainas u\u017etikrina maksimal\u0173 efektyvum\u0105 neu\u017eimdamas per daug vietos.<\/p>\n<\/div>\n<\/div>\n<\/section>\n<\/section>\n","protected":false},"excerpt":{"rendered":"<p>Pagerinkite savo sporto sal\u0117s pasi\u016bl\u0105 naudodami &#8222;Evolve Ultra Series&#8221; kr\u016btin\u0117s pres\u0105 UL-010. Komercin\u0117ms treniruokli\u0173 sal\u0117ms skirtas kr\u016btin\u0117s presas turi tvirt\u0105 plienin\u012f r\u0117m\u0105, apsaugot\u0105 nuo r\u016bd\u017ei\u0173, 6 \u012fmontuotus svori\u0173 plok\u0161\u010di\u0173 laikymo kai\u0161\u010dius ir neslystan\u010dias saugias rankenas. Ergonomi\u0161kas dizainas, vienpusis rankos judesys ir pritaikomos spalvos daro j\u012f geriausiu pasirinkimu. Suteikus 2 met\u0173 garantij\u0105, tai idealus papildymas sporto sal\u0117ms, ie\u0161kan\u010dioms patvarios ir auk\u0161tos kokyb\u0117s \u012frangos. Atnaujinkite savo sporto sal\u0117s treniruokli\u0173 \u012frang\u0105 \u0161iuo i\u0161skirtiniu kr\u016btin\u0117s presu.<\/p>\n","protected":false},"featured_media":61605,"template":"","meta":{"_acf_changed":false,"inline_featured_image":false},"product_cat":[117,129,130],"product_tag":[],"class_list":{"0":"post-6544","1":"product","2":"type-product","3":"status-publish","4":"has-post-thumbnail","6":"product_cat-pagrindinis-puslapis","7":"product_cat-laisvu-svoriu-treniruokliai","8":"product_cat-ultra-series-laisvu-svoriu-treniruokliai","10":"first","11":"instock","12":"shipping-taxable","13":"purchasable","14":"product-type-simple"},"acf":[],"_links":{"self":[{"href":"https:\/\/store.evolve-fitness.eu\/lt\/wp-json\/wp\/v2\/product\/6544","targetHints":{"allow":["GET"]}}],"collection":[{"href":"https:\/\/store.evolve-fitness.eu\/lt\/wp-json\/wp\/v2\/product"}],"about":[{"href":"https:\/\/store.evolve-fitness.eu\/lt\/wp-json\/wp\/v2\/types\/product"}],"wp:featuredmedia":[{"embeddable":true,"href":"https:\/\/store.evolve-fitness.eu\/lt\/wp-json\/wp\/v2\/media\/61605"}],"wp:attachment":[{"href":"https:\/\/store.evolve-fitness.eu\/lt\/wp-json\/wp\/v2\/media?parent=6544"}],"wp:term":[{"taxonomy":"product_cat","embeddable":true,"href":"https:\/\/store.evolve-fitness.eu\/lt\/wp-json\/wp\/v2\/product_cat?post=6544"},{"taxonomy":"product_tag","embeddable":true,"href":"https:\/\/store.evolve-fitness.eu\/lt\/wp-json\/wp\/v2\/product_tag?post=6544"}],"curies":[{"name":"wp","href":"https:\/\/api.w.org\/{rel}","templated":true}]}}