{"id":6543,"date":"2024-02-01T07:02:01","date_gmt":"2024-02-01T07:02:01","guid":{"rendered":"https:\/\/store.evolve-fitness.eu\/produktas\/evolve-ultra-series-plokstes-pakrautos-vertikalios-kojos-spaudimas\/"},"modified":"2025-04-04T05:31:07","modified_gmt":"2025-04-04T05:31:07","slug":"evolve-ultra-series-plokstes-pakrautos-vertikalios-kojos-spaudimas","status":"publish","type":"product","link":"https:\/\/store.evolve-fitness.eu\/lt\/produktas\/evolve-ultra-series-plokstes-pakrautos-vertikalios-kojos-spaudimas\/","title":{"rendered":"&#8222;Evolve Ultra Series&#8221; plok\u0161t\u0117s pakrautos vertikalios kojos &#8211; spaudimas"},"content":{"rendered":"\n<section class=\"wp-block-group alignfull black-content has-white-color has-darkgray-background-color has-text-color has-background is-layout-constrained wp-block-group-is-layout-constrained\" style=\"padding-top:var(--wp--preset--spacing--section-bottom);padding-bottom:var(--wp--preset--spacing--section-bottom)\">\n<section class=\"wp-block-group alignfull black-content has-white-color has-darkgray-background-color has-text-color has-background is-layout-constrained wp-block-group-is-layout-constrained\" style=\"margin-bottom:0;padding-top:var(--wp--preset--spacing--tb-padding);padding-bottom:var(--wp--preset--spacing--tb-padding)\">\n<div class=\"wp-block-columns alignwide mobile-reverse is-layout-flex wp-container-core-columns-is-layout-035fa626 wp-block-columns-is-layout-flex\" style=\"margin-bottom:var(--wp--preset--spacing--side-padding);padding-top:var(--wp--preset--spacing--tb-padding);padding-bottom:var(--wp--preset--spacing--tb-padding)\">\n<div class=\"wp-block-column is-vertically-aligned-center is-layout-flow wp-block-column-is-layout-flow\">\n<h3 class=\"wp-block-heading\" style=\"margin-bottom:var(--wp--preset--spacing--h-3-bottom)\"><strong><strong><strong><strong><strong><strong><strong>Tikslinis raumen\u0173 \u012ftraukimas<\/strong><\/strong><\/strong><\/strong><\/strong><\/strong><\/strong><\/h3>\n\n\n\n<p><strong><em><strong><strong><strong><strong><strong>Vienpusis rankos judesys (prieinamas kai kuriose ma\u0161inose)<\/strong><\/strong><\/strong><\/strong><\/strong><\/em><\/strong><\/p>\n\n\n\n<p>&#8222;Evolve Ultra Series&#8221; vertikalusis koj\u0173 presas su plok\u0161tel\u0117mis skirtas visapusi\u0161kai apatin\u0117s k\u016bno dalies treniruotei, daugiausia d\u0117mesio skiriant keturgalviams, \u0161launies raumenims ir s\u0117dmenims. Vertikali jo orientacija leid\u017eia nat\u016braliai ir kontroliuojamai atlikti judesius, tod\u0117l efektyviai veikia \u0161ias pagrindines raumen\u0173 grupes. Reguliuojami pasiprie\u0161inimo lygiai leid\u017eia vartotojams pritaikyti treniruotes pagal savo j\u0117g\u0105 ir fizinio pasirengimo tikslus, tod\u0117l treniruot\u0117s gali b\u016bti pritaikytos \u012fvairaus lygio asmenims. Vertikalusis koj\u0173 spaudimas padeda pagerinti apatin\u0117s k\u016bno dalies j\u0117g\u0105, stabilum\u0105 ir bendr\u0105 funkcij\u0105, nes skatina tinkam\u0105 form\u0105 ir technik\u0105. Ergonomi\u0161kas dizainas u\u017etikrina naudotojo patogum\u0105 ir saugum\u0105, suma\u017eindamas \u012fsitempimo ar susi\u017eeidimo rizik\u0105. Nesvarbu, ar naudotojai siekia auginti raumen\u0173 mas\u0119, didinti j\u0117g\u0105, ar gerinti apatin\u0117s k\u016bno dalies i\u0161tverm\u0119, vertikalusis koj\u0173 presas yra patogus ir efektyvus sprendimas, padedantis pasiekti savo fitneso tikslus.<\/p>\n<\/div>\n\n\n\n<div class=\"wp-block-column is-vertically-aligned-center is-layout-flow wp-block-column-is-layout-flow\">\n<figure class=\"wp-block-video\"><video autoplay=\"\" controls=\"\" loop=\"\" muted=\"\" src=\"https:\/\/evolve-fitness.eu\/wp-content\/uploads\/2024\/03\/EV-PL-UL-430-Evolve-Ultra-Series-Plate-loaded-Vertical-Leg-Press-1.mp4\"><\/video><\/figure>\n<\/div>\n<\/div>\n\n\n\n<div class=\"wp-block-columns alignwide mobile-reverse is-layout-flex wp-container-core-columns-is-layout-7a02faa9 wp-block-columns-is-layout-flex\" style=\"margin-bottom:var(--wp--preset--spacing--tb-section-padding)\">\n<div class=\"wp-block-column is-vertically-aligned-center is-layout-flow wp-block-column-is-layout-flow\">\n<figure class=\"wp-block-image size-large\"><img decoding=\"async\" src=\"https:\/\/evolve-fitness.eu\/wp-content\/uploads\/2023\/11\/EV-PL-UL-430-4-683x1024.jpg\" alt=\"EV-PL-UL-430\" class=\"wp-image-166764\"\/><\/figure>\n<\/div>\n\n\n\n<div class=\"wp-block-column is-vertically-aligned-center is-layout-flow wp-block-column-is-layout-flow\">\n<h3 class=\"wp-block-heading\" style=\"margin-bottom:var(--wp--preset--spacing--h-3-bottom)\"><strong><strong><strong><strong><strong><strong><strong><strong>Patogus dizainas<\/strong><\/strong><\/strong><\/strong><\/strong><\/strong><\/strong><\/strong><\/h3>\n\n\n\n<p><strong><em><strong><strong><strong><strong><strong><strong>Ergonomi\u0161kas pamink\u0161tinimas ir rankenos<\/strong><\/strong><\/strong><\/strong><\/strong><\/strong><\/em><\/strong><\/p>\n\n\n\n<p>S\u0117dimas blauzd\u0173 k\u0117limo treniruoklis, sukurtas atsi\u017evelgiant \u012f naudotoj\u0173 patogum\u0105, turi ergonomi\u0161kas pagalv\u0117les ir rankenas, kurios skatina tinkam\u0105 koj\u0173 pad\u0117t\u012f ir atram\u0105 atliekant pratimus.<\/p>\n<\/div>\n<\/div>\n\n\n\n<div class=\"wp-block-columns alignwide mobile-reverse is-layout-flex wp-container-core-columns-is-layout-7a02faa9 wp-block-columns-is-layout-flex\" style=\"margin-bottom:var(--wp--preset--spacing--tb-section-padding)\">\n<div class=\"wp-block-column is-vertically-aligned-center is-layout-flow wp-block-column-is-layout-flow\">\n<h3 class=\"wp-block-heading\" style=\"margin-bottom:var(--wp--preset--spacing--h-3-bottom)\"><strong><strong><strong><strong><strong><strong><strong><strong><strong>Reguliuojamas pasiprie\u0161inimas<\/strong><\/strong><\/strong><\/strong><\/strong><\/strong><\/strong><\/strong><\/strong><\/h3>\n\n\n\n<p><strong><em><strong><strong><strong><strong><strong><strong>Pritaikomi svorio kaminai<\/strong><\/strong><\/strong><\/strong><\/strong><\/strong><\/em><\/strong><\/p>\n\n\n\n<p>Naudotojai gali lengvai reguliuoti pasiprie\u0161inimo lygius, prid\u0117dami arba i\u0161imdami svorio plok\u0161teles, tod\u0117l treniruot\u0117s gali b\u016bti pritaikytos individualiam blauzd\u0173 stiprumo lygiui ir progresui. Nesvarbu, ar norite padidinti blauzd\u0173 i\u0161tverm\u0119, ar j\u0117g\u0105, reguliuojamo pasiprie\u0161inimo funkcija u\u017etikrina universalum\u0105, kad gal\u0117tum\u0117te prisitaikyti prie \u012fvairi\u0173 treniruo\u010di\u0173 tiksl\u0173.<\/p>\n<\/div>\n\n\n\n<div class=\"wp-block-column is-vertically-aligned-center is-layout-flow wp-block-column-is-layout-flow\">\n<figure class=\"wp-block-image size-large\"><img decoding=\"async\" src=\"https:\/\/evolve-fitness.eu\/wp-content\/uploads\/2023\/11\/EV-PL-UL-430-19-683x1024.jpg\" alt=\"\" class=\"wp-image-166789\"\/><\/figure>\n<\/div>\n<\/div>\n<\/section>\n\n\n\n<section class=\"wp-block-group alignfull black-content has-white-color has-darkgray-background-color has-text-color has-background is-layout-constrained wp-block-group-is-layout-constrained\" style=\"margin-bottom:0;padding-top:var(--wp--preset--spacing--tb-padding);padding-bottom:var(--wp--preset--spacing--tb-padding)\">\n<div class=\"wp-block-columns alignwide mobile-reverse is-layout-flex wp-container-core-columns-is-layout-7a02faa9 wp-block-columns-is-layout-flex\" style=\"margin-bottom:var(--wp--preset--spacing--tb-section-padding)\">\n<div class=\"wp-block-column is-vertically-aligned-center is-layout-flow wp-block-column-is-layout-flow\">\n<figure class=\"wp-block-image size-large\"><img decoding=\"async\" src=\"https:\/\/evolve-fitness.eu\/wp-content\/uploads\/2023\/11\/EV-PL-UL-430-8-1024x683.jpg\" alt=\"EV-PL-UL-430\" class=\"wp-image-166814\"\/><\/figure>\n<\/div>\n\n\n\n<div class=\"wp-block-column is-vertically-aligned-center is-layout-flow wp-block-column-is-layout-flow\">\n<h3 class=\"wp-block-heading\" style=\"margin-bottom:var(--wp--preset--spacing--h-3-bottom)\"><strong><strong><strong><strong><strong><strong><strong><strong><strong>Kompakti\u0161kas p\u0117dsakas<\/strong><\/strong><\/strong><\/strong><\/strong><\/strong><\/strong><\/strong><\/strong><\/h3>\n\n\n\n<p><strong><em><strong><strong><strong><strong><strong><strong>Erdv\u0117s po\u017ei\u016briu efektyvus dizainas<\/strong><\/strong><\/strong><\/strong><\/strong><\/strong><\/em><\/strong><\/p>\n\n\n\n<p>Nepaisant savo funkcionalumo, stovin\u010dio koj\u0173 lenkimo treniruoklio plotas yra nedidelis, tod\u0117l jis tinka asmenims, turintiems ribot\u0105 treniruo\u010di\u0173 erdv\u0119. Jo supaprastintas dizainas maksimaliai padidina erdv\u0117s efektyvum\u0105, nesuma\u017eindamas funkcionalumo, tod\u0117l u\u017etikrinama optimali treniruo\u010di\u0173 zona, skirta veiksmingoms str\u0117n\u0173 raumen\u0173 treniruot\u0117ms.<\/p>\n<\/div>\n<\/div>\n\n\n\n<div class=\"wp-block-columns alignwide mobile-reverse is-layout-flex wp-container-core-columns-is-layout-7a02faa9 wp-block-columns-is-layout-flex\" style=\"margin-bottom:var(--wp--preset--spacing--tb-section-padding)\">\n<div class=\"wp-block-column is-vertically-aligned-center is-layout-flow wp-block-column-is-layout-flow\">\n<h3 class=\"wp-block-heading\" style=\"margin-bottom:var(--wp--preset--spacing--h-3-bottom)\"><strong><strong><strong><strong><strong><strong><strong><strong><strong>Ilgalaik\u0117 apdaila<\/strong><\/strong><\/strong><\/strong><\/strong><\/strong><\/strong><\/strong><\/strong><\/h3>\n\n\n\n<p><strong><em><strong><strong><strong><strong><strong><strong>Termoreaktyvi\u0173j\u0173 milteli\u0173 elektrostatinio pur\u0161kimo technologija<\/strong><\/strong><\/strong><\/strong><\/strong><\/strong><\/em><\/strong><\/p>\n\n\n\n<p>M\u016bs\u0173 ma\u0161inose \u012fdiegta termoreaktyvi\u0173j\u0173 milteli\u0173 elektrostatinio pur\u0161kimo technologija, u\u017etikrinanti ilgalaik\u0119 apdail\u0105. \u0160i pa\u017eangi danga ilgainiui i\u0161laiko \u012frangos i\u0161vaizd\u0105.<\/p>\n<\/div>\n\n\n\n<div class=\"wp-block-column is-vertically-aligned-center is-layout-flow wp-block-column-is-layout-flow\">\n<figure class=\"wp-block-image size-large\"><img decoding=\"async\" src=\"https:\/\/evolve-fitness.eu\/wp-content\/uploads\/2023\/11\/EV-PL-UL-430-7-1024x683.jpg\" alt=\"\" class=\"wp-image-166864\"\/><\/figure>\n<\/div>\n<\/div>\n<\/section>\n<\/section>\n","protected":false},"excerpt":{"rendered":"<p>&#8222;Evolve Ultra Series&#8221; vertikalusis koj\u0173 presas UL-430 yra sporto \u012frangos efektyvumo ir ilgaam\u017ei\u0161kumo vir\u0161\u016bn\u0117. \u0160is modernus treniruoklis sukurtas taip, kad pagerint\u0173 j\u016bs\u0173 treniruot\u0119, nes turi tokias funkcijas kaip svori\u0173 plok\u0161teli\u0173 laikymo kai\u0161\u010diai, u\u017etikrinantys organizuot\u0105 ir lengv\u0105 prieig\u0105 prie svori\u0173. D\u0117l ner\u016bdijan\u010diojo plieno var\u017et\u0173 ir ver\u017eli\u0173, u\u017etikrinan\u010di\u0173 ilgalaik\u012f naudojim\u0105, jo patvarumas yra neprilygstamas. Kad b\u016bt\u0173 patogu ir ilgaam\u017ei\u0161ka, jis pasi\u017eymi auk\u0161\u010diausios kokyb\u0117s, didelio atsparumo poliuretano odos apmu\u0161alais, kurie sujungia prabang\u0105 ir tvirt\u0105 veikim\u0105. &#8222;Econ&#8221; serijos neslystan\u010dios rankenos ir reguliuojama s\u0117d\u0117jimo pad\u0117tis u\u017etikrina saugum\u0105 ir pritaikym\u0105, tod\u0117l galima atlikti \u012fvairius pratimus. D\u0117l ry\u0161kios geltonos spalvos reguliavimo ranken\u0117li\u0173 ir ranken\u0117li\u0173 pritaikymas yra paprastas ir matomas. Be to, \u012frenginyje yra patvarios grind\u0173 apsaugos priemon\u0117s, kad j\u016bs\u0173 sporto sal\u0117 i\u0161likt\u0173 nepriekai\u0161tinga, ir termoreaktyvi\u0173j\u0173 milteli\u0173 elektrostatinio pur\u0161kimo technologija, u\u017etikrinanti ilgalaik\u0119 apdail\u0105. Su 2 met\u0173 garantija ir tokiomis pagrindin\u0117mis savyb\u0117mis kaip storas apmu\u0161alas ir reguliuojamos pad\u0117tys, UL-430 yra b\u016btinas bet kurios treniruokli\u0173 sal\u0117s priedas, suteikiantis ir stiliaus, ir turinio.<\/p>\n","protected":false},"featured_media":6240,"template":"","meta":{"_acf_changed":false,"inline_featured_image":false},"product_cat":[117,129,130],"product_tag":[],"class_list":{"0":"post-6543","1":"product","2":"type-product","3":"status-publish","4":"has-post-thumbnail","6":"product_cat-pagrindinis-puslapis","7":"product_cat-laisvu-svoriu-treniruokliai","8":"product_cat-ultra-series-laisvu-svoriu-treniruokliai","10":"first","11":"instock","12":"shipping-taxable","13":"purchasable","14":"product-type-simple"},"acf":[],"_links":{"self":[{"href":"https:\/\/store.evolve-fitness.eu\/lt\/wp-json\/wp\/v2\/product\/6543","targetHints":{"allow":["GET"]}}],"collection":[{"href":"https:\/\/store.evolve-fitness.eu\/lt\/wp-json\/wp\/v2\/product"}],"about":[{"href":"https:\/\/store.evolve-fitness.eu\/lt\/wp-json\/wp\/v2\/types\/product"}],"wp:featuredmedia":[{"embeddable":true,"href":"https:\/\/store.evolve-fitness.eu\/lt\/wp-json\/wp\/v2\/media\/6240"}],"wp:attachment":[{"href":"https:\/\/store.evolve-fitness.eu\/lt\/wp-json\/wp\/v2\/media?parent=6543"}],"wp:term":[{"taxonomy":"product_cat","embeddable":true,"href":"https:\/\/store.evolve-fitness.eu\/lt\/wp-json\/wp\/v2\/product_cat?post=6543"},{"taxonomy":"product_tag","embeddable":true,"href":"https:\/\/store.evolve-fitness.eu\/lt\/wp-json\/wp\/v2\/product_tag?post=6543"}],"curies":[{"name":"wp","href":"https:\/\/api.w.org\/{rel}","templated":true}]}}