{"id":6541,"date":"2024-02-23T09:35:05","date_gmt":"2024-02-23T09:35:05","guid":{"rendered":"https:\/\/store.evolve-fitness.eu\/produktas\/evolve-ultra-series-cpu-uretano-hanteliu-rinkinys-125-45-kg\/"},"modified":"2025-03-27T07:34:59","modified_gmt":"2025-03-27T07:34:59","slug":"evolve-ultra-series-cpu-uretano-hanteliu-rinkinys-125-45-kg","status":"publish","type":"product","link":"https:\/\/store.evolve-fitness.eu\/lt\/produktas\/evolve-ultra-series-cpu-uretano-hanteliu-rinkinys-125-45-kg\/","title":{"rendered":"&#8222;Evolve Ultra Series CPU Uretano hanteli\u0173 rinkinys 12,5 &#8211; 45 kg"},"content":{"rendered":"\n<section class=\"wp-block-group alignfull black-content has-white-color has-darkgray-background-color has-text-color has-background is-layout-constrained wp-block-group-is-layout-constrained\" style=\"padding-top:var(--wp--preset--spacing--section-bottom);padding-bottom:var(--wp--preset--spacing--section-bottom)\">\n<div class=\"wp-block-columns alignwide mobile-reverse is-layout-flex wp-container-core-columns-is-layout-ca64bf2d wp-block-columns-is-layout-flex\" style=\"margin-bottom:var(--wp--preset--spacing--side-padding)\">\n<div class=\"wp-block-column is-vertically-aligned-center is-layout-flow wp-block-column-is-layout-flow\">\n<h3 class=\"wp-block-heading\" style=\"margin-bottom:var(--wp--preset--spacing--h-3-bottom)\">Pritaikomas ir stilingas<\/h3>\n\n\n\n<p><strong><em><strong><em>Pagerinkite savo sporto sal\u0117s prek\u0117s \u017eenkl\u0105<\/em><\/strong><\/em><\/strong><\/p>\n\n\n\n<p style=\"margin-bottom:var(--wp--preset--spacing--tb-section-padding)\">Be i\u0161skirtinio patvarumo, &#8222;Evolve Urethane&#8221; hanteliai suteikia pritaikymo galimybi\u0173, kad pagerint\u0173 j\u016bs\u0173 sporto sal\u0117s prek\u0117s \u017eenkl\u0105 ir estetik\u0105. Prid\u0117kite savo logotip\u0105 ir pasirinkite pasirinktines spalvas, kad sukurtum\u0117te unikali\u0105 treniruo\u010di\u0173 patirt\u012f, i\u0161skirtum\u0117te savo sporto sal\u0119 i\u0161 konkurent\u0173 ir paliktum\u0117te nei\u0161dildom\u0105 \u012fsp\u016bd\u012f savo nariams.<\/p>\n<\/div>\n\n\n\n<div class=\"wp-block-column is-vertically-aligned-center is-layout-flow wp-block-column-is-layout-flow\">\n<figure class=\"wp-block-video\"><video height=\"682\" style=\"aspect-ratio: 1920 \/ 682;\" width=\"1920\" autoplay=\"\" controls=\"\" loop=\"\" muted=\"\" src=\"https:\/\/evolve-fitness.eu\/wp-content\/uploads\/2024\/01\/EV-DB-CP-10-60-Evolve-Ultra-Series-CPU-Urethane-Dumbbells-3D.mp4\"><\/video><\/figure>\n<\/div>\n<\/div>\n\n\n\n<div class=\"wp-block-columns alignwide is-layout-flex wp-container-core-columns-is-layout-c45ee707 wp-block-columns-is-layout-flex\" style=\"margin-bottom:var(--wp--preset--spacing--side-padding);padding-top:var(--wp--preset--spacing--side-padding)\">\n<div class=\"wp-block-column is-vertically-aligned-center is-layout-flow wp-block-column-is-layout-flow\">\n<figure class=\"wp-block-image size-large\"><img decoding=\"async\" src=\"https:\/\/evolve-fitness.eu\/wp-content\/uploads\/2024\/01\/EV-DB-CP-10-60-Evolve-Ultra-Series-CPU-Urethane-Dumbbells-PNG-Full-3-1024x1024.png\" alt=\"EV-DB-CP-10-60\" class=\"wp-image-10469\"\/><\/figure>\n<\/div>\n\n\n\n<div class=\"wp-block-column is-vertically-aligned-center is-layout-constrained wp-block-column-is-layout-constrained\">\n<h3 class=\"wp-block-heading\" style=\"margin-bottom:var(--wp--preset--spacing--h-3-bottom)\"><strong>Kod\u0117l geriausiai tinka uretanas<\/strong><\/h3>\n\n\n\n<p><em><strong>Patikimas sporto sali\u0173 savinink\u0173 pasirinkimas<\/strong><\/em><\/p>\n\n\n\n<p style=\"margin-bottom:var(--wp--preset--spacing--tb-section-padding)\">&#8222;Evolve Urethane&#8221; hanteliai yra geriausias sprendimas sporto sal\u0117s savininkui, ie\u0161kan\u010diam patikimos ir ilgaam\u017e\u0117s \u012frangos. \u0160ie hanteliai pagaminti i\u0161 auk\u0161\u010diausios kokyb\u0117s uretano med\u017eiagos, tod\u0117l jie pasi\u017eymi neprilygstamu patvarumu ir idealiai atitinka komercini\u0173 sporto sali\u0173 reikalavimus. Atsisveikinkite su \u012fbr\u0117\u017eimais, \u012fskilimais ar lupimusi &#8211; \u0161ie hanteliai daugel\u012f met\u0173 i\u0161laiko nepriekai\u0161ting\u0105 i\u0161vaizd\u0105 ir yra ekonomi\u0161kas variantas, tod\u0117l j\u0173 nereikia da\u017enai keisti.<\/p>\n<\/div>\n<\/div>\n\n\n\n<div class=\"wp-block-columns alignwide is-layout-flex wp-container-core-columns-is-layout-c45ee707 wp-block-columns-is-layout-flex\" style=\"margin-bottom:var(--wp--preset--spacing--side-padding);padding-top:var(--wp--preset--spacing--side-padding)\">\n<div class=\"wp-block-column is-vertically-aligned-center is-layout-flow wp-block-column-is-layout-flow\">\n<h3 class=\"wp-block-heading\" style=\"margin-bottom:var(--wp--preset--spacing--h-3-bottom)\">Tiksliai i\u0161lietas<\/h3>\n\n\n\n<p><strong><em>Nuoseklus veikimas<\/em><\/strong><\/p>\n\n\n\n<p>&#8222;Evolve&#8221; teikiame pirmenyb\u0119 tiksliam liejimui, kad u\u017etikrintume vienod\u0105 kiekvieno hantelio svor\u012f ir neabejotin\u0105 veikim\u0105. Skirtingai nuo standartini\u0173 hanteli\u0173, kuri\u0173 svoris neatitinka, &#8222;Evolve&#8221; hanteliai yra kruop\u0161\u010diai pagaminti pagal tikslias specifikacijas, tod\u0117l j\u0173 svoris ir poj\u016btis yra pastov\u016bs ir u\u017etikrina didesn\u012f treniruo\u010di\u0173 tikslum\u0105.<\/p>\n\n\n\n<h3 class=\"wp-block-heading\" style=\"margin-bottom:var(--wp--preset--spacing--h-3-bottom)\">Platus svorio pasirinkimas<\/h3>\n\n\n\n<p><strong><em>Pritaikomas visiems fizinio pasirengimo lygiams<\/em><\/strong><\/p>\n\n\n\n<p style=\"margin-bottom:var(--wp--preset--spacing--tb-section-padding)\">&#8222;Evolve&#8221; uretano hanteliai, kuri\u0173 svoris svyruoja nuo 10 kg iki 60 kg, tinka visiems fizinio pasirengimo lygiams ir atitinka \u012fvairius treniruo\u010di\u0173 poreikius. \u0160ie hanteliai tiksliai ir palaipsniui didina svor\u012f, taip u\u017etikrindami skland\u0173 j\u016bs\u0173 nari\u0173 fitneso kelioni\u0173 progres\u0105.<\/p>\n<\/div>\n\n\n\n<div class=\"wp-block-column is-vertically-aligned-center is-layout-flow wp-block-column-is-layout-flow\">\n<div class=\"wp-block-columns is-layout-flex wp-container-core-columns-is-layout-9d6595d7 wp-block-columns-is-layout-flex\">\n<div class=\"wp-block-column is-layout-flow wp-block-column-is-layout-flow\">\n<figure class=\"wp-block-image size-large\"><img decoding=\"async\" src=\"https:\/\/evolve-fitness.eu\/wp-content\/uploads\/2024\/01\/EV-DB-CP-10-60-Evolve-Ultra-Series-CPU-Urethane-Dumbbells-PNG-TOP-1-1024x795.png\" alt=\"EV-DB-CP-10-60\" class=\"wp-image-10471\"\/><\/figure>\n<\/div>\n<\/div>\n<\/div>\n<\/div>\n<\/section>\n","protected":false},"excerpt":{"rendered":"<p>Patirkite j\u0117gos treniruo\u010di\u0173 vir\u0161\u016bn\u0119 su &#8222;Evolve Fitness&#8221; &#8222;Ultra Series CPU Urethane&#8221; hanteliais, kuri\u0173 svoris svyruoja nuo 10 iki 60 kg. \u0160ie auk\u0161\u010diausios kokyb\u0117s uretano hanteliai, skirti tiek fitneso entuziastams, tiek profesionaliems sportininkams, pasi\u017eymi neprilygstamu patvarumu ir tiksliu balansu. &#8222;Evolve Ultra Series&#8221; hanteliai pagaminti naudojant unikali\u0105 CPU (sud\u0117tinio poliuretano) formul\u0119, u\u017etikrinan\u010di\u0105 ilgalaik\u012f veikim\u0105 bet kurioje sporto sal\u0117je ar nam\u0173 treniruo\u010di\u0173 aplinkoje. Kiekvienas hantelis yra kruop\u0161\u010diai suprojektuotas taip, kad j\u012f b\u016bt\u0173 galima ergonomi\u0161kai valdyti, tod\u0117l j\u012f patogu ir saugu laikyti kasdien\u0117se j\u0117gos treniruot\u0117se. Atnaujinkite treniruo\u010di\u0173 \u012frang\u0105 naudodami &#8222;Evolve Ultra Series&#8221; hantelius ir perkelkite savo sveikatingumo kelion\u0119 \u012f kit\u0105 lyg\u012f. \u0160ie uretano hanteliai puikiai tinka \u012fvairiems pratimams &#8211; nuo paprast\u0173 svori\u0173 kilnojimo iki sud\u0117tingesni\u0173 treniruo\u010di\u0173 &#8211; ir yra universalus bet kokio fitneso re\u017eimo priedas. &#8222;Evolve Ultra Series CPU Uretano hanteli\u0173 rinkinys &#8211; 2 x 12,5 kg, 15 kg, 17,5 kg, 20 kg, 22,5 kg, 25 kg, 37,5 kg, 40 kg, 42,5 kg, 45 kg.<\/p>\n","protected":false},"featured_media":93551,"template":"","meta":{"_acf_changed":false,"inline_featured_image":false},"product_cat":[117,127,131],"product_tag":[],"class_list":{"0":"post-6541","1":"product","2":"type-product","3":"status-publish","4":"has-post-thumbnail","6":"product_cat-pagrindinis-puslapis","7":"product_cat-laisvieji-svarmenys","8":"product_cat-hanteliai","10":"first","11":"instock","12":"shipping-taxable","13":"purchasable","14":"product-type-simple"},"acf":[],"_links":{"self":[{"href":"https:\/\/store.evolve-fitness.eu\/lt\/wp-json\/wp\/v2\/product\/6541","targetHints":{"allow":["GET"]}}],"collection":[{"href":"https:\/\/store.evolve-fitness.eu\/lt\/wp-json\/wp\/v2\/product"}],"about":[{"href":"https:\/\/store.evolve-fitness.eu\/lt\/wp-json\/wp\/v2\/types\/product"}],"wp:featuredmedia":[{"embeddable":true,"href":"https:\/\/store.evolve-fitness.eu\/lt\/wp-json\/wp\/v2\/media\/93551"}],"wp:attachment":[{"href":"https:\/\/store.evolve-fitness.eu\/lt\/wp-json\/wp\/v2\/media?parent=6541"}],"wp:term":[{"taxonomy":"product_cat","embeddable":true,"href":"https:\/\/store.evolve-fitness.eu\/lt\/wp-json\/wp\/v2\/product_cat?post=6541"},{"taxonomy":"product_tag","embeddable":true,"href":"https:\/\/store.evolve-fitness.eu\/lt\/wp-json\/wp\/v2\/product_tag?post=6541"}],"curies":[{"name":"wp","href":"https:\/\/api.w.org\/{rel}","templated":true}]}}