{"id":63260,"date":"2024-05-24T13:11:56","date_gmt":"2024-05-24T13:11:56","guid":{"rendered":"https:\/\/store.evolve-fitness.eu\/?post_type=product&#038;p=63260"},"modified":"2025-03-27T07:33:56","modified_gmt":"2025-03-27T07:33:56","slug":"evolve-ultra-series-plokstes-pakrauta-t-bar-eilute","status":"publish","type":"product","link":"https:\/\/store.evolve-fitness.eu\/lt\/produktas\/evolve-ultra-series-plokstes-pakrauta-t-bar-eilute\/","title":{"rendered":"&#8222;Evolve Ultra Series&#8221; plok\u0161t\u0117s pakrauta T-Bar eilut\u0117"},"content":{"rendered":"\n<section class=\"wp-block-group alignfull black-content has-white-color has-darkgray-background-color has-text-color has-background is-layout-constrained wp-block-group-is-layout-constrained\" style=\"padding-top:var(--wp--preset--spacing--section-bottom);padding-bottom:var(--wp--preset--spacing--section-bottom)\">\n<section class=\"wp-block-group alignfull black-content has-white-color has-darkgray-background-color has-text-color has-background is-layout-constrained wp-block-group-is-layout-constrained\" style=\"margin-bottom:0;padding-top:var(--wp--preset--spacing--tb-padding);padding-bottom:var(--wp--preset--spacing--tb-padding)\">\n<div class=\"wp-block-columns alignwide mobile-reverse is-layout-flex wp-container-core-columns-is-layout-7a02faa9 wp-block-columns-is-layout-flex\" style=\"margin-bottom:var(--wp--preset--spacing--tb-section-padding)\">\n<div class=\"wp-block-column is-vertically-aligned-center is-layout-flow wp-block-column-is-layout-flow\">\n<h3 class=\"wp-block-heading\" style=\"margin-bottom:var(--wp--preset--spacing--h-3-bottom)\"><strong><strong><strong><strong><strong><strong><strong><strong><strong>Tikslinis raumen\u0173 \u012ftraukimas<\/strong><\/strong><\/strong><\/strong><\/strong><\/strong><\/strong><\/strong><\/strong><\/h3>\n\n\n\n<p><strong><em><strong><strong><strong><strong><strong><strong>Visapusi\u0161kas nugaros ir \u0161erdies aktyvinimas<\/strong><\/strong><\/strong><\/strong><\/strong><\/strong><\/em><\/strong><\/p>\n\n\n\n<p>&#8221; <strong>Evolve Ultra Series&#8221; &#8222;T-Bar Row&#8221; su plok\u0161tele<\/strong> yra meistri\u0161kai sukurta siekiant pagerinti j\u0117gos pratimus, skirtus nugaros, pe\u010di\u0173 ir \u0161erdies raumenims. Ergonomi\u0161kas dizainas ir reguliuojamos funkcijos leid\u017eia naudotojams efektyviai izoliuoti ir \u012ftraukti pagrindines raumen\u0173 grupes. Nuo latissimus dorsi ir rombini\u0173 raumens raumen\u0173 iki trapecini\u0173 ir stuburo raumen\u0173 &#8211; T-Bar Row u\u017etikrina subalansuot\u0105 vir\u0161utin\u0117s ir apatin\u0117s nugaros dalies vystym\u0105si. Be to, d\u0117l pratimo metu atliekam\u0173 stabilizavimo pratim\u0173 suaktyv\u0117ja \u0161erdies raumenys, taip skatinama bendra j\u0117ga ir gerinama laikysena. Nesvarbu, ar tai b\u016bt\u0173 tradiciniai &#8222;T-Bar Rows&#8221; pratimai, ar j\u0173 variantai, pavyzd\u017eiui, atvirk\u0161tin\u0117s rankenos pratimai, \u0161is prietaisas yra b\u016btinas norint pasiekti optimal\u0173 nugaros ir \u0161erdies raumenis.    <\/p>\n<\/div>\n\n\n\n<div class=\"wp-block-column is-vertically-aligned-center is-layout-flow wp-block-column-is-layout-flow\">\n<figure class=\"wp-block-image size-full\"><img decoding=\"async\" src=\"https:\/\/evolve-fitness.eu\/wp-content\/uploads\/2025\/01\/EV-PL-UL-240-Evolve-Ultra-Series-Plate-Loaded-T-Bar-Row.png\" alt=\"EV-PL-UL-240\" class=\"wp-image-170602\"\/><\/figure>\n<\/div>\n<\/div>\n\n\n\n<div class=\"wp-block-columns alignwide mobile-reverse is-layout-flex wp-container-core-columns-is-layout-ca64bf2d wp-block-columns-is-layout-flex\" style=\"margin-bottom:var(--wp--preset--spacing--side-padding)\">\n<div class=\"wp-block-column is-vertically-aligned-center is-layout-flow wp-block-column-is-layout-flow\"><\/div>\n<\/div>\n<\/section>\n<\/section>\n","protected":false},"excerpt":{"rendered":"<p>&#8222;Evolve Ultra Series&#8221; &#8222;T-Bar Row&#8221; (EV-PL-UL-240) yra auk\u0161\u010diausios kokyb\u0117s papildymas bet kurio fitneso entuziasto ar sporto sal\u0117s savininko \u012frangos kolekcijai. Sukurtas naudojant precizi\u0161k\u0105 in\u017einerij\u0105 ir patvarias med\u017eiagas, \u0161is prietaisas suteikia neprilygstam\u0105 j\u0117gos treniruo\u010di\u0173 patirt\u012f. T-Bar Row treniruoklis sukurtas taip, kad pad\u0117t\u0173 lengvai ir efektyviai treniruoti ir vystyti pagrindines raumen\u0173 grupes.  <\/p>\n","protected":false},"featured_media":102064,"template":"","meta":{"_acf_changed":false,"inline_featured_image":false},"product_cat":[117,129,130],"product_tag":[],"class_list":{"0":"post-63260","1":"product","2":"type-product","3":"status-publish","4":"has-post-thumbnail","6":"product_cat-pagrindinis-puslapis","7":"product_cat-laisvu-svoriu-treniruokliai","8":"product_cat-ultra-series-laisvu-svoriu-treniruokliai","10":"first","11":"instock","12":"shipping-taxable","13":"purchasable","14":"product-type-simple"},"acf":[],"_links":{"self":[{"href":"https:\/\/store.evolve-fitness.eu\/lt\/wp-json\/wp\/v2\/product\/63260","targetHints":{"allow":["GET"]}}],"collection":[{"href":"https:\/\/store.evolve-fitness.eu\/lt\/wp-json\/wp\/v2\/product"}],"about":[{"href":"https:\/\/store.evolve-fitness.eu\/lt\/wp-json\/wp\/v2\/types\/product"}],"wp:featuredmedia":[{"embeddable":true,"href":"https:\/\/store.evolve-fitness.eu\/lt\/wp-json\/wp\/v2\/media\/102064"}],"wp:attachment":[{"href":"https:\/\/store.evolve-fitness.eu\/lt\/wp-json\/wp\/v2\/media?parent=63260"}],"wp:term":[{"taxonomy":"product_cat","embeddable":true,"href":"https:\/\/store.evolve-fitness.eu\/lt\/wp-json\/wp\/v2\/product_cat?post=63260"},{"taxonomy":"product_tag","embeddable":true,"href":"https:\/\/store.evolve-fitness.eu\/lt\/wp-json\/wp\/v2\/product_tag?post=63260"}],"curies":[{"name":"wp","href":"https:\/\/api.w.org\/{rel}","templated":true}]}}