{"id":61732,"date":"2024-05-24T08:18:12","date_gmt":"2024-05-24T08:18:12","guid":{"rendered":"https:\/\/store.evolve-fitness.eu\/?post_type=product&#038;p=61732"},"modified":"2024-06-19T22:08:23","modified_gmt":"2024-06-19T22:08:23","slug":"evolve-ultra-series-ploksteliu-pakraunamas-dirzu-burys","status":"publish","type":"product","link":"https:\/\/store.evolve-fitness.eu\/lt\/produktas\/evolve-ultra-series-ploksteliu-pakraunamas-dirzu-burys\/","title":{"rendered":"&#8222;Evolve Ultra Series&#8221; plok\u0161teli\u0173 pakraunamas dir\u017e\u0173 b\u016brys"},"content":{"rendered":"\n<section class=\"wp-block-group alignfull black-content has-white-color has-darkgray-background-color has-text-color has-background is-layout-constrained wp-block-group-is-layout-constrained\" style=\"padding-top:var(--wp--preset--spacing--section-bottom);padding-bottom:var(--wp--preset--spacing--section-bottom)\">\n<h3 class=\"wp-block-heading has-text-align-center\" style=\"padding-top:var(--wp--preset--spacing--section-title-bottom);padding-bottom:var(--wp--preset--spacing--section-title-bottom)\"><strong>\n  <strong>\n    <strong>&#8222;Evolve Ultra Series&#8221; plok\u0161tel\u0117mis apkrautas dir\u017eas<\/strong>\n  <\/strong>\n<\/strong> b\u016brys<\/h3>\n\n\n\n<section class=\"wp-block-group alignfull black-content has-white-color has-darkgray-background-color has-text-color has-background is-layout-constrained wp-block-group-is-layout-constrained\" style=\"margin-bottom:0;padding-top:var(--wp--preset--spacing--tb-padding);padding-bottom:var(--wp--preset--spacing--tb-padding)\">\n<div class=\"wp-block-columns alignwide mobile-reverse is-layout-flex wp-container-core-columns-is-layout-7a02faa9 wp-block-columns-is-layout-flex\" style=\"margin-bottom:var(--wp--preset--spacing--tb-section-padding)\">\n<div class=\"wp-block-column is-vertically-aligned-center is-layout-flow wp-block-column-is-layout-flow\">\n<h3 class=\"wp-block-heading\" style=\"margin-bottom:var(--wp--preset--spacing--h-3-bottom)\"><strong>TIKSLINGAS RAUMEN\u0172 \u012eTRAUKIMAS<\/strong><\/h3>\n\n\n\n<p><strong><em><strong><strong><strong><strong><strong><strong><em><strong>Vienpusis rankos judesys (prieinamas kai kuriose ma\u0161inose)<\/strong><\/em><\/strong><\/strong><\/strong><\/strong><\/strong><\/strong><\/em><\/strong><\/p>\n\n\n\n<p style=\"margin-bottom:var(--wp--preset--spacing--tb-section-padding)\">&#8222;Evolve Ultra Series Plate Loaded Belt&#8221; yra universalus ir b\u016btinas priedas, skirtas svori\u0173 kilnojimo ir pasiprie\u0161inimo treniruo\u010di\u0173 pratimams pagerinti. \u0160is dir\u017eas, pagamintas atsi\u017evelgiant \u012f patvarum\u0105 ir funkcionalum\u0105, suteikia pagrindin\u0119 atram\u0105 ir stabilum\u0105 apatinei nugaros daliai ir \u0161erd\u017eiai sunkum\u0173 k\u0117limo metu. D\u0117l reguliuojamos konstrukcijos ji gali b\u016bti pritaikyta \u012fvairi\u0173 tip\u0173 ir dyd\u017ei\u0173 naudotojams. Skatindamas taisykling\u0105 laikysen\u0105 ir koordinacij\u0105, dir\u017eas padeda suma\u017einti traum\u0173 ir pervargimo rizik\u0105, tod\u0117l naudotojai gali dr\u0105siai ir saugiai kelti didesnius svorius. Atliekant prit\u016bpimus, \u012ft\u016bpstus ar kitus kompleksinius pratimus, &#8222;Evolve Ultra Series Plate Loaded Belt&#8221; dir\u017eas suteikia esmin\u0119 param\u0105, kad maksimaliai padidintum\u0117te j\u0117gos prieaug\u012f ir optimizuotum\u0117te treniruo\u010di\u0173 rezultatus.<\/p>\n\n\n\n<h3 class=\"wp-block-heading\" style=\"margin-bottom:var(--wp--preset--spacing--h-3-bottom)\"><strong>REGULIUOJAMAS PASIPRIE\u0160INIMAS<\/strong><\/h3>\n\n\n\n<p><strong><em><strong>Pritaikomi svorio kaminai<\/strong><\/em><\/strong><\/p>\n\n\n\n<p>Naudotojai gali lengvai reguliuoti pasiprie\u0161inimo lygius, prid\u0117dami arba i\u0161imdami svorio plok\u0161teles, tod\u0117l treniruot\u0117s gali b\u016bti pritaikytos individualiam blauzd\u0173 stiprumo lygiui ir progresui. Nesvarbu, ar norite padidinti blauzd\u0173 i\u0161tverm\u0119, ar j\u0117g\u0105, reguliuojamo pasiprie\u0161inimo funkcija u\u017etikrina universalum\u0105, kad gal\u0117tum\u0117te prisitaikyti prie \u012fvairi\u0173 treniruo\u010di\u0173 tiksl\u0173.<\/p>\n<\/div>\n\n\n\n<div class=\"wp-block-column is-vertically-aligned-center is-layout-flow wp-block-column-is-layout-flow\">\n<figure class=\"wp-block-image size-full is-resized is-style-rounded\"><img loading=\"lazy\" decoding=\"async\" width=\"810\" height=\"810\" src=\"https:\/\/store.evolve-fitness.eu\/wp-content\/uploads\/2024\/05\/Dizainas-be-pavadinimo-41.png\" alt=\"\" class=\"wp-image-61856\" style=\"aspect-ratio:1.1333333333333333;object-fit:cover;width:943px;height:auto\" srcset=\"https:\/\/store.evolve-fitness.eu\/wp-content\/uploads\/2024\/05\/Dizainas-be-pavadinimo-41.png 810w, https:\/\/store.evolve-fitness.eu\/wp-content\/uploads\/2024\/05\/Dizainas-be-pavadinimo-41-300x300.png 300w, https:\/\/store.evolve-fitness.eu\/wp-content\/uploads\/2024\/05\/Dizainas-be-pavadinimo-41-150x150.png 150w, https:\/\/store.evolve-fitness.eu\/wp-content\/uploads\/2024\/05\/Dizainas-be-pavadinimo-41-768x768.png 768w, https:\/\/store.evolve-fitness.eu\/wp-content\/uploads\/2024\/05\/Dizainas-be-pavadinimo-41-600x600.png 600w, https:\/\/store.evolve-fitness.eu\/wp-content\/uploads\/2024\/05\/Dizainas-be-pavadinimo-41-100x100.png 100w\" sizes=\"auto, (max-width: 810px) 100vw, 810px\" \/><\/figure>\n<\/div>\n<\/div>\n\n\n\n<div class=\"wp-block-columns alignwide mobile-reverse is-layout-flex wp-container-core-columns-is-layout-7a02faa9 wp-block-columns-is-layout-flex\" style=\"margin-bottom:var(--wp--preset--spacing--tb-section-padding)\">\n<div class=\"wp-block-column is-vertically-aligned-center is-layout-flow wp-block-column-is-layout-flow\">\n<figure class=\"wp-block-image alignleft size-large is-resized is-style-rounded\"><img loading=\"lazy\" decoding=\"async\" width=\"1024\" height=\"1024\" src=\"https:\/\/store.evolve-fitness.eu\/wp-content\/uploads\/2024\/05\/Dizainas-be-pavadinimo-40-1024x1024.png\" alt=\"\" class=\"wp-image-61831\" style=\"aspect-ratio:1.1333333333333333;object-fit:cover;width:872px;height:auto\" srcset=\"https:\/\/store.evolve-fitness.eu\/wp-content\/uploads\/2024\/05\/Dizainas-be-pavadinimo-40-1024x1024.png 1024w, https:\/\/store.evolve-fitness.eu\/wp-content\/uploads\/2024\/05\/Dizainas-be-pavadinimo-40-300x300.png 300w, https:\/\/store.evolve-fitness.eu\/wp-content\/uploads\/2024\/05\/Dizainas-be-pavadinimo-40-150x150.png 150w, https:\/\/store.evolve-fitness.eu\/wp-content\/uploads\/2024\/05\/Dizainas-be-pavadinimo-40-768x768.png 768w, https:\/\/store.evolve-fitness.eu\/wp-content\/uploads\/2024\/05\/Dizainas-be-pavadinimo-40-600x600.png 600w, https:\/\/store.evolve-fitness.eu\/wp-content\/uploads\/2024\/05\/Dizainas-be-pavadinimo-40-100x100.png 100w, https:\/\/store.evolve-fitness.eu\/wp-content\/uploads\/2024\/05\/Dizainas-be-pavadinimo-40.png 1080w\" sizes=\"auto, (max-width: 1024px) 100vw, 1024px\" \/><\/figure>\n<\/div>\n\n\n\n<div class=\"wp-block-column is-vertically-aligned-center is-layout-flow wp-block-column-is-layout-flow\">\n<h3 class=\"wp-block-heading\" style=\"margin-bottom:var(--wp--preset--spacing--h-3-bottom)\"><strong>PATOGUS DIZAINAS<\/strong><\/h3>\n\n\n\n<p><strong><em><strong><strong><strong><strong><strong><em><strong>Ergonomi\u0161kas pamink\u0161tinimas ir rankenos<\/strong><\/em><\/strong><\/strong><\/strong><\/strong><\/strong><\/em><\/strong><\/p>\n\n\n\n<p style=\"margin-bottom:var(--wp--preset--spacing--tb-section-padding)\">S\u0117dimas blauzd\u0173 k\u0117limo treniruoklis, sukurtas atsi\u017evelgiant \u012f naudotoj\u0173 patogum\u0105, turi ergonomi\u0161kas pagalv\u0117les ir rankenas, kurios skatina tinkam\u0105 koj\u0173 pad\u0117t\u012f ir atram\u0105 atliekant pratimus.<\/p>\n<\/div>\n<\/div>\n\n\n\n<div class=\"wp-block-columns alignwide mobile-reverse is-layout-flex wp-container-core-columns-is-layout-035fa626 wp-block-columns-is-layout-flex\" style=\"margin-bottom:var(--wp--preset--spacing--side-padding);padding-top:var(--wp--preset--spacing--tb-padding);padding-bottom:var(--wp--preset--spacing--tb-padding)\">\n<div class=\"wp-block-column is-vertically-aligned-center is-layout-flow wp-block-column-is-layout-flow\">\n<h3 class=\"wp-block-heading\" style=\"margin-bottom:var(--wp--preset--spacing--h-3-bottom)\"><strong><strong><strong><strong><strong><strong>KOMPAKTI\u0160KAS P\u0116DSAKAS<\/strong><\/strong><\/strong><\/strong><\/strong><\/strong><\/h3>\n\n\n\n<p><strong><em><strong><strong><strong><strong><strong><strong><strong><strong><strong><em><strong>Erdv\u0117s po\u017ei\u016briu efektyvus dizainas<\/strong><\/em><\/strong><\/strong><\/strong><\/strong><\/strong><\/strong><\/strong><\/strong><\/strong><\/em><\/strong><\/p>\n\n\n\n<p style=\"margin-bottom:var(--wp--preset--spacing--tb-section-padding)\">Nepaisant savo funkcionalumo, stovin\u010dio koj\u0173 lenkimo treniruoklio plotas yra nedidelis, tod\u0117l jis tinka asmenims, turintiems ribot\u0105 treniruo\u010di\u0173 erdv\u0119. Optimalus dizainas leid\u017eia maksimaliai i\u0161naudoti erdv\u0119, nesuma\u017eindamas funkcionalumo, tod\u0117l treniruo\u010di\u0173 zona, skirta efektyviam str\u0117n\u0173 raumen\u0173 treniravimui, yra optimali.<\/p>\n\n\n\n<h3 class=\"wp-block-heading\" style=\"margin-bottom:var(--wp--preset--spacing--h-3-bottom)\"><strong><strong><strong><strong><strong><strong><strong><strong><strong>ILGAAM\u017d\u0116 APDAILA<\/strong><\/strong><\/strong><\/strong><\/strong><\/strong><\/strong><\/strong><\/strong><\/h3>\n\n\n\n<p><strong><em><strong><strong><strong><strong><strong><strong><em><strong>Termoreaktyvi\u0173j\u0173 milteli\u0173 elektrostatinio pur\u0161kimo technologija<\/strong><\/em><\/strong><\/strong><\/strong><\/strong><\/strong><\/strong><\/em><\/strong><\/p>\n\n\n\n<p style=\"margin-bottom:var(--wp--preset--spacing--tb-section-padding)\">M\u016bs\u0173 ma\u0161inose \u012fdiegta termoreaktyvi\u0173j\u0173 milteli\u0173 elektrostatinio pur\u0161kimo technologija, u\u017etikrinanti ilgalaik\u0119 apdail\u0105. \u0160i pa\u017eangi danga ilgainiui i\u0161laiko \u012frangos i\u0161vaizd\u0105.<\/p>\n<\/div>\n\n\n\n<div class=\"wp-block-column is-vertically-aligned-center is-layout-flow wp-block-column-is-layout-flow\">\n<figure class=\"wp-block-image size-full is-resized is-style-rounded\"><img loading=\"lazy\" decoding=\"async\" width=\"945\" height=\"945\" src=\"https:\/\/store.evolve-fitness.eu\/wp-content\/uploads\/2024\/05\/Dizainas-be-pavadinimo-42.png\" alt=\"\" class=\"wp-image-61882\" style=\"object-fit:cover;width:680px;height:600px\" srcset=\"https:\/\/store.evolve-fitness.eu\/wp-content\/uploads\/2024\/05\/Dizainas-be-pavadinimo-42.png 945w, https:\/\/store.evolve-fitness.eu\/wp-content\/uploads\/2024\/05\/Dizainas-be-pavadinimo-42-300x300.png 300w, https:\/\/store.evolve-fitness.eu\/wp-content\/uploads\/2024\/05\/Dizainas-be-pavadinimo-42-150x150.png 150w, https:\/\/store.evolve-fitness.eu\/wp-content\/uploads\/2024\/05\/Dizainas-be-pavadinimo-42-768x768.png 768w, https:\/\/store.evolve-fitness.eu\/wp-content\/uploads\/2024\/05\/Dizainas-be-pavadinimo-42-600x600.png 600w, https:\/\/store.evolve-fitness.eu\/wp-content\/uploads\/2024\/05\/Dizainas-be-pavadinimo-42-100x100.png 100w\" sizes=\"auto, (max-width: 945px) 100vw, 945px\" \/><\/figure>\n<\/div>\n<\/div>\n<\/section>\n<\/section>\n\n<p><\/p>\n","protected":false},"excerpt":{"rendered":"<p>Pagerinkite savo sporto sal\u0119 naudodami &#8222;Evolve Ultra Series Plate Loaded Hack Squat&#8221; (UL-360) &#8211; auk\u0161\u010diausios kokyb\u0117s ir ilgalaikio na\u0161umo derin\u012f. \u0160is treniruoklis, pagamintas i\u0161 tvirtos PU odos apmu\u0161al\u0173, suteikia i\u0161skirtin\u012f komfort\u0105 ir eleganti\u0161k\u0105, patvari\u0105 apdail\u0105, u\u017etikrinan\u010di\u0105 prabang\u0105 ir ilgaam\u017ei\u0161kum\u0105 treniruo\u010di\u0173 metu. Naudojant termoreaktyvi\u0173j\u0173 milteli\u0173 elektrostatinio pur\u0161kimo technologij\u0105, UL-360 u\u017etikrina ilgalaik\u0119, vizualiai patraukli\u0105 apdail\u0105. Naujovi\u0161ko dizaino krep\u0161yje yra patvarios grind\u0173 apsaugos, kad b\u016bt\u0173 apsaugotos sporto sal\u0117s grindys, ir smeigtukai, kad b\u016bt\u0173 patogu laikyti svorio plok\u0161tes, ir taip skatinama organizuota treniruo\u010di\u0173 erdv\u0117. D\u0117l ner\u016bdijan\u010dio plieno var\u017et\u0173 ir ver\u017eli\u0173, kuriais sutvirtinama konstrukcija, \u0161i \u012franga yra bekompromisi\u0161kai ilgaam\u017e\u0117. Idealiai tinka fitneso entuziastams, ie\u0161kantiems auk\u0161\u010diausio lygio, atsparaus &#8222;Hack Squat&#8221; treniruoklio. 291 kg sverian\u010diam &#8222;UL-360&#8221; suteikiama 2 met\u0173 garantija ir tokios technin\u0117s savyb\u0117s kaip stori PU odos apmu\u0161alai ir efektyvi svorio plok\u0161\u010di\u0173 laikymo vieta, tod\u0117l jis yra i\u0161skirtinis pasirinkimas bet kuriai sporto salei.<\/p>\n","protected":false},"featured_media":61921,"template":"","meta":{"_acf_changed":false,"inline_featured_image":false},"product_cat":[117,129,130],"product_tag":[],"class_list":{"0":"post-61732","1":"product","2":"type-product","3":"status-publish","4":"has-post-thumbnail","6":"product_cat-pagrindinis-puslapis","7":"product_cat-laisvu-svoriu-treniruokliai","8":"product_cat-ultra-series-laisvu-svoriu-treniruokliai","10":"first","11":"outofstock","12":"shipping-taxable","13":"purchasable","14":"product-type-simple"},"acf":[],"_links":{"self":[{"href":"https:\/\/store.evolve-fitness.eu\/lt\/wp-json\/wp\/v2\/product\/61732","targetHints":{"allow":["GET"]}}],"collection":[{"href":"https:\/\/store.evolve-fitness.eu\/lt\/wp-json\/wp\/v2\/product"}],"about":[{"href":"https:\/\/store.evolve-fitness.eu\/lt\/wp-json\/wp\/v2\/types\/product"}],"wp:featuredmedia":[{"embeddable":true,"href":"https:\/\/store.evolve-fitness.eu\/lt\/wp-json\/wp\/v2\/media\/61921"}],"wp:attachment":[{"href":"https:\/\/store.evolve-fitness.eu\/lt\/wp-json\/wp\/v2\/media?parent=61732"}],"wp:term":[{"taxonomy":"product_cat","embeddable":true,"href":"https:\/\/store.evolve-fitness.eu\/lt\/wp-json\/wp\/v2\/product_cat?post=61732"},{"taxonomy":"product_tag","embeddable":true,"href":"https:\/\/store.evolve-fitness.eu\/lt\/wp-json\/wp\/v2\/product_tag?post=61732"}],"curies":[{"name":"wp","href":"https:\/\/api.w.org\/{rel}","templated":true}]}}