{"id":148471,"date":"2026-02-13T12:20:31","date_gmt":"2026-02-13T12:20:31","guid":{"rendered":"https:\/\/store.evolve-fitness.eu\/?post_type=product&#038;p=148471"},"modified":"2026-02-14T12:03:31","modified_gmt":"2026-02-14T12:03:31","slug":"evolve-bazine-plokste-110-cm-bp-110-copy","status":"publish","type":"product","link":"https:\/\/store.evolve-fitness.eu\/lt\/produktas\/evolve-bazine-plokste-110-cm-bp-110-copy\/","title":{"rendered":"&#8222;Evolve&#8221; bazin\u0117 plok\u0161t\u0117 &#8211; 110 cm (BP-110) (Copy)"},"content":{"rendered":"","protected":false},"excerpt":{"rendered":"<p>&#8222;Evolve Base Plate&#8221; &#8211; 110 cm &#8211; tai tvirtas konstrukcinis pagrindas, skirtas u\u017etikrinti maksimal\u0173 stabilum\u0105 ir i\u0161lyginim\u0105 jungiant du stovus su 110 cm i\u0161traukimo juosta arba daugiafunkcine sija. Pagaminta i\u0161 auk\u0161tos kokyb\u0117s plieno, ji u\u017etikrina tvirt\u0105 ir saug\u0173 sujungim\u0105, kuris padidina bendr\u0105 treniruo\u010di\u0173 konstrukcijos standum\u0105 ir saugum\u0105. Pagrindo plok\u0161t\u0117 suma\u017eina r\u0117mo jud\u0117jim\u0105 atliekant dinaminius pratimus, pavyzd\u017eiui, prisitraukimus, raumen\u0173 pak\u0117limus ar treniruotes su pakaba. Sukurta modulin\u0117ms konfig\u016bracijoms, &#8222;Evolve&#8221; bazin\u0117 plok\u0161t\u0117 &#8211; 110 cm u\u017etikrina i\u0161skirtin\u012f patvarum\u0105 ir patikimum\u0105, tod\u0117l ji yra b\u016btinas profesionali\u0173 treniruokli\u0173 sali\u0173 ir na\u0161umo treniruo\u010di\u0173 sistem\u0173 komponentas.   <\/p>\n<p>\n","protected":false},"featured_media":148515,"template":"","meta":{"_acf_changed":false,"inline_featured_image":false},"product_cat":[143,215],"product_tag":[],"class_list":{"0":"post-148471","1":"product","2":"type-product","3":"status-publish","4":"has-post-thumbnail","6":"product_cat-irangos-komponentai","7":"product_cat-pagrindines-dalys","9":"first","10":"instock","11":"shipping-taxable","12":"purchasable","13":"product-type-simple"},"acf":[],"_links":{"self":[{"href":"https:\/\/store.evolve-fitness.eu\/lt\/wp-json\/wp\/v2\/product\/148471","targetHints":{"allow":["GET"]}}],"collection":[{"href":"https:\/\/store.evolve-fitness.eu\/lt\/wp-json\/wp\/v2\/product"}],"about":[{"href":"https:\/\/store.evolve-fitness.eu\/lt\/wp-json\/wp\/v2\/types\/product"}],"wp:featuredmedia":[{"embeddable":true,"href":"https:\/\/store.evolve-fitness.eu\/lt\/wp-json\/wp\/v2\/media\/148515"}],"wp:attachment":[{"href":"https:\/\/store.evolve-fitness.eu\/lt\/wp-json\/wp\/v2\/media?parent=148471"}],"wp:term":[{"taxonomy":"product_cat","embeddable":true,"href":"https:\/\/store.evolve-fitness.eu\/lt\/wp-json\/wp\/v2\/product_cat?post=148471"},{"taxonomy":"product_tag","embeddable":true,"href":"https:\/\/store.evolve-fitness.eu\/lt\/wp-json\/wp\/v2\/product_tag?post=148471"}],"curies":[{"name":"wp","href":"https:\/\/api.w.org\/{rel}","templated":true}]}}