{"id":148413,"date":"2025-09-19T07:46:58","date_gmt":"2025-09-19T07:46:58","guid":{"rendered":"https:\/\/store.evolve-fitness.eu\/product\/evolve-econ-serijos-begimo-takelis-su-215-colio-pultu-ir-48-nuolydziu-225-tft\/"},"modified":"2026-04-22T12:01:21","modified_gmt":"2026-04-22T12:01:21","slug":"evolve-econ-serijos-begimo-takelis-su-215-colio-pultu-ir-48-nuolydziu-225-tft","status":"publish","type":"product","link":"https:\/\/store.evolve-fitness.eu\/lt\/produktas\/evolve-econ-serijos-begimo-takelis-su-215-colio-pultu-ir-48-nuolydziu-225-tft\/","title":{"rendered":"&#8222;Evolve Econ&#8221; serijos b\u0117gimo takelis su 21,5 colio pultu ir 48 % nuolyd\u017eiu (225-TFT)"},"content":{"rendered":"\n<section class=\"wp-block-group alignfull black-content has-white-color has-darkgray-background-color has-text-color has-background is-layout-constrained wp-block-group-is-layout-constrained\" style=\"padding-top:var(--wp--preset--spacing--section-bottom);padding-bottom:var(--wp--preset--spacing--section-bottom)\">\n<div class=\"wp-block-columns alignwide is-layout-flex wp-container-core-columns-is-layout-c45ee707 wp-block-columns-is-layout-flex\" style=\"margin-bottom:var(--wp--preset--spacing--side-padding);padding-top:var(--wp--preset--spacing--side-padding)\">\n<div class=\"wp-block-column is-vertically-aligned-center is-layout-flow wp-block-column-is-layout-flow\">\n<h3 class=\"wp-block-heading\" style=\"margin-bottom:var(--wp--preset--spacing--h-3-bottom)\"><strong>GALINGAS IR PATIKIMAS VEIKIMAS  <\/strong><\/h3>\n\n\n\n<p>EV-TM-HT-225-TFT turi nuolatin\u0117s srov\u0117s varikl\u012f, kurio nuolatin\u0117 galia siekia 2,5 AG, o did\u017eiausia galia &#8211; iki 4 AG. 1-20 km\/val. grei\u010dio diapazonas leid\u017eia pritaikyti treniruotes nuo lengvo \u0117jimo iki intensyvaus b\u0117gimo, u\u017etikrinant skland\u0173, stabil\u0173 ir pastov\u0173 veikim\u0105 kiekvienos treniruot\u0117s metu. <\/p>\n<\/div>\n\n\n\n<div class=\"wp-block-column is-vertically-aligned-center is-layout-flow wp-block-column-is-layout-flow\">\n<figure class=\"wp-block-image size-large\"><img loading=\"lazy\" decoding=\"async\" width=\"1024\" height=\"1024\" src=\"https:\/\/store.evolve-fitness.eu\/wp-content\/uploads\/2025\/09\/225-TFT-4-1-1024x1024.png\" alt=\"\" class=\"wp-image-148226\" srcset=\"https:\/\/store.evolve-fitness.eu\/wp-content\/uploads\/2025\/09\/225-TFT-4-1-1024x1024.png 1024w, https:\/\/store.evolve-fitness.eu\/wp-content\/uploads\/2025\/09\/225-TFT-4-1-300x300.png 300w, https:\/\/store.evolve-fitness.eu\/wp-content\/uploads\/2025\/09\/225-TFT-4-1-150x150.png 150w, https:\/\/store.evolve-fitness.eu\/wp-content\/uploads\/2025\/09\/225-TFT-4-1-768x768.png 768w, https:\/\/store.evolve-fitness.eu\/wp-content\/uploads\/2025\/09\/225-TFT-4-1-1536x1536.png 1536w, https:\/\/store.evolve-fitness.eu\/wp-content\/uploads\/2025\/09\/225-TFT-4-1-2048x2048.png 2048w, https:\/\/store.evolve-fitness.eu\/wp-content\/uploads\/2025\/09\/225-TFT-4-1-600x600.png 600w, https:\/\/store.evolve-fitness.eu\/wp-content\/uploads\/2025\/09\/225-TFT-4-1-100x100.png 100w\" sizes=\"auto, (max-width: 1024px) 100vw, 1024px\" \/><\/figure>\n<\/div>\n<\/div>\n\n\n\n<div class=\"wp-block-columns alignwide mobile-reverse is-layout-flex wp-container-core-columns-is-layout-ca64bf2d wp-block-columns-is-layout-flex\" style=\"margin-bottom:var(--wp--preset--spacing--side-padding)\">\n<div class=\"wp-block-column is-vertically-aligned-center is-layout-flow wp-block-column-is-layout-flow\">\n<figure class=\"wp-block-gallery has-nested-images columns-default is-cropped wp-block-gallery-1 is-layout-flex wp-block-gallery-is-layout-flex\">\n<figure class=\"wp-block-image size-large\"><img loading=\"lazy\" decoding=\"async\" width=\"1024\" height=\"1024\" data-id=\"148228\" src=\"https:\/\/store.evolve-fitness.eu\/wp-content\/uploads\/2025\/09\/225-TFT-1-1-1024x1024.png\" alt=\"\" class=\"wp-image-148228\" srcset=\"https:\/\/store.evolve-fitness.eu\/wp-content\/uploads\/2025\/09\/225-TFT-1-1-1024x1024.png 1024w, https:\/\/store.evolve-fitness.eu\/wp-content\/uploads\/2025\/09\/225-TFT-1-1-300x300.png 300w, https:\/\/store.evolve-fitness.eu\/wp-content\/uploads\/2025\/09\/225-TFT-1-1-150x150.png 150w, https:\/\/store.evolve-fitness.eu\/wp-content\/uploads\/2025\/09\/225-TFT-1-1-768x768.png 768w, https:\/\/store.evolve-fitness.eu\/wp-content\/uploads\/2025\/09\/225-TFT-1-1-1536x1536.png 1536w, https:\/\/store.evolve-fitness.eu\/wp-content\/uploads\/2025\/09\/225-TFT-1-1-2048x2048.png 2048w, https:\/\/store.evolve-fitness.eu\/wp-content\/uploads\/2025\/09\/225-TFT-1-1-600x600.png 600w, https:\/\/store.evolve-fitness.eu\/wp-content\/uploads\/2025\/09\/225-TFT-1-1-100x100.png 100w\" sizes=\"auto, (max-width: 1024px) 100vw, 1024px\" \/><\/figure>\n<\/figure>\n<\/div>\n\n\n\n<div class=\"wp-block-column is-vertically-aligned-center is-layout-flow wp-block-column-is-layout-flow\">\n<h3 class=\"wp-block-heading\" style=\"margin-bottom:var(--wp--preset--spacing--h-3-bottom)\"><strong><strong>PLATUS NUOLYD\u017dIO DIAPAZONAS INTENSYVIOMS TRENIRUOT\u0116MS<\/strong><\/strong><\/h3>\n\n\n\n<p>Automatinis nuolydis nuo -6 % iki 48 % leid\u017eia imituoti b\u0117gim\u0105 tiek \u012f kaln\u0105, tiek \u012f stat\u0173 kaln\u0105. Toks platus diapazonas padeda gerokai padidinti treniruo\u010di\u0173 intensyvum\u0105, pagerinti i\u0161tverm\u0119 ir \u012ftraukti daugiau raumen\u0173 grupi\u0173. <\/p>\n<\/div>\n<\/div>\n\n\n\n<div class=\"wp-block-columns alignwide mobile-reverse is-layout-flex wp-container-core-columns-is-layout-ca64bf2d wp-block-columns-is-layout-flex\" style=\"margin-bottom:var(--wp--preset--spacing--side-padding)\">\n<div class=\"wp-block-column is-vertically-aligned-center is-layout-flow wp-block-column-is-layout-flow\">\n<h3 class=\"wp-block-heading\" style=\"margin-bottom:var(--wp--preset--spacing--h-3-bottom)\">PATOGI IR SAUGI B\u0116GIMO ZONA<\/h3>\n\n\n\n<p>1420 \u00d7 520 mm b\u0117gimo pavir\u0161ius kartu su pa\u017eangia amortizacijos sistema u\u017etikrina komfort\u0105 ir ma\u017eesn\u012f poveik\u012f s\u0105nariams treniruo\u010di\u0173 metu. Tvirtas r\u0117mas ir maksimalus 150 kg naudotojo svoris u\u017etikrina puik\u0173 stabilum\u0105 net per didelio intensyvumo treniruotes. <\/p>\n<\/div>\n\n\n\n<div class=\"wp-block-column is-vertically-aligned-center is-layout-flow wp-block-column-is-layout-flow\">\n<figure class=\"wp-block-image size-large\"><img loading=\"lazy\" decoding=\"async\" width=\"1024\" height=\"1024\" src=\"https:\/\/store.evolve-fitness.eu\/wp-content\/uploads\/2025\/09\/225-TFT-3-3-1024x1024.png\" alt=\"\" class=\"wp-image-148229\" srcset=\"https:\/\/store.evolve-fitness.eu\/wp-content\/uploads\/2025\/09\/225-TFT-3-3-1024x1024.png 1024w, https:\/\/store.evolve-fitness.eu\/wp-content\/uploads\/2025\/09\/225-TFT-3-3-300x300.png 300w, https:\/\/store.evolve-fitness.eu\/wp-content\/uploads\/2025\/09\/225-TFT-3-3-150x150.png 150w, https:\/\/store.evolve-fitness.eu\/wp-content\/uploads\/2025\/09\/225-TFT-3-3-768x768.png 768w, https:\/\/store.evolve-fitness.eu\/wp-content\/uploads\/2025\/09\/225-TFT-3-3-1536x1536.png 1536w, https:\/\/store.evolve-fitness.eu\/wp-content\/uploads\/2025\/09\/225-TFT-3-3-2048x2048.png 2048w, https:\/\/store.evolve-fitness.eu\/wp-content\/uploads\/2025\/09\/225-TFT-3-3-600x600.png 600w, https:\/\/store.evolve-fitness.eu\/wp-content\/uploads\/2025\/09\/225-TFT-3-3-100x100.png 100w\" sizes=\"auto, (max-width: 1024px) 100vw, 1024px\" \/><\/figure>\n<\/div>\n<\/div>\n\n\n\n<div class=\"wp-block-columns alignwide mobile-reverse is-layout-flex wp-container-core-columns-is-layout-ca64bf2d wp-block-columns-is-layout-flex\" style=\"margin-bottom:var(--wp--preset--spacing--side-padding)\">\n<div class=\"wp-block-column is-vertically-aligned-center is-layout-flow wp-block-column-is-layout-flow\">\n<figure class=\"wp-block-image size-large\"><img loading=\"lazy\" decoding=\"async\" width=\"1024\" height=\"1024\" src=\"https:\/\/store.evolve-fitness.eu\/wp-content\/uploads\/2025\/09\/225-TFT-6-1-1024x1024.png\" alt=\"\" class=\"wp-image-148232\" srcset=\"https:\/\/store.evolve-fitness.eu\/wp-content\/uploads\/2025\/09\/225-TFT-6-1-1024x1024.png 1024w, https:\/\/store.evolve-fitness.eu\/wp-content\/uploads\/2025\/09\/225-TFT-6-1-300x300.png 300w, https:\/\/store.evolve-fitness.eu\/wp-content\/uploads\/2025\/09\/225-TFT-6-1-150x150.png 150w, https:\/\/store.evolve-fitness.eu\/wp-content\/uploads\/2025\/09\/225-TFT-6-1-768x768.png 768w, https:\/\/store.evolve-fitness.eu\/wp-content\/uploads\/2025\/09\/225-TFT-6-1-1536x1536.png 1536w, https:\/\/store.evolve-fitness.eu\/wp-content\/uploads\/2025\/09\/225-TFT-6-1-2048x2048.png 2048w, https:\/\/store.evolve-fitness.eu\/wp-content\/uploads\/2025\/09\/225-TFT-6-1-600x600.png 600w, https:\/\/store.evolve-fitness.eu\/wp-content\/uploads\/2025\/09\/225-TFT-6-1-100x100.png 100w\" sizes=\"auto, (max-width: 1024px) 100vw, 1024px\" \/><\/figure>\n<\/div>\n\n\n\n<div class=\"wp-block-column is-vertically-aligned-center is-layout-flow wp-block-column-is-layout-flow\">\n<h3 class=\"wp-block-heading\" style=\"margin-bottom:var(--wp--preset--spacing--h-3-bottom)\"><strong><strong>KASDIENIO NAUDOJIMO FUNKCIONALUMAS<\/strong><\/strong><\/h3>\n\n\n\n<p>Integruotos mokymo programos, daugialyp\u0117s terp\u0117s funkcijos, \u012fmontuoti garsiakalbiai ir transportavimo ratukai u\u017etikrina patog\u0173 kasdien\u012f naudojim\u0105. Standartinis 220-240 V kintamosios srov\u0117s maitinimo \u0161altinis leid\u017eia b\u0117gimo takel\u012f lengvai integruoti \u012f bet koki\u0105 nam\u0173 ar sporto sal\u0117s erdv\u0119. <\/p>\n<\/div>\n<\/div>\n\n\n\n<div class=\"wp-block-columns alignwide is-layout-flex wp-container-core-columns-is-layout-c45ee707 wp-block-columns-is-layout-flex\" style=\"margin-bottom:var(--wp--preset--spacing--side-padding);padding-top:var(--wp--preset--spacing--side-padding)\">\n<div class=\"wp-block-column is-vertically-aligned-center is-layout-flow wp-block-column-is-layout-flow\">\n<h3 class=\"wp-block-heading\" style=\"margin-bottom:var(--wp--preset--spacing--h-3-bottom)\">SAUGOS IR AVARINIO STABDYMO RAKTAS<\/h3>\n\n\n\n<p style=\"margin-bottom:var(--wp--preset--spacing--tb-section-padding)\"><strong>B\u0117gimo takelyje EV-TM-HT-225-TFT<\/strong> \u012frengtas avarinis saugos raktas, kuriuo galima akimirksniu sustabdyti treniruokl\u012f netik\u0117tose situacijose ir taip suma\u017einti susi\u017ealojimo rizik\u0105. Stabili konstrukcija ir patikimi komponentai u\u017etikrina saugi\u0105 treniruo\u010di\u0173 aplink\u0105 tiek naudojimui namuose, tiek nedidel\u0117se komercin\u0117se treniruokli\u0173 sal\u0117se. <\/p>\n<\/div>\n\n\n\n<div class=\"wp-block-column is-vertically-aligned-center is-layout-flow wp-block-column-is-layout-flow\">\n<figure class=\"wp-block-image size-large\"><img loading=\"lazy\" decoding=\"async\" width=\"1024\" height=\"1024\" src=\"https:\/\/store.evolve-fitness.eu\/wp-content\/uploads\/2025\/09\/225-TFT-5-2-1024x1024.png\" alt=\"\" class=\"wp-image-148233\" srcset=\"https:\/\/store.evolve-fitness.eu\/wp-content\/uploads\/2025\/09\/225-TFT-5-2-1024x1024.png 1024w, https:\/\/store.evolve-fitness.eu\/wp-content\/uploads\/2025\/09\/225-TFT-5-2-300x300.png 300w, https:\/\/store.evolve-fitness.eu\/wp-content\/uploads\/2025\/09\/225-TFT-5-2-150x150.png 150w, https:\/\/store.evolve-fitness.eu\/wp-content\/uploads\/2025\/09\/225-TFT-5-2-768x768.png 768w, https:\/\/store.evolve-fitness.eu\/wp-content\/uploads\/2025\/09\/225-TFT-5-2-1536x1536.png 1536w, https:\/\/store.evolve-fitness.eu\/wp-content\/uploads\/2025\/09\/225-TFT-5-2-2048x2048.png 2048w, https:\/\/store.evolve-fitness.eu\/wp-content\/uploads\/2025\/09\/225-TFT-5-2-600x600.png 600w, https:\/\/store.evolve-fitness.eu\/wp-content\/uploads\/2025\/09\/225-TFT-5-2-100x100.png 100w\" sizes=\"auto, (max-width: 1024px) 100vw, 1024px\" \/><\/figure>\n<\/div>\n<\/div>\n\n\n\n<div class=\"wp-block-columns alignwide is-layout-flex wp-container-core-columns-is-layout-c45ee707 wp-block-columns-is-layout-flex\" style=\"margin-bottom:var(--wp--preset--spacing--side-padding);padding-top:var(--wp--preset--spacing--side-padding)\">\n<div class=\"wp-block-column is-vertically-aligned-center is-layout-flow wp-block-column-is-layout-flow\">\n<figure class=\"wp-block-embed is-type-video is-provider-youtube wp-block-embed-youtube wp-embed-aspect-16-9 wp-has-aspect-ratio\"><div class=\"wp-block-embed__wrapper\">\n<iframe loading=\"lazy\" title=\"Discover Kinomap!\" width=\"500\" height=\"281\" src=\"https:\/\/www.youtube.com\/embed\/q0E1XtfN9c0?feature=oembed\" frameborder=\"0\" allow=\"accelerometer; autoplay; clipboard-write; encrypted-media; gyroscope; picture-in-picture; web-share\" referrerpolicy=\"strict-origin-when-cross-origin\" allowfullscreen><\/iframe>\n<\/div><\/figure>\n<\/div>\n\n\n\n<div class=\"wp-block-column is-vertically-aligned-center is-layout-flow wp-block-column-is-layout-flow\">\n<h3 class=\"wp-block-heading\" style=\"margin-bottom:var(--wp--preset--spacing--h-3-bottom)\"><strong><strong>PAPILDOMOS MOKYMO GALIMYB\u0116S SU KINOMAP\u00ae<\/strong><\/strong><\/h3>\n\n\n\n<p>\u0160iuolaikin\u0117s ry\u0161io funkcijos pagerina bendr\u0105 treniruo\u010di\u0173 patirt\u012f, nes treniruot\u0117s tampa patrauklesn\u0117s ir asmeni\u0161kesn\u0117s. Belaid\u0117 integracija leid\u017eia naudotojams prijungti suderinamus \u012frenginius ir naudotis daugialyp\u0117s terp\u0117s funkcijomis treniruo\u010di\u0173 metu. <\/p>\n\n\n\n<p>Suderinama su &#8222;Kinomap\u00ae&#8221;, tod\u0117l galima interaktyviai treniruotis naudojant realaus pasaulio treniruo\u010di\u0173 mar\u0161rutus, steb\u0117ti rezultatus ir spr\u0119sti i\u0161\u0161\u016bkius. &#8222;Kinomap\u00ae&#8221; padeda naudotojams i\u0161laikyti motyvacij\u0105 ir daro kardio treniruotes dinami\u0161kesnes ir \u012fdomesnes. <\/p>\n<\/div>\n<\/div>\n\n\n\n<figure class=\"wp-block-video\"><video height=\"1000\" style=\"aspect-ratio: 1000 \/ 1000;\" width=\"1000\" autoplay=\"\" loop=\"\" muted=\"\" src=\"https:\/\/evolve-fitness.eu\/wp-content\/uploads\/2023\/11\/Ultra-site-apps.mp4\"><\/video><\/figure>\n<\/section>\n","protected":false},"excerpt":{"rendered":"<p>&#8222;Evolve Econ&#8221; serijos EV-TM-HT-225-TFT b\u0117gimo takelis yra pa\u017eangus treniruoklis, skirtas intensyvioms ir universalioms kardio treniruot\u0117ms. Galingas 2,5 AG nuolatin\u0117s srov\u0117s variklis (iki 4 AG did\u017eiausios galios), 1-20 km\/h grei\u010dio diapazonas ir \u012fsp\u016bdingas 48 % automatinis nuolydis leid\u017eia efektyviai treniruoti i\u0161tverm\u0119 ir j\u0117g\u0105. Erdvus 1420 \u00d7 520 mm b\u0117gimo pavir\u0161ius ir integruota amortizacijos sistema u\u017etikrina komfort\u0105 ir saugum\u0105 kiekvienos treniruot\u0117s metu. Didel\u0117je 21,5 colio TFT konsol\u0117je ai\u0161kiai rodomi visi svarbiausi treniruo\u010di\u0173 duomenys ir u\u017etikrinama moderni, intuityvi naudotojo patirtis.   <\/p>\n<p>Suderinamumas su &#8222;Kinomap\u00ae&#8221; dar labiau i\u0161ple\u010dia treniruo\u010di\u0173 galimybes, o d\u0117l tvirtos konstrukcijos ir 150 kg did\u017eiausio naudotojo svorio \u0161is b\u0117gimo takelis yra puikus pasirinkimas reikliems nam\u0173 naudotojams.<\/p>\n","protected":false},"featured_media":148429,"template":"","meta":{"_acf_changed":false,"inline_featured_image":false},"product_cat":[117,137,138,139],"product_tag":[2319],"class_list":{"0":"post-148413","1":"product","2":"type-product","3":"status-publish","4":"has-post-thumbnail","6":"product_cat-pagrindinis-puslapis","7":"product_cat-kardio-iranga","8":"product_cat-komercine-kardio-iranga","9":"product_cat-econ-series-kardio","10":"product_tag-kardio-iranga","12":"first","13":"instock","14":"shipping-taxable","15":"purchasable","16":"product-type-simple"},"acf":[],"_links":{"self":[{"href":"https:\/\/store.evolve-fitness.eu\/lt\/wp-json\/wp\/v2\/product\/148413","targetHints":{"allow":["GET"]}}],"collection":[{"href":"https:\/\/store.evolve-fitness.eu\/lt\/wp-json\/wp\/v2\/product"}],"about":[{"href":"https:\/\/store.evolve-fitness.eu\/lt\/wp-json\/wp\/v2\/types\/product"}],"wp:featuredmedia":[{"embeddable":true,"href":"https:\/\/store.evolve-fitness.eu\/lt\/wp-json\/wp\/v2\/media\/148429"}],"wp:attachment":[{"href":"https:\/\/store.evolve-fitness.eu\/lt\/wp-json\/wp\/v2\/media?parent=148413"}],"wp:term":[{"taxonomy":"product_cat","embeddable":true,"href":"https:\/\/store.evolve-fitness.eu\/lt\/wp-json\/wp\/v2\/product_cat?post=148413"},{"taxonomy":"product_tag","embeddable":true,"href":"https:\/\/store.evolve-fitness.eu\/lt\/wp-json\/wp\/v2\/product_tag?post=148413"}],"curies":[{"name":"wp","href":"https:\/\/api.w.org\/{rel}","templated":true}]}}