{"id":148399,"date":"2025-09-19T06:55:42","date_gmt":"2025-09-19T06:55:42","guid":{"rendered":"https:\/\/store.evolve-fitness.eu\/product\/evolve-econ-serijos-begimo-takelis-su-led-pulteliu-ir-48-nuolydziu-225-led\/"},"modified":"2026-02-05T13:18:45","modified_gmt":"2026-02-05T13:18:45","slug":"evolve-econ-serijos-begimo-takelis-su-led-pulteliu-ir-48-nuolydziu-225-led","status":"publish","type":"product","link":"https:\/\/store.evolve-fitness.eu\/lt\/produktas\/evolve-econ-serijos-begimo-takelis-su-led-pulteliu-ir-48-nuolydziu-225-led\/","title":{"rendered":"&#8222;Evolve Econ&#8221; serijos b\u0117gimo takelis su LED pulteliu ir 48 % nuolyd\u017eiu (225-LED)"},"content":{"rendered":"\n<section class=\"wp-block-group alignfull black-content has-white-color has-darkgray-background-color has-text-color has-background is-layout-constrained wp-block-group-is-layout-constrained\" style=\"padding-top:var(--wp--preset--spacing--section-bottom);padding-bottom:var(--wp--preset--spacing--section-bottom)\">\n<div class=\"wp-block-columns alignwide is-layout-flex wp-container-core-columns-is-layout-c45ee707 wp-block-columns-is-layout-flex\" style=\"margin-bottom:var(--wp--preset--spacing--side-padding);padding-top:var(--wp--preset--spacing--side-padding)\">\n<div class=\"wp-block-column is-vertically-aligned-center is-layout-flow wp-block-column-is-layout-flow\">\n<figure class=\"wp-block-image size-full is-style-rounded\"><img loading=\"lazy\" decoding=\"async\" width=\"2560\" height=\"2560\" src=\"https:\/\/store.evolve-fitness.eu\/wp-content\/uploads\/2025\/09\/225LED-2-1-scaled.png\" alt=\"\" class=\"wp-image-148241\" srcset=\"https:\/\/store.evolve-fitness.eu\/wp-content\/uploads\/2025\/09\/225LED-2-1-scaled.png 2560w, https:\/\/store.evolve-fitness.eu\/wp-content\/uploads\/2025\/09\/225LED-2-1-300x300.png 300w, https:\/\/store.evolve-fitness.eu\/wp-content\/uploads\/2025\/09\/225LED-2-1-1024x1024.png 1024w, https:\/\/store.evolve-fitness.eu\/wp-content\/uploads\/2025\/09\/225LED-2-1-150x150.png 150w, https:\/\/store.evolve-fitness.eu\/wp-content\/uploads\/2025\/09\/225LED-2-1-768x768.png 768w, https:\/\/store.evolve-fitness.eu\/wp-content\/uploads\/2025\/09\/225LED-2-1-1536x1536.png 1536w, https:\/\/store.evolve-fitness.eu\/wp-content\/uploads\/2025\/09\/225LED-2-1-2048x2048.png 2048w, https:\/\/store.evolve-fitness.eu\/wp-content\/uploads\/2025\/09\/225LED-2-1-600x600.png 600w, https:\/\/store.evolve-fitness.eu\/wp-content\/uploads\/2025\/09\/225LED-2-1-100x100.png 100w\" sizes=\"auto, (max-width: 2560px) 100vw, 2560px\" \/><\/figure>\n<\/div>\n\n\n\n<div class=\"wp-block-column is-vertically-aligned-center is-layout-flow wp-block-column-is-layout-flow\">\n<h3 class=\"wp-block-heading\" style=\"margin-bottom:var(--wp--preset--spacing--h-3-bottom)\"><strong><strong><strong>PATIKIMAS VARIKLIS IR PLATUS MOKYMO DIAPAZONAS<\/strong><\/strong><\/strong><\/h3>\n\n\n\n<p style=\"margin-bottom:var(--wp--preset--spacing--tb-section-padding)\">EV-TM-HT-225-LED b\u0117gimo takelyje \u012frengtas nuolatin\u0117s srov\u0117s variklis, kurio nuolatin\u0117 galia siekia 2,5 AG, o did\u017eiausia galia &#8211; iki 4 AG. 1-20 km\/val. grei\u010dio diapazonas kartu su automatiniu -6-48 % nuolyd\u017eiu leid\u017eia pritaikyti treniruotes nuo lengvo \u0117jimo iki labai intensyvaus b\u0117gimo \u012f kaln\u0105. <br\/><\/p>\n<\/div>\n<\/div>\n\n\n\n<div class=\"wp-block-columns alignwide are-vertically-aligned-center mobile-reverse is-layout-flex wp-container-core-columns-is-layout-e8158c2f wp-block-columns-is-layout-flex\" style=\"padding-top:var(--wp--preset--spacing--side-padding)\">\n<div class=\"wp-block-column is-vertically-aligned-center is-layout-flow wp-block-column-is-layout-flow\">\n<h3 class=\"wp-block-heading\" style=\"margin-bottom:var(--wp--preset--spacing--h-3-bottom)\"><strong><strong><strong><strong><strong><strong><strong><strong><strong><strong><strong><strong>PATOGI IR SAUGI B\u0116GIMO ZONA<\/strong><\/strong><\/strong><\/strong><\/strong><\/strong><\/strong><\/strong><\/strong><\/strong><\/strong><\/strong><\/h3>\n\n\n\n<p style=\"margin-bottom:var(--wp--preset--spacing--tb-section-padding)\">1420 \u00d7 520 mm b\u0117gimo pavir\u0161ius suteikia pakankamai erdv\u0117s nat\u016braliems judesiams, o amortizacijos sistema padeda suma\u017einti sm\u016bg\u012f \u012f s\u0105narius. Tvirta konstrukcija ir maksimalus 150 kg naudotojo svoris u\u017etikrina stabilum\u0105 net ir atliekant intensyvesnes treniruotes. <br\/><\/p>\n<\/div>\n\n\n\n<div class=\"wp-block-column is-vertically-aligned-center is-layout-flow wp-block-column-is-layout-flow\">\n<figure class=\"wp-block-image size-large is-style-rounded\"><img decoding=\"async\" src=\"https:\/\/evolve-fitness.eu\/wp-content\/uploads\/2025\/08\/225LED-4-2-1024x1024.png\" alt=\"\" class=\"wp-image-206813\"\/><\/figure>\n<\/div>\n<\/div>\n<\/section>\n\n<section class=\"wp-block-group alignfull black-content has-white-color has-darkgray-background-color has-text-color has-background is-layout-constrained wp-block-group-is-layout-constrained\" style=\"padding-top:var(--wp--preset--spacing--section-bottom);padding-bottom:var(--wp--preset--spacing--section-bottom)\">\n<div class=\"wp-block-columns alignwide is-layout-flex wp-container-core-columns-is-layout-c45ee707 wp-block-columns-is-layout-flex\" style=\"margin-bottom:var(--wp--preset--spacing--side-padding);padding-top:var(--wp--preset--spacing--side-padding)\">\n<div class=\"wp-block-column is-vertically-aligned-center is-layout-flow wp-block-column-is-layout-flow\">\n<figure class=\"wp-block-image size-full is-style-rounded\"><img decoding=\"async\" src=\"https:\/\/evolve-fitness.eu\/wp-content\/uploads\/2025\/08\/225LED-2-scaled.png\" alt=\"\" class=\"wp-image-206538\"\/><\/figure>\n<\/div>\n\n\n\n<div class=\"wp-block-column is-vertically-aligned-center is-layout-flow wp-block-column-is-layout-flow\">\n<h3 class=\"wp-block-heading\" style=\"margin-bottom:var(--wp--preset--spacing--h-3-bottom)\"><strong><strong><strong><strong>Sukurtas patogiai ir saugiai<\/strong><\/strong><\/strong><\/strong><\/h3>\n\n\n\n<p style=\"margin-bottom:var(--wp--preset--spacing--tb-section-padding)\">Erdvus <strong>1420 \u00d7 520 mm b\u0117gimo pavir\u0161ius<\/strong> u\u017etikrina nat\u016bral\u0173 jud\u0117jim\u0105 ir komfort\u0105. B\u0117gimo takelis i\u0161laiko iki <strong>150 kg svorio<\/strong> naudotojus, o saugos funkcijos, tokios kaip avarinio stabdymo mygtukas ir tvirti tur\u0117klai, suteikia pasitik\u0117jimo kiekvieno u\u017esi\u0117mimo metu. <\/p>\n<\/div>\n<\/div>\n<\/section>\n\n<section class=\"wp-block-group alignfull black-content has-white-color has-darkgray-background-color has-text-color has-background is-layout-constrained wp-block-group-is-layout-constrained\" style=\"padding-top:var(--wp--preset--spacing--section-bottom);padding-bottom:var(--wp--preset--spacing--section-bottom)\">\n<div class=\"wp-block-columns alignwide are-vertically-aligned-center mobile-reverse is-layout-flex wp-container-core-columns-is-layout-e8158c2f wp-block-columns-is-layout-flex\" style=\"padding-top:var(--wp--preset--spacing--side-padding)\">\n<div class=\"wp-block-column is-vertically-aligned-center is-layout-flow wp-block-column-is-layout-flow\">\n<h3 class=\"wp-block-heading\" style=\"margin-bottom:var(--wp--preset--spacing--h-3-bottom)\"><strong><strong><strong><strong><strong><strong><strong><strong><strong><strong><strong><strong>AI\u0160KUS LED PULTAS IR ESMINIAI RODIKLIAI<\/strong><\/strong><\/strong><\/strong><\/strong><\/strong><\/strong><\/strong><\/strong><\/strong><\/strong><\/strong><\/h3>\n\n\n\n<p style=\"margin-bottom:var(--wp--preset--spacing--tb-section-padding)\">LED konsol\u0117je realiuoju laiku rodomi visi pagrindiniai treniruot\u0117s duomenys, \u012fskaitant laik\u0105, greit\u012f, atstum\u0105, nuolyd\u012f, sudegintas kalorijas ir \u0161irdies susitraukim\u0173 da\u017en\u012f, nustatom\u0105 rank\u0173 jutikliais. Integruoti garsiakalbiai, &#8222;Bluetooth&#8221; muzikos palaikymas ir belaidis telefono \u012fkrovimas padidina kiekvienos treniruot\u0117s patogum\u0105 ir malonum\u0105. <br\/><\/p>\n<\/div>\n\n\n\n<div class=\"wp-block-column is-vertically-aligned-center is-layout-flow wp-block-column-is-layout-flow\">\n<figure class=\"wp-block-image size-large is-style-rounded\"><img loading=\"lazy\" decoding=\"async\" width=\"1024\" height=\"1024\" src=\"https:\/\/store.evolve-fitness.eu\/wp-content\/uploads\/2025\/09\/225LED-3-1024x1024.png\" alt=\"\" class=\"wp-image-148242\" srcset=\"https:\/\/store.evolve-fitness.eu\/wp-content\/uploads\/2025\/09\/225LED-3-1024x1024.png 1024w, https:\/\/store.evolve-fitness.eu\/wp-content\/uploads\/2025\/09\/225LED-3-300x300.png 300w, https:\/\/store.evolve-fitness.eu\/wp-content\/uploads\/2025\/09\/225LED-3-150x150.png 150w, https:\/\/store.evolve-fitness.eu\/wp-content\/uploads\/2025\/09\/225LED-3-768x768.png 768w, https:\/\/store.evolve-fitness.eu\/wp-content\/uploads\/2025\/09\/225LED-3-1536x1536.png 1536w, https:\/\/store.evolve-fitness.eu\/wp-content\/uploads\/2025\/09\/225LED-3-2048x2048.png 2048w, https:\/\/store.evolve-fitness.eu\/wp-content\/uploads\/2025\/09\/225LED-3-600x600.png 600w, https:\/\/store.evolve-fitness.eu\/wp-content\/uploads\/2025\/09\/225LED-3-100x100.png 100w\" sizes=\"auto, (max-width: 1024px) 100vw, 1024px\" \/><\/figure>\n<\/div>\n<\/div>\n<\/section>\n\n<section class=\"wp-block-group alignfull black-content has-white-color has-darkgray-background-color has-text-color has-background is-layout-constrained wp-block-group-is-layout-constrained\" style=\"padding-top:var(--wp--preset--spacing--section-bottom);padding-bottom:var(--wp--preset--spacing--section-bottom)\">\n<div class=\"wp-block-columns alignwide are-vertically-aligned-center is-layout-flex wp-container-core-columns-is-layout-e8158c2f wp-block-columns-is-layout-flex\" style=\"padding-top:var(--wp--preset--spacing--side-padding)\">\n<div class=\"wp-block-column is-vertically-aligned-center is-layout-flow wp-block-column-is-layout-flow\">\n<figure class=\"wp-block-image aligncenter size-full is-resized is-style-rounded\"><img decoding=\"async\" src=\"https:\/\/evolve-fitness.eu\/wp-content\/uploads\/2025\/08\/550-2-scaled.png\" alt=\"\" class=\"wp-image-206788\" style=\"width:424px;height:auto\"\/><\/figure>\n<\/div>\n\n\n\n<div class=\"wp-block-column is-vertically-aligned-center is-layout-flow wp-block-column-is-layout-flow\">\n<h3 class=\"wp-block-heading\" style=\"margin-bottom:var(--wp--preset--spacing--h-3-bottom)\"><strong><strong><strong>Saugos raktas<\/strong><\/strong><\/strong><\/h3>\n\n\n\n<p><strong><em><strong><strong>Pirmenyb\u0119 teikite savo saugumui<\/strong><\/strong><\/em><\/strong><\/p>\n\n\n\n<p style=\"margin-bottom:var(--wp--preset--spacing--tb-section-padding)\">Prie\u0161 kiekvien\u0105 treniruot\u0119 prie drabu\u017ei\u0173 prisekite raudon\u0105 saugos rakt\u0105. Esant avarinei situacijai, apsauginis raktas i\u0161sijungia, tod\u0117l b\u0117gimo takelis i\u0161 karto sustoja. J\u016bs\u0173 saugumas mums yra svarbiausia.<\/p>\n<\/div>\n<\/div>\n<\/section>\n","protected":false},"excerpt":{"rendered":"<p>B\u0117gimo takelis EV-TM-HT-225-LED yra pa\u017eangus treniruoklis, skirtas intensyviai ir \u012fvairiapusi\u0161kai kardio treniruotei. Jo 2,5 AG nuolatinio veikimo nuolatin\u0117s srov\u0117s variklis (iki 4 AG did\u017eiausios galios), 1-20 km\/val. grei\u010dio diapazonas ir \u012fsp\u016bdingas -6-48 % automatinis nuolydis leid\u017eia veiksmingai ugdyti i\u0161tverm\u0119 ir j\u0117g\u0105. <\/p>\n<p>Erdvus 1420 \u00d7 520 mm b\u0117gimo pavir\u0161ius, amortizacijos sistema ir 150 kg maksimalus naudotojo svoris u\u017etikrina komfort\u0105 ir saugum\u0105 treniruo\u010di\u0173 metu. LED konsol\u0117je ai\u0161kiai rodomi svarbiausi treniruo\u010di\u0173 rodikliai, o &#8222;Bluetooth&#8221; ry\u0161ys, integruoti garsiakalbiai ir suderinamumas su &#8222;Kinomap\u00ae&#8221; i\u0161ple\u010dia treniruo\u010di\u0173 galimybes reikliems nam\u0173 vartotojams. <\/p>\n","protected":false},"featured_media":138227,"template":"","meta":{"_acf_changed":false,"inline_featured_image":false},"product_cat":[117,137,138,139],"product_tag":[2319],"class_list":{"0":"post-148399","1":"product","2":"type-product","3":"status-publish","4":"has-post-thumbnail","6":"product_cat-pagrindinis-puslapis","7":"product_cat-kardio-iranga","8":"product_cat-komercine-kardio-iranga","9":"product_cat-econ-series-kardio","10":"product_tag-kardio-iranga","12":"first","13":"outofstock","14":"shipping-taxable","15":"purchasable","16":"product-type-simple"},"acf":[],"_links":{"self":[{"href":"https:\/\/store.evolve-fitness.eu\/lt\/wp-json\/wp\/v2\/product\/148399","targetHints":{"allow":["GET"]}}],"collection":[{"href":"https:\/\/store.evolve-fitness.eu\/lt\/wp-json\/wp\/v2\/product"}],"about":[{"href":"https:\/\/store.evolve-fitness.eu\/lt\/wp-json\/wp\/v2\/types\/product"}],"wp:featuredmedia":[{"embeddable":true,"href":"https:\/\/store.evolve-fitness.eu\/lt\/wp-json\/wp\/v2\/media\/138227"}],"wp:attachment":[{"href":"https:\/\/store.evolve-fitness.eu\/lt\/wp-json\/wp\/v2\/media?parent=148399"}],"wp:term":[{"taxonomy":"product_cat","embeddable":true,"href":"https:\/\/store.evolve-fitness.eu\/lt\/wp-json\/wp\/v2\/product_cat?post=148399"},{"taxonomy":"product_tag","embeddable":true,"href":"https:\/\/store.evolve-fitness.eu\/lt\/wp-json\/wp\/v2\/product_tag?post=148399"}],"curies":[{"name":"wp","href":"https:\/\/api.w.org\/{rel}","templated":true}]}}