{"id":148391,"date":"2025-09-19T06:22:09","date_gmt":"2025-09-19T06:22:09","guid":{"rendered":"https:\/\/store.evolve-fitness.eu\/product\/evolve-econ-serijos-begimo-takelis-su-215-colio-pultu-550-tft\/"},"modified":"2026-02-05T13:18:45","modified_gmt":"2026-02-05T13:18:45","slug":"evolve-econ-serijos-begimo-takelis-su-215-colio-pultu-550-tft","status":"publish","type":"product","link":"https:\/\/store.evolve-fitness.eu\/lt\/produktas\/evolve-econ-serijos-begimo-takelis-su-215-colio-pultu-550-tft\/","title":{"rendered":"&#8222;Evolve Econ&#8221; serijos b\u0117gimo takelis su 21,5 colio pultu (550-TFT)"},"content":{"rendered":"\n<section class=\"wp-block-group alignfull black-content has-white-color has-darkgray-background-color has-text-color has-background is-layout-constrained wp-block-group-is-layout-constrained\" style=\"padding-top:var(--wp--preset--spacing--section-bottom);padding-bottom:var(--wp--preset--spacing--section-bottom)\">\n<div class=\"wp-block-columns alignwide is-layout-flex wp-container-core-columns-is-layout-c45ee707 wp-block-columns-is-layout-flex\" style=\"margin-bottom:var(--wp--preset--spacing--side-padding);padding-top:var(--wp--preset--spacing--side-padding)\">\n<div class=\"wp-block-column is-vertically-aligned-center is-layout-flow wp-block-column-is-layout-flow\">\n<h3 class=\"wp-block-heading\" style=\"margin-bottom:var(--wp--preset--spacing--h-3-bottom)\"><strong>KOMERCIN\u0116S KLAS\u0116S DIZAINAS  <\/strong><\/h3>\n\n\n\n<p><strong><em><strong><strong><strong>Paruo\u0161tas intensyviam ir da\u017enam naudojimui<\/strong><\/strong><\/strong><\/em><\/strong><\/p>\n\n\n\n<p>&#8221; <strong>Evolve EV-TM-EC-550-TFT&#8221; b\u0117gimo takelis<\/strong> skirtas intensyviam komerciniam naudojimui sporto sal\u0117se, sveikatingumo centruose ir kitose profesionaliose treniruo\u010di\u0173 aplinkose. Tvirta konstrukcija ir auk\u0161tos kokyb\u0117s komponentai u\u017etikrina patikim\u0105 veikim\u0105 ir ilgaam\u017ei\u0161kum\u0105 nuolat dirbant kasdien. <\/p>\n<\/div>\n\n\n\n<div class=\"wp-block-column is-vertically-aligned-center is-layout-flow wp-block-column-is-layout-flow\">\n<figure class=\"wp-block-image size-full\"><img decoding=\"async\" src=\"https:\/\/evolve-fitness.eu\/wp-content\/uploads\/2025\/09\/EV-TM-EC-550-TFT-4-3.png\" alt=\"\" class=\"wp-image-222429\"\/><\/figure>\n<\/div>\n<\/div>\n\n\n\n<div class=\"wp-block-columns alignwide mobile-reverse is-layout-flex wp-container-core-columns-is-layout-ca64bf2d wp-block-columns-is-layout-flex\" style=\"margin-bottom:var(--wp--preset--spacing--side-padding)\">\n<div class=\"wp-block-column is-vertically-aligned-center is-layout-flow wp-block-column-is-layout-flow\">\n<figure class=\"wp-block-image size-large\"><img decoding=\"async\" src=\"https:\/\/evolve-fitness.eu\/wp-content\/uploads\/2025\/09\/EV-TM-EC-550-TFT-6-1024x1024.png\" alt=\"\" class=\"wp-image-222430\"\/><\/figure>\n<\/div>\n\n\n\n<div class=\"wp-block-column is-vertically-aligned-center is-layout-flow wp-block-column-is-layout-flow\">\n<h3 class=\"wp-block-heading\" style=\"margin-bottom:var(--wp--preset--spacing--h-3-bottom)\">GALINGAS VARIKLIS IR SKLANDUS VEIKIMAS<\/h3>\n\n\n\n<p><strong><em>Nuosekli ir atsakinga mokymo patirtis<\/em><\/strong><\/p>\n\n\n\n<p>\u0160is b\u0117gimo takelis su galingu varikliu u\u017etikrina stabil\u0173 ir skland\u0173 veikim\u0105 \u012fvairiais grei\u010diais, tod\u0117l juo gali naudotis ir pradedantieji, ir pa\u017eeng\u0119 naudotojai. B\u0117gimo takelis padeda atlikti progresyvias kardio treniruotes, nes greitai pagreit\u0117ja ir veikia nuosekliai. <\/p>\n<\/div>\n<\/div>\n\n\n\n<div class=\"wp-block-columns alignwide mobile-reverse is-layout-flex wp-container-core-columns-is-layout-ca64bf2d wp-block-columns-is-layout-flex\" style=\"margin-bottom:var(--wp--preset--spacing--side-padding)\">\n<div class=\"wp-block-column is-vertically-aligned-center is-layout-flow wp-block-column-is-layout-flow\">\n<h3 class=\"wp-block-heading\" style=\"margin-bottom:var(--wp--preset--spacing--h-3-bottom)\"><strong>21,5 COLI\u0172 TFT KONSOL\u0116<\/strong><\/h3>\n\n\n\n<p><strong><em><strong><strong><strong><strong><strong>Ai\u0161kus ir intuityvus gr\u012f\u017etamasis ry\u0161ys apie treniruot\u0119<\/strong><\/strong><\/strong><\/strong><\/strong><\/em><\/strong><\/p>\n\n\n\n<p>Didel\u0117je 21,5 colio TFT konsol\u0117je yra intuityvi s\u0105saja treniruot\u0117s duomenims, \u012fskaitant laik\u0105, greit\u012f, atstum\u0105, nuolyd\u012f ir kalorijas, sekti. Modernus ekranas padidina naudotojo \u012fsitraukim\u0105 ir leid\u017eia lengvai steb\u0117ti pa\u017eang\u0105 kiekvienos treniruot\u0117s metu. <\/p>\n<\/div>\n\n\n\n<div class=\"wp-block-column is-vertically-aligned-center is-layout-flow wp-block-column-is-layout-flow\">\n<figure class=\"wp-block-image size-large\"><img decoding=\"async\" src=\"https:\/\/evolve-fitness.eu\/wp-content\/uploads\/2025\/09\/EV-TM-EC-550-TFT-1-2-1024x1024.png\" alt=\"\" class=\"wp-image-222508\"\/><\/figure>\n<\/div>\n<\/div>\n\n\n\n<div class=\"wp-block-columns alignwide is-layout-flex wp-container-core-columns-is-layout-c45ee707 wp-block-columns-is-layout-flex\" style=\"margin-bottom:var(--wp--preset--spacing--side-padding);padding-top:var(--wp--preset--spacing--side-padding)\">\n<div class=\"wp-block-column is-vertically-aligned-center is-layout-flow wp-block-column-is-layout-flow\">\n<figure class=\"wp-block-image size-large\"><img decoding=\"async\" src=\"https:\/\/evolve-fitness.eu\/wp-content\/uploads\/2025\/09\/EV-TM-EC-550-TFT-4-4-1024x1024.png\" alt=\"\" class=\"wp-image-222509\"\/><\/figure>\n<\/div>\n\n\n\n<div class=\"wp-block-column is-vertically-aligned-center is-layout-flow wp-block-column-is-layout-flow\">\n<h3 class=\"wp-block-heading\" style=\"margin-bottom:var(--wp--preset--spacing--h-3-bottom)\"><strong>ERDVI B\u0116GIMO PLATFORMA  <\/strong><\/h3>\n\n\n\n<p><strong><em><strong><strong>Patogus ir stabilus pagrindas<\/strong><\/strong><\/em><\/strong><\/p>\n\n\n\n<p>Didelio ploto b\u0117gimo pavir\u0161ius suteikia naudotojams daug erdv\u0117s nat\u016braliems judesiams ir patogiems \u017eingsniams. Ergonomi\u0161kas pado dizainas ir patikimas sm\u016bgi\u0173 slopinimas padeda palaikyti s\u0105narius ir ma\u017eina nuovarg\u012f net per ilgesnes treniruotes. <\/p>\n<\/div>\n<\/div>\n\n\n\n<div class=\"wp-block-columns alignwide is-layout-flex wp-container-core-columns-is-layout-c45ee707 wp-block-columns-is-layout-flex\" style=\"margin-bottom:var(--wp--preset--spacing--side-padding);padding-top:var(--wp--preset--spacing--side-padding)\">\n<div class=\"wp-block-column is-vertically-aligned-center is-layout-flow wp-block-column-is-layout-flow\">\n<h3 class=\"wp-block-heading\" style=\"margin-bottom:var(--wp--preset--spacing--h-3-bottom)\"><strong><strong><strong>I\u0160PL\u0116STINIO MOKYMO \u012eVAIROV\u0116<\/strong><\/strong><\/strong><\/h3>\n\n\n\n<p><strong><em><strong><strong><strong><strong><strong>Daugiau b\u016bd\u0173, kaip pritaikyti treniruotes<\/strong><\/strong><\/strong><\/strong><\/strong><\/em><\/strong><\/p>\n\n\n\n<p>B\u0117gimo takelis su automatinio nuolyd\u017eio funkcija ir daugybe programuojam\u0173 funkcij\u0173 leid\u017eia naudotojams pritaikyti treniruo\u010di\u0173 intensyvum\u0105 prie savo fitneso tiksl\u0173. \u0160is lankstumas padeda padidinti kalorij\u0173 deginim\u0105 ir pagerinti bendr\u0105 \u0161irdies ir kraujagysli\u0173 sistemos b\u016bkl\u0119. <\/p>\n<\/div>\n\n\n\n<div class=\"wp-block-column is-vertically-aligned-center is-layout-flow wp-block-column-is-layout-flow\">\n<figure class=\"wp-block-image size-full\"><img decoding=\"async\" src=\"https:\/\/evolve-fitness.eu\/wp-content\/uploads\/2025\/09\/EV-TM-EC-550-TFT-7.png\" alt=\"\" class=\"wp-image-222510\"\/><\/figure>\n<\/div>\n<\/div>\n\n\n\n<div class=\"wp-block-columns alignwide are-vertically-aligned-center mobile-reverse is-layout-flex wp-container-core-columns-is-layout-e8158c2f wp-block-columns-is-layout-flex\" style=\"padding-top:var(--wp--preset--spacing--side-padding)\">\n<div class=\"wp-block-column is-vertically-aligned-center is-layout-flow wp-block-column-is-layout-flow\">\n<figure class=\"wp-block-embed is-type-video is-provider-youtube wp-block-embed-youtube wp-embed-aspect-16-9 wp-has-aspect-ratio\"><div class=\"wp-block-embed__wrapper\">\n<iframe loading=\"lazy\" title=\"Discover Kinomap!\" width=\"500\" height=\"281\" src=\"https:\/\/www.youtube.com\/embed\/q0E1XtfN9c0?feature=oembed\" frameborder=\"0\" allow=\"accelerometer; autoplay; clipboard-write; encrypted-media; gyroscope; picture-in-picture; web-share\" referrerpolicy=\"strict-origin-when-cross-origin\" allowfullscreen><\/iframe>\n<\/div><\/figure>\n<\/div>\n\n\n\n<div class=\"wp-block-column is-vertically-aligned-center is-layout-flow wp-block-column-is-layout-flow\">\n<h3 class=\"wp-block-heading\" style=\"margin-bottom:var(--wp--preset--spacing--h-3-bottom)\"><strong><strong>RY\u0160YS IR INTERAKTYVUS MOKYMAS<\/strong><\/strong><\/h3>\n\n\n\n<p><strong><em><strong><strong>Motyvacija naudojant i\u0161mani\u0105sias technologijas<\/strong><\/strong><\/em><\/strong><\/p>\n\n\n\n<p>\u0160iuolaikin\u0117s ry\u0161io funkcijos pagerina bendr\u0105 treniruo\u010di\u0173 patirt\u012f, nes treniruot\u0117s tampa patrauklesn\u0117s ir asmeni\u0161kesn\u0117s. Belaid\u0117 integracija leid\u017eia naudotojams prijungti suderinamus \u012frenginius ir naudotis daugialyp\u0117s terp\u0117s funkcijomis treniruo\u010di\u0173 metu. <\/p>\n\n\n\n<p>Suderinama su &#8222;Kinomap\u00ae&#8221;, tod\u0117l galima interaktyviai treniruotis naudojant realaus pasaulio treniruo\u010di\u0173 mar\u0161rutus, steb\u0117ti rezultatus ir spr\u0119sti i\u0161\u0161\u016bkius. &#8222;Kinomap\u00ae&#8221; padeda naudotojams i\u0161laikyti motyvacij\u0105 ir daro kardio treniruotes dinami\u0161kesnes ir \u012fdomesnes. <br\/><\/p>\n<\/div>\n<\/div>\n\n\n\n<figure class=\"wp-block-video\"><video height=\"1000\" style=\"aspect-ratio: 1000 \/ 1000;\" width=\"1000\" autoplay=\"\" loop=\"\" muted=\"\" src=\"https:\/\/evolve-fitness.eu\/wp-content\/uploads\/2023\/11\/Ultra-site-apps.mp4\"><\/video><\/figure>\n<\/section>\n","protected":false},"excerpt":{"rendered":"<p style=\"text-align: left;\">EV-TM-EC-550-TFT b\u0117gimo takelis yra komercin\u0117s klas\u0117s kardio treniruoklis, skirtas intensyviam ir ilgalaikiam naudojimui sporto sal\u0117se, vie\u0161bu\u010diuose ir profesionaliose mokymo \u012fstaigose. Jis turi galing\u0105 5 AG kintamosios srov\u0117s varikl\u012f, kurio maksimali galia siekia 8 AG, plat\u0173 1,0-25,0 km\/val. grei\u010dio diapazon\u0105 ir automatin\u012f iki 20 % nuolyd\u012f, tod\u0117l treniruot\u0117s yra labai efektyvios ir progresyvios. <\/p>\n<p style=\"text-align: left;\">Erdvus 600 \u00d7 1600 mm b\u0117gimo pavir\u0161ius, tvirta konstrukcija ir maksimalus 200 kg naudotojo svoris u\u017etikrina puik\u0173 stabilum\u0105, saugum\u0105 ir komfort\u0105 net ir intensyvi\u0173 treniruo\u010di\u0173 metu. Didelis 21,5 colio TFT pultas pateikia ai\u0161kius realaus laiko treniruo\u010di\u0173 duomenis ir palaiko &#8222;Bluetooth&#8221; ry\u0161\u012f, \u012fskaitant suderinamum\u0105 su &#8222;Kinomap\u00ae&#8221;, leid\u017eiant\u012f interaktyviai treniruotis per mobil\u0173j\u012f \u012frengin\u012f. <\/p>\n","protected":false},"featured_media":148392,"template":"","meta":{"_acf_changed":false,"inline_featured_image":false},"product_cat":[117,137,138,139],"product_tag":[],"class_list":{"0":"post-148391","1":"product","2":"type-product","3":"status-publish","4":"has-post-thumbnail","6":"product_cat-pagrindinis-puslapis","7":"product_cat-kardio-iranga","8":"product_cat-komercine-kardio-iranga","9":"product_cat-econ-series-kardio","11":"first","12":"onbackorder","13":"shipping-taxable","14":"purchasable","15":"product-type-simple"},"acf":[],"_links":{"self":[{"href":"https:\/\/store.evolve-fitness.eu\/lt\/wp-json\/wp\/v2\/product\/148391","targetHints":{"allow":["GET"]}}],"collection":[{"href":"https:\/\/store.evolve-fitness.eu\/lt\/wp-json\/wp\/v2\/product"}],"about":[{"href":"https:\/\/store.evolve-fitness.eu\/lt\/wp-json\/wp\/v2\/types\/product"}],"wp:featuredmedia":[{"embeddable":true,"href":"https:\/\/store.evolve-fitness.eu\/lt\/wp-json\/wp\/v2\/media\/148392"}],"wp:attachment":[{"href":"https:\/\/store.evolve-fitness.eu\/lt\/wp-json\/wp\/v2\/media?parent=148391"}],"wp:term":[{"taxonomy":"product_cat","embeddable":true,"href":"https:\/\/store.evolve-fitness.eu\/lt\/wp-json\/wp\/v2\/product_cat?post=148391"},{"taxonomy":"product_tag","embeddable":true,"href":"https:\/\/store.evolve-fitness.eu\/lt\/wp-json\/wp\/v2\/product_tag?post=148391"}],"curies":[{"name":"wp","href":"https:\/\/api.w.org\/{rel}","templated":true}]}}