{"id":148387,"date":"2025-09-17T13:21:14","date_gmt":"2025-09-17T13:21:14","guid":{"rendered":"https:\/\/store.evolve-fitness.eu\/product\/evolve-econ-serijos-begimo-takelis-su-led-pulteliu-550-led\/"},"modified":"2026-02-05T13:18:45","modified_gmt":"2026-02-05T13:18:45","slug":"evolve-econ-serijos-begimo-takelis-su-led-pulteliu-550-led","status":"publish","type":"product","link":"https:\/\/store.evolve-fitness.eu\/lt\/produktas\/evolve-econ-serijos-begimo-takelis-su-led-pulteliu-550-led\/","title":{"rendered":"&#8222;Evolve Econ&#8221; serijos b\u0117gimo takelis su LED pulteliu (550-LED)"},"content":{"rendered":"\n<section class=\"wp-block-group alignfull has-lightgray-background-color has-background is-layout-constrained wp-block-group-is-layout-constrained\">\n<div class=\"wp-block-columns alignwide is-layout-flex wp-container-core-columns-is-layout-2edb0647 wp-block-columns-is-layout-flex\" style=\"margin-top:0;margin-bottom:0\">\n<div class=\"wp-block-column is-layout-flow wp-block-column-is-layout-flow\" style=\"flex-basis:33.33%\"><\/div>\n\n\n\n<div class=\"wp-block-column is-layout-flow wp-block-column-is-layout-flow\" style=\"flex-basis:66.66%\"><\/div>\n<\/div>\n<\/section>\n\n<section class=\"wp-block-group alignfull black-content has-white-color has-darkgray-background-color has-text-color has-background is-layout-constrained wp-block-group-is-layout-constrained\" style=\"padding-top:var(--wp--preset--spacing--section-bottom);padding-bottom:var(--wp--preset--spacing--section-bottom)\">\n<div class=\"wp-block-columns alignwide are-vertically-aligned-center mobile-reverse is-layout-flex wp-container-core-columns-is-layout-e8158c2f wp-block-columns-is-layout-flex\" style=\"padding-top:var(--wp--preset--spacing--side-padding)\">\n<div class=\"wp-block-column is-vertically-aligned-center is-layout-flow wp-block-column-is-layout-flow\">\n<h3 class=\"wp-block-heading\" style=\"margin-bottom:var(--wp--preset--spacing--h-3-bottom)\"><strong><strong><strong><strong><strong>MINK\u0160TAS KOMFORTAS<\/strong><\/strong><\/strong><\/strong><\/strong><\/h3>\n\n\n\n<p>Pa\u017eangi amortizacijos sistema<\/p>\n\n\n\n<p style=\"margin-bottom:var(--wp--preset--spacing--tb-section-padding)\">B\u0117gimo takelyje \u012fdiegta auk\u0161tos kokyb\u0117s amortizacijos sistema, integruota \u012f b\u0117gimo takel\u012f, kad b\u016bt\u0173 suma\u017eintas kiekvieno \u017eingsnio sm\u016bgis. \u0160i pa\u017eangi sm\u016bgi\u0173 slopinimo technologija apsaugo s\u0105narius ir raumenis, kartu u\u017etikrindama skland\u0173, stabil\u0173 ir patog\u0173 b\u0117gim\u0105. <\/p>\n<\/div>\n\n\n\n<div class=\"wp-block-column is-vertically-aligned-center is-layout-flow wp-block-column-is-layout-flow\">\n<figure class=\"wp-block-image size-large is-style-rounded\"><img decoding=\"async\" src=\"https:\/\/evolve-fitness.eu\/wp-content\/uploads\/2025\/08\/Dizainas-be-pavadinimo-20-1-1024x1024.png\" alt=\"\" class=\"wp-image-204781\"\/><\/figure>\n<\/div>\n<\/div>\n<\/section>\n\n<section class=\"wp-block-group alignfull black-content has-white-color has-darkgray-background-color has-text-color has-background is-layout-constrained wp-block-group-is-layout-constrained\" style=\"padding-top:var(--wp--preset--spacing--section-bottom);padding-bottom:var(--wp--preset--spacing--section-bottom)\">\n<div class=\"wp-block-columns alignwide is-layout-flex wp-container-core-columns-is-layout-c45ee707 wp-block-columns-is-layout-flex\" style=\"margin-bottom:var(--wp--preset--spacing--side-padding);padding-top:var(--wp--preset--spacing--side-padding)\">\n<div class=\"wp-block-column is-vertically-aligned-center is-layout-flow wp-block-column-is-layout-flow\">\n<figure class=\"wp-block-image size-full is-resized is-style-rounded\"><img decoding=\"async\" src=\"https:\/\/evolve-fitness.eu\/wp-content\/uploads\/2025\/08\/Dizainas-be-pavadinimo-31-scaled.png\" alt=\"\" class=\"wp-image-206081\" style=\"width:797px;height:auto\"\/><\/figure>\n<\/div>\n\n\n\n<div class=\"wp-block-column is-vertically-aligned-center is-layout-flow wp-block-column-is-layout-flow\">\n<h3 class=\"wp-block-heading\" style=\"margin-bottom:var(--wp--preset--spacing--h-3-bottom)\"><strong><strong>I\u0160MANIOJI LED KONSOL\u0116<\/strong><\/strong><\/h3>\n\n\n\n<p>Ai\u0161k\u016bs mokymo duomenys i\u0161 pirmo \u017evilgsnio<\/p>\n\n\n\n<p style=\"margin-bottom:var(--wp--preset--spacing--tb-section-padding)\">Intuityvioje LED konsol\u0117je rodomi visi svarbiausi treniruot\u0117s rodikliai, \u012fskaitant greit\u012f, laik\u0105, atstum\u0105, kalorijas ir \u0161irdies ritm\u0105. Paprastas i\u0161d\u0117stymas leid\u017eia naudotojams susitelkti \u012f rezultatus ir nebla\u0161kyti d\u0117mesio. <\/p>\n<\/div>\n<\/div>\n<\/section>\n\n<section class=\"wp-block-group alignfull black-content has-white-color has-darkgray-background-color has-text-color has-background is-layout-constrained wp-block-group-is-layout-constrained\" style=\"padding-top:var(--wp--preset--spacing--section-bottom);padding-bottom:var(--wp--preset--spacing--section-bottom)\">\n<div class=\"wp-block-columns alignwide are-vertically-aligned-center mobile-reverse is-layout-flex wp-container-core-columns-is-layout-e8158c2f wp-block-columns-is-layout-flex\" style=\"padding-top:var(--wp--preset--spacing--side-padding)\">\n<div class=\"wp-block-column is-vertically-aligned-center is-layout-flow wp-block-column-is-layout-flow\">\n<h3 class=\"wp-block-heading\" style=\"margin-bottom:var(--wp--preset--spacing--h-3-bottom)\"><strong><strong><strong><strong><strong>GALINGAS VEIKIMAS<\/strong><\/strong><\/strong><\/strong><\/strong><\/h3>\n\n\n\n<p>Patikima variklio technologija<\/p>\n\n\n\n<p style=\"margin-bottom:var(--wp--preset--spacing--tb-section-padding)\">Galingas variklis u\u017etikrina nuosekl\u0173 ir skland\u0173 veikim\u0105 visais grei\u010dio lygiais &#8211; nuo lengvo b\u0117gimo iki intensyvaus sprinto. Tai u\u017etikrina stabil\u0173 veikim\u0105, tyl\u0173 veikim\u0105 ir ilgalaik\u012f patikimum\u0105 net per ilgas treniruotes. <\/p>\n<\/div>\n\n\n\n<div class=\"wp-block-column is-vertically-aligned-center is-layout-flow wp-block-column-is-layout-flow\">\n<figure class=\"wp-block-image size-large is-style-rounded\"><img decoding=\"async\" src=\"https:\/\/evolve-fitness.eu\/wp-content\/uploads\/2025\/08\/Dizainas-be-pavadinimo-20-1-1024x1024.png\" alt=\"\" class=\"wp-image-204781\"\/><\/figure>\n<\/div>\n<\/div>\n<\/section>\n\n<section class=\"wp-block-group alignfull black-content has-white-color has-darkgray-background-color has-text-color has-background is-layout-constrained wp-block-group-is-layout-constrained\" style=\"padding-top:var(--wp--preset--spacing--section-bottom);padding-bottom:var(--wp--preset--spacing--section-bottom)\">\n<div class=\"wp-block-columns alignwide is-layout-flex wp-container-core-columns-is-layout-c45ee707 wp-block-columns-is-layout-flex\" style=\"margin-bottom:var(--wp--preset--spacing--side-padding);padding-top:var(--wp--preset--spacing--side-padding)\">\n<div class=\"wp-block-column is-vertically-aligned-center is-layout-flow wp-block-column-is-layout-flow\">\n<figure class=\"wp-block-image size-full is-style-rounded\"><img decoding=\"async\" src=\"https:\/\/evolve-fitness.eu\/wp-content\/uploads\/2025\/08\/Dizainas-be-pavadinimo-20-2.png\" alt=\"\" class=\"wp-image-204806\"\/><\/figure>\n<\/div>\n\n\n\n<div class=\"wp-block-column is-vertically-aligned-center is-layout-flow wp-block-column-is-layout-flow\">\n<h3 class=\"wp-block-heading\" style=\"margin-bottom:var(--wp--preset--spacing--h-3-bottom)\"><strong><strong><strong>ERDVI B\u0116GIMO ZONA<\/strong><\/strong><\/strong><\/h3>\n\n\n\n<p>Sukurtas nat\u016braliam jud\u0117jimui<\/p>\n\n\n\n<p style=\"margin-bottom:var(--wp--preset--spacing--tb-section-padding)\">Platus ir ilgas b\u0117gimo pavir\u0161ius suteikia pakankamai erdv\u0117s patogiam ir nat\u016braliam \u017eingsniui. \u0160i konstrukcija padeda \u012fvairaus \u016bgio ir b\u0117gimo stiliaus naudotojams, kartu didindama bendr\u0105 treniruo\u010di\u0173 saugum\u0105. <\/p>\n<\/div>\n<\/div>\n<\/section>\n\n<section class=\"wp-block-group alignfull black-content has-white-color has-darkgray-background-color has-text-color has-background is-layout-constrained wp-block-group-is-layout-constrained\" style=\"padding-top:var(--wp--preset--spacing--section-bottom);padding-bottom:var(--wp--preset--spacing--section-bottom)\">\n<div class=\"wp-block-columns alignwide are-vertically-aligned-center is-layout-flex wp-container-core-columns-is-layout-e8158c2f wp-block-columns-is-layout-flex\" style=\"padding-top:var(--wp--preset--spacing--side-padding)\">\n<div class=\"wp-block-column is-vertically-aligned-center is-layout-flow wp-block-column-is-layout-flow\">\n<figure class=\"wp-block-image aligncenter size-full is-style-rounded\"><img decoding=\"async\" src=\"https:\/\/evolve-fitness.eu\/wp-content\/uploads\/2023\/08\/EV-HT-350-LED-7.jpg\" alt=\"\" class=\"wp-image-2609\"\/><\/figure>\n<\/div>\n\n\n\n<div class=\"wp-block-column is-vertically-aligned-center is-layout-flow wp-block-column-is-layout-flow\">\n<h3 class=\"wp-block-heading\" style=\"margin-bottom:var(--wp--preset--spacing--h-3-bottom)\"><strong><strong>\u0160irdies ritmo steb\u0117jimas<\/strong><\/strong><\/h3>\n\n\n\n<p><strong><em><strong>I\u0161manusis fitnesas<\/strong><\/em><\/strong><\/p>\n\n\n\n<p style=\"margin-bottom:var(--wp--preset--spacing--tb-section-padding)\">Steb\u0117kite savo \u0161irdies ritm\u0105, kad gal\u0117tum\u0117te optimizuoti treniruot\u0119. \u0160irdies ritmo sekimas ne tik padeda i\u0161vengti per didelio fizinio kr\u016bvio, bet ir leid\u017eia pasiekti tam tikras treniruo\u010di\u0173 zonas, taip padidinant \u0161irdies ir kraujagysli\u0173 treniruo\u010di\u0173 ir kalorij\u0173 deginimo seans\u0173 efektyvum\u0105.<\/p>\n<\/div>\n<\/div>\n\n\n\n<div class=\"wp-block-columns alignwide are-vertically-aligned-center is-layout-flex wp-container-core-columns-is-layout-e8158c2f wp-block-columns-is-layout-flex\" style=\"padding-top:var(--wp--preset--spacing--side-padding)\">\n<div class=\"wp-block-column is-vertically-aligned-center is-layout-flow wp-block-column-is-layout-flow\">\n<h3 class=\"wp-block-heading\" style=\"margin-bottom:var(--wp--preset--spacing--h-3-bottom)\"><strong><strong><strong><strong>B\u016bkite hidratuoti ir organizuoti<\/strong><\/strong><\/strong><\/strong><\/h3>\n\n\n\n<p><strong><em><strong>Vandens buteli\u0173 ir pried\u0173 laikikliai<\/strong><\/em><\/strong><\/p>\n\n\n\n<p style=\"margin-bottom:var(--wp--preset--spacing--tb-section-padding)\">I\u0161 abiej\u0173 pusi\u0173 integruoti laikikliai m\u0117gstamiausiems g\u0117rimams ir saugios vietos, padengtos neslid\u017eiais ra\u0161tais, treniruo\u010di\u0173 reikmenims laikyti. Viskas, ko reikia, bus pasiekiama ranka.<\/p>\n<\/div>\n\n\n\n<div class=\"wp-block-column is-vertically-aligned-center is-layout-flow wp-block-column-is-layout-flow\">\n<figure class=\"wp-block-image aligncenter size-full is-resized is-style-rounded\"><img decoding=\"async\" src=\"https:\/\/evolve-fitness.eu\/wp-content\/uploads\/2025\/08\/550-1-scaled.png\" alt=\"\" class=\"wp-image-206763\" style=\"width:376px;height:auto\"\/><\/figure>\n<\/div>\n<\/div>\n<\/section>\n\n<section class=\"wp-block-group alignfull black-content has-white-color has-darkgray-background-color has-text-color has-background is-layout-constrained wp-block-group-is-layout-constrained\" style=\"padding-top:var(--wp--preset--spacing--section-bottom);padding-bottom:var(--wp--preset--spacing--section-bottom)\">\n<div class=\"wp-block-columns alignwide are-vertically-aligned-center is-layout-flex wp-container-core-columns-is-layout-e8158c2f wp-block-columns-is-layout-flex\" style=\"padding-top:var(--wp--preset--spacing--side-padding)\">\n<div class=\"wp-block-column is-vertically-aligned-center is-layout-flow wp-block-column-is-layout-flow\">\n<figure class=\"wp-block-image aligncenter size-full is-resized is-style-rounded\"><img decoding=\"async\" src=\"https:\/\/evolve-fitness.eu\/wp-content\/uploads\/2025\/08\/550-2-scaled.png\" alt=\"\" class=\"wp-image-206788\" style=\"width:424px;height:auto\"\/><\/figure>\n<\/div>\n\n\n\n<div class=\"wp-block-column is-vertically-aligned-center is-layout-flow wp-block-column-is-layout-flow\">\n<h3 class=\"wp-block-heading\" style=\"margin-bottom:var(--wp--preset--spacing--h-3-bottom)\"><strong><strong><strong>Saugos raktas<\/strong><\/strong><\/strong><\/h3>\n\n\n\n<p><strong><em><strong><strong>Pirmenyb\u0119 teikite savo saugumui<\/strong><\/strong><\/em><\/strong><\/p>\n\n\n\n<p style=\"margin-bottom:var(--wp--preset--spacing--tb-section-padding)\">Prie\u0161 kiekvien\u0105 treniruot\u0119 prie drabu\u017ei\u0173 prisekite raudon\u0105 saugos rakt\u0105. Esant avarinei situacijai, apsauginis raktas i\u0161sijungia, tod\u0117l b\u0117gimo takelis i\u0161 karto sustoja. J\u016bs\u0173 saugumas mums yra svarbiausia.<\/p>\n<\/div>\n<\/div>\n<\/section>\n","protected":false},"excerpt":{"rendered":"<p>&#8222;Evolve EV-TM-EC-550-LED&#8221; b\u0117gimo takelis skirtas komerciniam ir auk\u0161to lygio fitneso naudojimui. Patvarus r\u0117mas, erdvi b\u0117gimo zona ir pa\u017eangus valdymo pultas u\u017etikrina komfort\u0105, saugum\u0105 ir ilgalaik\u012f patikimum\u0105 kiekvienos treniruot\u0117s metu. <\/p>\n","protected":false},"featured_media":135884,"template":"","meta":{"_acf_changed":false,"inline_featured_image":false},"product_cat":[117,137,138,139],"product_tag":[],"class_list":{"0":"post-148387","1":"product","2":"type-product","3":"status-publish","4":"has-post-thumbnail","6":"product_cat-pagrindinis-puslapis","7":"product_cat-kardio-iranga","8":"product_cat-komercine-kardio-iranga","9":"product_cat-econ-series-kardio","11":"first","12":"outofstock","13":"shipping-taxable","14":"purchasable","15":"product-type-simple"},"acf":[],"_links":{"self":[{"href":"https:\/\/store.evolve-fitness.eu\/lt\/wp-json\/wp\/v2\/product\/148387","targetHints":{"allow":["GET"]}}],"collection":[{"href":"https:\/\/store.evolve-fitness.eu\/lt\/wp-json\/wp\/v2\/product"}],"about":[{"href":"https:\/\/store.evolve-fitness.eu\/lt\/wp-json\/wp\/v2\/types\/product"}],"wp:featuredmedia":[{"embeddable":true,"href":"https:\/\/store.evolve-fitness.eu\/lt\/wp-json\/wp\/v2\/media\/135884"}],"wp:attachment":[{"href":"https:\/\/store.evolve-fitness.eu\/lt\/wp-json\/wp\/v2\/media?parent=148387"}],"wp:term":[{"taxonomy":"product_cat","embeddable":true,"href":"https:\/\/store.evolve-fitness.eu\/lt\/wp-json\/wp\/v2\/product_cat?post=148387"},{"taxonomy":"product_tag","embeddable":true,"href":"https:\/\/store.evolve-fitness.eu\/lt\/wp-json\/wp\/v2\/product_tag?post=148387"}],"curies":[{"name":"wp","href":"https:\/\/api.w.org\/{rel}","templated":true}]}}