{"id":146150,"date":"2025-10-13T13:13:50","date_gmt":"2025-10-13T13:13:50","guid":{"rendered":"https:\/\/store.evolve-fitness.eu\/product\/evolve-bazine-plokste-bp-512\/"},"modified":"2025-10-13T13:13:50","modified_gmt":"2025-10-13T13:13:50","slug":"evolve-bazine-plokste-bp-512","status":"publish","type":"product","link":"https:\/\/store.evolve-fitness.eu\/lt\/produktas\/evolve-bazine-plokste-bp-512\/","title":{"rendered":"&#8222;Evolve&#8221; bazin\u0117 plok\u0161t\u0117 (BP-512)"},"content":{"rendered":"","protected":false},"excerpt":{"rendered":"<p>&#8222;Evolve&#8221; pagrindo plok\u0161t\u0117 yra konstrukcinis komponentas, skirtas u\u017etikrinti did\u017eiausi\u0105 stabilum\u0105 ir saugi\u0105 pad\u0117t\u012f jungiant du stovus naudojant 51,2 cm jungiam\u0105j\u012f r\u0117m\u0105. Tiksliai pagaminta i\u0161 didelio atsparumo plieno, pagrindo plok\u0161t\u0117 suteikia tvirt\u0105 pagrind\u0105, kuris padidina bendr\u0105 stela\u017eo konstrukcijos standum\u0105. Jos tvirta konstrukcija neleid\u017eia jud\u0117ti ar pasislinkti per intensyvias treniruotes, i\u0161laikydama teising\u0105 sujungt\u0173 stov\u0173 pad\u0117t\u012f. Idealiai tinka modulin\u0117ms stovo konfig\u016bracijoms, tod\u0117l &#8222;Evolve Base Plate&#8221; u\u017etikrina saugi\u0105, patvari\u0105 ir profesionali\u0105 konfig\u016bracij\u0105, tinkam\u0105 tiek komercin\u0117ms, tiek sportin\u0117ms treniruot\u0117ms.   <\/p>\n","protected":false},"featured_media":137438,"template":"","meta":{"_acf_changed":false,"inline_featured_image":false},"product_cat":[143,215],"product_tag":[],"class_list":{"0":"post-146150","1":"product","2":"type-product","3":"status-publish","4":"has-post-thumbnail","6":"product_cat-irangos-komponentai","7":"product_cat-pagrindines-dalys","9":"first","10":"instock","11":"shipping-taxable","12":"purchasable","13":"product-type-simple"},"acf":[],"_links":{"self":[{"href":"https:\/\/store.evolve-fitness.eu\/lt\/wp-json\/wp\/v2\/product\/146150","targetHints":{"allow":["GET"]}}],"collection":[{"href":"https:\/\/store.evolve-fitness.eu\/lt\/wp-json\/wp\/v2\/product"}],"about":[{"href":"https:\/\/store.evolve-fitness.eu\/lt\/wp-json\/wp\/v2\/types\/product"}],"wp:featuredmedia":[{"embeddable":true,"href":"https:\/\/store.evolve-fitness.eu\/lt\/wp-json\/wp\/v2\/media\/137438"}],"wp:attachment":[{"href":"https:\/\/store.evolve-fitness.eu\/lt\/wp-json\/wp\/v2\/media?parent=146150"}],"wp:term":[{"taxonomy":"product_cat","embeddable":true,"href":"https:\/\/store.evolve-fitness.eu\/lt\/wp-json\/wp\/v2\/product_cat?post=146150"},{"taxonomy":"product_tag","embeddable":true,"href":"https:\/\/store.evolve-fitness.eu\/lt\/wp-json\/wp\/v2\/product_tag?post=146150"}],"curies":[{"name":"wp","href":"https:\/\/api.w.org\/{rel}","templated":true}]}}