{"id":146095,"date":"2025-10-13T12:27:58","date_gmt":"2025-10-13T12:27:58","guid":{"rendered":"https:\/\/store.evolve-fitness.eu\/product\/evolve-lentos-tvirtinimo-itaisas-180-cm-pb-010\/"},"modified":"2026-03-12T12:00:50","modified_gmt":"2026-03-12T12:00:50","slug":"evolve-lentos-tvirtinimo-itaisas-180-cm-pb-010","status":"publish","type":"product","link":"https:\/\/store.evolve-fitness.eu\/lt\/produktas\/evolve-lentos-tvirtinimo-itaisas-180-cm-pb-010\/","title":{"rendered":"&#8222;Evolve&#8221; lentos tvirtinimo \u012ftaisas &#8211; 180 cm (PB-010)"},"content":{"rendered":"","protected":false},"excerpt":{"rendered":"<p>  &#8222;Evolve Peg Board Attachment&#8221; &#8211; 180 cm &#8211; tai auk\u0161\u010diausios kokyb\u0117s ant sienos tvirtinama treniruokl\u0117, skirta vir\u0161utin\u0117s k\u016bno dalies j\u0117gai, koordinacijai ir i\u0161tvermei lavinti. Pagaminta i\u0161 patvarios, auk\u0161tos kokyb\u0117s medienos, ji suteikia patikim\u0105 ir stabil\u0173 pavir\u0161i\u0173 lipimo ant kuoliuk\u0173 pratimams, kurie paprastai naudojami funkcin\u0117se treniruot\u0117se ir sportiniame rengime. 180 cm ilgio lentoje yra daugyb\u0117 tiksliai i\u0161gr\u0119\u017et\u0173 skyli\u0173, kuriomis galima lipti \u012fvairiais laipiojimo mar\u0161rutais, skatinant subalansuot\u0105 pe\u010di\u0173, rank\u0173 ir \u0161erdies raumen\u0173 aktyvinim\u0105. Idealiai tinka tiek komercin\u0117ms sporto sal\u0117ms, tiek pa\u017eengusiems namie, nes &#8222;Evolve&#8221; laipiojimo lentos su kuoliukais tvirtinimo \u012ftaisas yra veiksmingas b\u016bdas i\u0161bandyti su\u0117mimo j\u0117g\u0105, pagerinti k\u016bno kontrol\u0119 ir \u012fvairiapusi\u0161kai pritaikyti bet koki\u0105 funkcinio lavinimo srit\u012f.     <\/p>\n<p>\n","protected":false},"featured_media":146101,"template":"","meta":{"_acf_changed":false,"inline_featured_image":false},"product_cat":[143,144],"product_tag":[],"class_list":{"0":"post-146095","1":"product","2":"type-product","3":"status-publish","4":"has-post-thumbnail","6":"product_cat-irangos-komponentai","7":"product_cat-priedai","9":"first","10":"instock","11":"shipping-taxable","12":"purchasable","13":"product-type-simple"},"acf":[],"_links":{"self":[{"href":"https:\/\/store.evolve-fitness.eu\/lt\/wp-json\/wp\/v2\/product\/146095","targetHints":{"allow":["GET"]}}],"collection":[{"href":"https:\/\/store.evolve-fitness.eu\/lt\/wp-json\/wp\/v2\/product"}],"about":[{"href":"https:\/\/store.evolve-fitness.eu\/lt\/wp-json\/wp\/v2\/types\/product"}],"wp:featuredmedia":[{"embeddable":true,"href":"https:\/\/store.evolve-fitness.eu\/lt\/wp-json\/wp\/v2\/media\/146101"}],"wp:attachment":[{"href":"https:\/\/store.evolve-fitness.eu\/lt\/wp-json\/wp\/v2\/media?parent=146095"}],"wp:term":[{"taxonomy":"product_cat","embeddable":true,"href":"https:\/\/store.evolve-fitness.eu\/lt\/wp-json\/wp\/v2\/product_cat?post=146095"},{"taxonomy":"product_tag","embeddable":true,"href":"https:\/\/store.evolve-fitness.eu\/lt\/wp-json\/wp\/v2\/product_tag?post=146095"}],"curies":[{"name":"wp","href":"https:\/\/api.w.org\/{rel}","templated":true}]}}