{"id":146057,"date":"2025-10-13T11:25:30","date_gmt":"2025-10-13T11:25:30","guid":{"rendered":"https:\/\/store.evolve-fitness.eu\/product\/evolve-body-pump-rack-20-vnt-pr-250\/"},"modified":"2026-03-11T12:00:54","modified_gmt":"2026-03-11T12:00:54","slug":"evolve-body-pump-rack-20-vnt-pr-250","status":"publish","type":"product","link":"https:\/\/store.evolve-fitness.eu\/lt\/produktas\/evolve-body-pump-rack-20-vnt-pr-250\/","title":{"rendered":"&#8222;Evolve Body-Pump Rack&#8221; &#8211; 20 vnt. (PR-250)"},"content":{"rendered":"\n<section class=\"wp-block-group alignfull black-content has-white-color has-darkgray-background-color has-text-color has-background is-layout-constrained wp-block-group-is-layout-constrained\" style=\"padding-top:var(--wp--preset--spacing--section-bottom);padding-bottom:var(--wp--preset--spacing--section-bottom)\">\n<div class=\"wp-block-columns alignwide mobile-reverse is-layout-flex wp-container-core-columns-is-layout-ca64bf2d wp-block-columns-is-layout-flex\" style=\"margin-bottom:var(--wp--preset--spacing--side-padding)\">\n<div class=\"wp-block-column is-vertically-aligned-center is-layout-flow wp-block-column-is-layout-flow\">\n<h3 class=\"wp-block-heading\" style=\"margin-bottom:var(--wp--preset--spacing--h-3-bottom)\"><strong><strong><strong><strong><strong><strong><strong><strong><strong>Tikslas ir funkcijos<\/strong><\/strong><\/strong><\/strong><\/strong><\/strong><\/strong><\/strong><\/strong><\/h3>\n\n\n\n<p>&#8222;Evolve Body-Pump&#8221; stovas skirtas laikyti ir tvarkyti iki <strong>20 piln\u0173 &#8222;Body Pump&#8221; rinkini\u0173<\/strong> (\u0161tangos su svorio plok\u0161tel\u0117mis). Jis u\u017etikrina tvarking\u0105 ir efektyvi\u0105 treniruo\u010di\u0173 aplink\u0105, tod\u0117l naudotojai gali greitai pasiekti \u012frang\u0105 per grupinius fitneso u\u017esi\u0117mimus. <\/p>\n<\/div>\n\n\n\n<div class=\"wp-block-column is-vertically-aligned-center is-layout-flow wp-block-column-is-layout-flow\">\n<figure class=\"wp-block-image size-full is-resized\"><img decoding=\"async\" src=\"https:\/\/evolve-fitness.eu\/wp-content\/uploads\/2025\/10\/EV-SC-PR-250.png\" alt=\"\" class=\"wp-image-211103\" style=\"width:660px;height:auto\"\/><\/figure>\n<\/div>\n<\/div>\n\n\n\n<div class=\"wp-block-columns alignwide is-layout-flex wp-container-core-columns-is-layout-c45ee707 wp-block-columns-is-layout-flex\" style=\"margin-bottom:var(--wp--preset--spacing--side-padding);padding-top:var(--wp--preset--spacing--side-padding)\">\n<div class=\"wp-block-column is-vertically-aligned-center is-layout-flow wp-block-column-is-layout-flow\">\n<figure class=\"wp-block-image size-full\"><img decoding=\"async\" src=\"https:\/\/evolve-fitness.eu\/wp-content\/uploads\/2025\/10\/Heading-5-1.png\" alt=\"\" class=\"wp-image-211130\"\/><\/figure>\n<\/div>\n\n\n\n<div class=\"wp-block-column is-vertically-aligned-center is-layout-constrained wp-block-column-is-layout-constrained\">\n<h3 class=\"wp-block-heading\" style=\"margin-bottom:var(--wp--preset--spacing--h-3-bottom)\"><strong><strong><strong><strong><strong><strong><strong><strong><strong><strong>Konstrukcija ir med\u017eiagos<\/strong><\/strong><\/strong><\/strong><\/strong><\/strong><\/strong><\/strong><\/strong><\/strong><\/h3>\n\n\n\n<p>Stela\u017eas pagamintas i\u0161 <strong>patvaraus plieno<\/strong>, u\u017etikrinan\u010dio puik\u0173 stabilum\u0105 ir ilgalaik\u012f tvirtum\u0105.<br\/>Visi jungiamieji elementai yra sustiprinti, kad patikimai veikt\u0173, o <strong>milteliniu b\u016bdu dengta apdaila<\/strong> apsaugo nuo korozijos ir nusid\u0117v\u0117jimo.<br\/>\u0160oniniai laikikliai ir atraminiai strypai kruop\u0161\u010diai i\u0161d\u0117styti taip, kad strypai ir plok\u0161t\u0117s b\u016bt\u0173 saugiai laikomi savo vietose.<\/p>\n<\/div>\n<\/div>\n\n\n\n<p class=\"has-text-align-center has-medium-2-font-size\" style=\"padding-top:var(--wp--preset--spacing--tb-padding);padding-bottom:var(--wp--preset--spacing--tb-padding)\"><\/p>\n<\/section>\n","protected":false},"excerpt":{"rendered":"<p>&#8222;Evolve Body-Pump&#8221; stovas &#8211; 20 vnt. &#8211; tai profesionalus laikymo sprendimas, skirtas iki dvide\u0161im\u010diai piln\u0173 &#8222;Body Pump&#8221; rinkini\u0173, \u012fskaitant \u0161tangas ir svorio plok\u0161tes, sutvarkyti. Pagamintas i\u0161 patvaraus plieno, padengto korozijai atsparia milteline danga, jis u\u017etikrina ilgalaik\u012f stabilum\u0105 ir patikimum\u0105 tiek komercin\u0117je, tiek grupini\u0173 treniruo\u010di\u0173 aplinkoje. Stovas turi gerai i\u0161d\u0117stytus laikiklius, kurie leid\u017eia greitai ir lengvai pasiekti kiekvien\u0105 rinkin\u012f, kartu i\u0161laikant \u0161vari\u0105 ir tvarking\u0105 treniruo\u010di\u0173 zon\u0105. Tvirtos konstrukcijos ir eleganti\u0161ko dizaino &#8222;Evolve Body-Pump&#8221; stovas maksimaliai padidina erdv\u0117s efektyvum\u0105, padidina saugum\u0105 ir suteikia profesionali\u0105 i\u0161vaizd\u0105 bet kuriai treniruokli\u0173 salei.   <\/p>\n<p>\n","protected":false},"featured_media":146062,"template":"","meta":{"_acf_changed":false,"inline_featured_image":false},"product_cat":[127,153],"product_tag":[2380,2381,2382],"class_list":{"0":"post-146057","1":"product","2":"type-product","3":"status-publish","4":"has-post-thumbnail","6":"product_cat-laisvieji-svarmenys","7":"product_cat-stelazai-ir-saugojimo-sprendimai","8":"product_tag-kuno-siurblys","9":"product_tag-stovas","10":"product_tag-stovas-20-vnt","12":"first","13":"instock","14":"shipping-taxable","15":"purchasable","16":"product-type-simple"},"acf":[],"_links":{"self":[{"href":"https:\/\/store.evolve-fitness.eu\/lt\/wp-json\/wp\/v2\/product\/146057","targetHints":{"allow":["GET"]}}],"collection":[{"href":"https:\/\/store.evolve-fitness.eu\/lt\/wp-json\/wp\/v2\/product"}],"about":[{"href":"https:\/\/store.evolve-fitness.eu\/lt\/wp-json\/wp\/v2\/types\/product"}],"wp:featuredmedia":[{"embeddable":true,"href":"https:\/\/store.evolve-fitness.eu\/lt\/wp-json\/wp\/v2\/media\/146062"}],"wp:attachment":[{"href":"https:\/\/store.evolve-fitness.eu\/lt\/wp-json\/wp\/v2\/media?parent=146057"}],"wp:term":[{"taxonomy":"product_cat","embeddable":true,"href":"https:\/\/store.evolve-fitness.eu\/lt\/wp-json\/wp\/v2\/product_cat?post=146057"},{"taxonomy":"product_tag","embeddable":true,"href":"https:\/\/store.evolve-fitness.eu\/lt\/wp-json\/wp\/v2\/product_tag?post=146057"}],"curies":[{"name":"wp","href":"https:\/\/api.w.org\/{rel}","templated":true}]}}