{"id":145641,"date":"2025-10-14T14:42:45","date_gmt":"2025-10-14T11:42:45","guid":{"rendered":"https:\/\/store.evolve-fitness.eu\/product\/evolve-econ-series-ploksteles-pakrautos-i-lat-pulldown-ec-050\/"},"modified":"2025-10-14T14:42:45","modified_gmt":"2025-10-14T14:42:45","slug":"evolve-econ-series-ploksteles-pakrautos-i-lat-pulldown-ec-050","status":"publish","type":"product","link":"https:\/\/store.evolve-fitness.eu\/lt\/produktas\/evolve-econ-series-ploksteles-pakrautos-i-lat-pulldown-ec-050\/","title":{"rendered":"&#8222;Evolve Econ Series&#8221; plok\u0161tel\u0117s, pakrautos \u012f Lat Pulldown (EC-050)"},"content":{"rendered":"","protected":false},"excerpt":{"rendered":"<p>&#8222;Evolve Econ&#8221; serijos &#8222;Lat Pulldown&#8221; treniruoklis su plok\u0161tele skirtas latissimus dorsi, biceps\u0173 ir vir\u0161utin\u0117s nugaros dalies raumenims formuoti ir stiprinti, naudojant tolyg\u0173 ir nuosekl\u0173 pasiprie\u0161inim\u0105. Plok\u0161tel\u0117mis pakraunamas mechanizmas u\u017etikrina lengv\u0105 apkrovos pritaikym\u0105, o ergonomi\u0161ka s\u0117dyn\u0117 ir \u0161laun\u0173 pagalv\u0117l\u0117s u\u017etikrina patogum\u0105 ir stabilum\u0105 intensyvi\u0173 treniruo\u010di\u0173 metu. Sukurtas d\u0117l patvarumo ir na\u0161umo, jis idealiai tinka tiek komercin\u0117ms, tiek profesionalioms treniruo\u010di\u0173 erdv\u0117ms.  <\/p>\n","protected":false},"featured_media":145648,"template":"","meta":{"_acf_changed":false,"inline_featured_image":false},"product_cat":[129,224],"product_tag":[],"class_list":{"0":"post-145641","1":"product","2":"type-product","3":"status-publish","4":"has-post-thumbnail","6":"product_cat-laisvu-svoriu-treniruokliai","7":"product_cat-econ-serijos-laisvu-svoriu-treniruokliai","9":"first","10":"instock","11":"shipping-taxable","12":"purchasable","13":"product-type-simple"},"acf":[],"_links":{"self":[{"href":"https:\/\/store.evolve-fitness.eu\/lt\/wp-json\/wp\/v2\/product\/145641","targetHints":{"allow":["GET"]}}],"collection":[{"href":"https:\/\/store.evolve-fitness.eu\/lt\/wp-json\/wp\/v2\/product"}],"about":[{"href":"https:\/\/store.evolve-fitness.eu\/lt\/wp-json\/wp\/v2\/types\/product"}],"wp:featuredmedia":[{"embeddable":true,"href":"https:\/\/store.evolve-fitness.eu\/lt\/wp-json\/wp\/v2\/media\/145648"}],"wp:attachment":[{"href":"https:\/\/store.evolve-fitness.eu\/lt\/wp-json\/wp\/v2\/media?parent=145641"}],"wp:term":[{"taxonomy":"product_cat","embeddable":true,"href":"https:\/\/store.evolve-fitness.eu\/lt\/wp-json\/wp\/v2\/product_cat?post=145641"},{"taxonomy":"product_tag","embeddable":true,"href":"https:\/\/store.evolve-fitness.eu\/lt\/wp-json\/wp\/v2\/product_tag?post=145641"}],"curies":[{"name":"wp","href":"https:\/\/api.w.org\/{rel}","templated":true}]}}