{"id":145552,"date":"2025-10-14T14:37:37","date_gmt":"2025-10-14T11:37:37","guid":{"rendered":"https:\/\/store.evolve-fitness.eu\/product\/evolve-econ-serijos-ploksteles-pakrautos-i-stovima-krutines-lasta-ec-040\/"},"modified":"2025-10-14T14:37:37","modified_gmt":"2025-10-14T14:37:37","slug":"evolve-econ-serijos-ploksteles-pakrautos-i-stovima-krutines-lasta-ec-040","status":"publish","type":"product","link":"https:\/\/store.evolve-fitness.eu\/lt\/produktas\/evolve-econ-serijos-ploksteles-pakrautos-i-stovima-krutines-lasta-ec-040\/","title":{"rendered":"&#8222;Evolve Econ&#8221; serijos plok\u0161tel\u0117s, pakrautos \u012f stovim\u0105 kr\u016btin\u0117s l\u0105st\u0105 (EC-040)"},"content":{"rendered":"","protected":false},"excerpt":{"rendered":"<p>&#8222;Evolve Econ&#8221; serijos &#8222;Plate Loaded Standing Chest Fly&#8221; yra sukurtas taip, kad kontroliuojamu, nat\u016braliu judesiu stovint b\u016bt\u0173 veiksmingai izoliuojami ir lavinami kr\u016btin\u0117s raumenys. Plok\u0161tel\u0117mis apkrauta sistema u\u017etikrina skland\u0173 pasiprie\u0161inimo reguliavim\u0105, o ergonomi\u0161ka rank\u0173 konstrukcija u\u017etikrina tinkam\u0105 judes\u012f ir raumen\u0173 \u012fsitraukim\u0105. Sukurtas i\u0161 patvari\u0173 med\u017eiag\u0173, jis patikimai veikia tiek profesionaliose, tiek komercin\u0117se sporto sal\u0117se.  <\/p>\n","protected":false},"featured_media":145553,"template":"","meta":{"_acf_changed":false,"inline_featured_image":false},"product_cat":[129,224],"product_tag":[],"class_list":{"0":"post-145552","1":"product","2":"type-product","3":"status-publish","4":"has-post-thumbnail","6":"product_cat-laisvu-svoriu-treniruokliai","7":"product_cat-econ-serijos-laisvu-svoriu-treniruokliai","9":"first","10":"instock","11":"shipping-taxable","12":"purchasable","13":"product-type-simple"},"acf":[],"_links":{"self":[{"href":"https:\/\/store.evolve-fitness.eu\/lt\/wp-json\/wp\/v2\/product\/145552","targetHints":{"allow":["GET"]}}],"collection":[{"href":"https:\/\/store.evolve-fitness.eu\/lt\/wp-json\/wp\/v2\/product"}],"about":[{"href":"https:\/\/store.evolve-fitness.eu\/lt\/wp-json\/wp\/v2\/types\/product"}],"wp:featuredmedia":[{"embeddable":true,"href":"https:\/\/store.evolve-fitness.eu\/lt\/wp-json\/wp\/v2\/media\/145553"}],"wp:attachment":[{"href":"https:\/\/store.evolve-fitness.eu\/lt\/wp-json\/wp\/v2\/media?parent=145552"}],"wp:term":[{"taxonomy":"product_cat","embeddable":true,"href":"https:\/\/store.evolve-fitness.eu\/lt\/wp-json\/wp\/v2\/product_cat?post=145552"},{"taxonomy":"product_tag","embeddable":true,"href":"https:\/\/store.evolve-fitness.eu\/lt\/wp-json\/wp\/v2\/product_tag?post=145552"}],"curies":[{"name":"wp","href":"https:\/\/api.w.org\/{rel}","templated":true}]}}