{"id":145396,"date":"2025-10-14T14:25:55","date_gmt":"2025-10-14T11:25:55","guid":{"rendered":"https:\/\/store.evolve-fitness.eu\/product\/evolve-econ-serijos-ploksciu-krutines-spaudimas-ec-035\/"},"modified":"2025-10-14T14:25:55","modified_gmt":"2025-10-14T14:25:55","slug":"evolve-econ-serijos-ploksciu-krutines-spaudimas-ec-035","status":"publish","type":"product","link":"https:\/\/store.evolve-fitness.eu\/lt\/produktas\/evolve-econ-serijos-ploksciu-krutines-spaudimas-ec-035\/","title":{"rendered":"&#8222;Evolve Econ&#8221; serijos plok\u0161\u010di\u0173 kr\u016btin\u0117s spaudimas (EC-035)"},"content":{"rendered":"","protected":false},"excerpt":{"rendered":"<p>&#8222;Evolve Econ Series&#8221; kr\u016btin\u0117s spaudimo treniruoklis su plok\u0161tel\u0117mis skirtas veiksmingai vir\u0161utin\u0117s k\u016bno dalies j\u0117gos treniruotei, daugiausia d\u0117mesio skiriant kr\u016btin\u0117s, tricepso ir pe\u010di\u0173 raumenims. Jo konstrukcija su plok\u0161t\u0117mis u\u017etikrina skland\u0173 ir nat\u016bral\u0173 spaudimo judes\u012f, o ergonomi\u0161ka s\u0117dyn\u0117 ir rankena u\u017etikrina optimal\u0173 komfort\u0105 ir stabilum\u0105. Sukurtas siekiant u\u017etikrinti ilgaam\u017ei\u0161kum\u0105 ir nuosekl\u0173 veikim\u0105, jis tinka naudoti tiek komercin\u0117se, tiek nam\u0173 sporto sal\u0117se.  <\/p>\n","protected":false},"featured_media":145397,"template":"","meta":{"_acf_changed":false,"inline_featured_image":false},"product_cat":[129,224],"product_tag":[],"class_list":{"0":"post-145396","1":"product","2":"type-product","3":"status-publish","4":"has-post-thumbnail","6":"product_cat-laisvu-svoriu-treniruokliai","7":"product_cat-econ-serijos-laisvu-svoriu-treniruokliai","9":"first","10":"instock","11":"shipping-taxable","12":"purchasable","13":"product-type-simple"},"acf":[],"_links":{"self":[{"href":"https:\/\/store.evolve-fitness.eu\/lt\/wp-json\/wp\/v2\/product\/145396","targetHints":{"allow":["GET"]}}],"collection":[{"href":"https:\/\/store.evolve-fitness.eu\/lt\/wp-json\/wp\/v2\/product"}],"about":[{"href":"https:\/\/store.evolve-fitness.eu\/lt\/wp-json\/wp\/v2\/types\/product"}],"wp:featuredmedia":[{"embeddable":true,"href":"https:\/\/store.evolve-fitness.eu\/lt\/wp-json\/wp\/v2\/media\/145397"}],"wp:attachment":[{"href":"https:\/\/store.evolve-fitness.eu\/lt\/wp-json\/wp\/v2\/media?parent=145396"}],"wp:term":[{"taxonomy":"product_cat","embeddable":true,"href":"https:\/\/store.evolve-fitness.eu\/lt\/wp-json\/wp\/v2\/product_cat?post=145396"},{"taxonomy":"product_tag","embeddable":true,"href":"https:\/\/store.evolve-fitness.eu\/lt\/wp-json\/wp\/v2\/product_tag?post=145396"}],"curies":[{"name":"wp","href":"https:\/\/api.w.org\/{rel}","templated":true}]}}