{"id":145294,"date":"2025-10-14T14:15:43","date_gmt":"2025-10-14T11:15:43","guid":{"rendered":"https:\/\/store.evolve-fitness.eu\/product\/evolve-econ-serijos-ploksciu-pakelimas-stovint-ant-sono-ec-020\/"},"modified":"2025-10-14T14:15:43","modified_gmt":"2025-10-14T14:15:43","slug":"evolve-econ-serijos-ploksciu-pakelimas-stovint-ant-sono-ec-020","status":"publish","type":"product","link":"https:\/\/store.evolve-fitness.eu\/lt\/produktas\/evolve-econ-serijos-ploksciu-pakelimas-stovint-ant-sono-ec-020\/","title":{"rendered":"&#8222;Evolve Econ&#8221; serijos plok\u0161\u010di\u0173 pak\u0117limas stovint ant \u0161ono (EC-020)"},"content":{"rendered":"","protected":false},"excerpt":{"rendered":"<p>&#8222;Evolve Econ&#8221; serijos &#8222;Plate Loaded Standing Lateral Raise&#8221; pratimas skirtas \u0161oniniams deltiniams raumenims izoliuoti ir stiprinti atliekant nat\u016bral\u0173 judes\u012f stovint. Plok\u0161tel\u0117mis apkrautas mechanizmas leid\u017eia skland\u017eiai valdyti pasiprie\u0161inim\u0105, o ergonomi\u0161ka rankena u\u017etikrina tinkam\u0105 form\u0105 ir pusiausvyr\u0105. Sukurtas d\u0117l ilgaam\u017ei\u0161kumo ir pastovaus veikimo, jis idealiai tinka tiek komercin\u0117ms, tiek profesionalioms treniruot\u0117ms.  <\/p>\n","protected":false},"featured_media":145295,"template":"","meta":{"_acf_changed":false,"inline_featured_image":false},"product_cat":[129,224],"product_tag":[],"class_list":{"0":"post-145294","1":"product","2":"type-product","3":"status-publish","4":"has-post-thumbnail","6":"product_cat-laisvu-svoriu-treniruokliai","7":"product_cat-econ-serijos-laisvu-svoriu-treniruokliai","9":"first","10":"instock","11":"shipping-taxable","12":"purchasable","13":"product-type-simple"},"acf":[],"_links":{"self":[{"href":"https:\/\/store.evolve-fitness.eu\/lt\/wp-json\/wp\/v2\/product\/145294","targetHints":{"allow":["GET"]}}],"collection":[{"href":"https:\/\/store.evolve-fitness.eu\/lt\/wp-json\/wp\/v2\/product"}],"about":[{"href":"https:\/\/store.evolve-fitness.eu\/lt\/wp-json\/wp\/v2\/types\/product"}],"wp:featuredmedia":[{"embeddable":true,"href":"https:\/\/store.evolve-fitness.eu\/lt\/wp-json\/wp\/v2\/media\/145295"}],"wp:attachment":[{"href":"https:\/\/store.evolve-fitness.eu\/lt\/wp-json\/wp\/v2\/media?parent=145294"}],"wp:term":[{"taxonomy":"product_cat","embeddable":true,"href":"https:\/\/store.evolve-fitness.eu\/lt\/wp-json\/wp\/v2\/product_cat?post=145294"},{"taxonomy":"product_tag","embeddable":true,"href":"https:\/\/store.evolve-fitness.eu\/lt\/wp-json\/wp\/v2\/product_tag?post=145294"}],"curies":[{"name":"wp","href":"https:\/\/api.w.org\/{rel}","templated":true}]}}