{"id":145064,"date":"2025-10-15T08:36:34","date_gmt":"2025-10-15T05:36:34","guid":{"rendered":"https:\/\/store.evolve-fitness.eu\/product\/evolve-econ-serijos-ploksteles-su-vertikaliu-klubo-sanario-traukos-mechanizmu-ec-150\/"},"modified":"2025-10-15T08:36:34","modified_gmt":"2025-10-15T08:36:34","slug":"evolve-econ-serijos-ploksteles-su-vertikaliu-klubo-sanario-traukos-mechanizmu-ec-150","status":"publish","type":"product","link":"https:\/\/store.evolve-fitness.eu\/lt\/produktas\/evolve-econ-serijos-ploksteles-su-vertikaliu-klubo-sanario-traukos-mechanizmu-ec-150\/","title":{"rendered":"&#8222;Evolve Econ&#8221; serijos plok\u0161tel\u0117s su vertikaliu klubo s\u0105nario traukos mechanizmu (EC-150)"},"content":{"rendered":"","protected":false},"excerpt":{"rendered":"<p>&#8222;Evolve Econ&#8221; serijos &#8222;Plate Load Vertical Hip Thrust&#8221; treniruoklis skirtas s\u0117dmenims ir \u0161launies raumenims izoliuoti ir stiprinti, atliekant galing\u0105 vertikalios traukos judes\u012f. Jo plok\u0161teli\u0173 pasiprie\u0161inimo sistema u\u017etikrina skland\u0173 ir reguliuojam\u0105 apkrovim\u0105, o pamink\u0161tinta platforma ir stabilus pagrindas u\u017etikrina patogum\u0105 ir saugum\u0105 treniruo\u010di\u0173 metu. Sukurtas d\u0117l ilgaam\u017ei\u0161kumo ir pastovaus na\u0161umo, jis yra puikus pasirinkimas komercin\u0117ms ir profesionalioms j\u0117gos treniruo\u010di\u0173 \u012fstaigoms.  <\/p>\n","protected":false},"featured_media":145077,"template":"","meta":{"_acf_changed":false,"inline_featured_image":false},"product_cat":[129,224],"product_tag":[],"class_list":{"0":"post-145064","1":"product","2":"type-product","3":"status-publish","4":"has-post-thumbnail","6":"product_cat-laisvu-svoriu-treniruokliai","7":"product_cat-econ-serijos-laisvu-svoriu-treniruokliai","9":"first","10":"instock","11":"shipping-taxable","12":"purchasable","13":"product-type-simple"},"acf":[],"_links":{"self":[{"href":"https:\/\/store.evolve-fitness.eu\/lt\/wp-json\/wp\/v2\/product\/145064","targetHints":{"allow":["GET"]}}],"collection":[{"href":"https:\/\/store.evolve-fitness.eu\/lt\/wp-json\/wp\/v2\/product"}],"about":[{"href":"https:\/\/store.evolve-fitness.eu\/lt\/wp-json\/wp\/v2\/types\/product"}],"wp:featuredmedia":[{"embeddable":true,"href":"https:\/\/store.evolve-fitness.eu\/lt\/wp-json\/wp\/v2\/media\/145077"}],"wp:attachment":[{"href":"https:\/\/store.evolve-fitness.eu\/lt\/wp-json\/wp\/v2\/media?parent=145064"}],"wp:term":[{"taxonomy":"product_cat","embeddable":true,"href":"https:\/\/store.evolve-fitness.eu\/lt\/wp-json\/wp\/v2\/product_cat?post=145064"},{"taxonomy":"product_tag","embeddable":true,"href":"https:\/\/store.evolve-fitness.eu\/lt\/wp-json\/wp\/v2\/product_tag?post=145064"}],"curies":[{"name":"wp","href":"https:\/\/api.w.org\/{rel}","templated":true}]}}