{"id":144885,"date":"2025-10-14T16:23:16","date_gmt":"2025-10-14T13:23:16","guid":{"rendered":"https:\/\/store.evolve-fitness.eu\/product\/evolve-econ-series-ploksteliu-pakrautas-dirzas-ec-140\/"},"modified":"2025-10-14T16:23:16","modified_gmt":"2025-10-14T16:23:16","slug":"evolve-econ-series-ploksteliu-pakrautas-dirzas-ec-140","status":"publish","type":"product","link":"https:\/\/store.evolve-fitness.eu\/lt\/produktas\/evolve-econ-series-ploksteliu-pakrautas-dirzas-ec-140\/","title":{"rendered":"&#8222;Evolve Econ Series&#8221; plok\u0161teli\u0173 pakrautas dir\u017eas (EC-140)"},"content":{"rendered":"","protected":false},"excerpt":{"rendered":"<p>&#8222;Evolve Econ&#8221; serijos &#8222;Plate Loaded Belt Squat&#8221; sukurtas taip, kad ugdyt\u0173 apatin\u0117s k\u016bno dalies j\u0117g\u0105 ir kuo labiau suma\u017eint\u0173 stuburo apkrov\u0105. Jo plok\u0161teli\u0173 sistema u\u017etikrina tolyg\u0173 ir reguliuojam\u0105 pasiprie\u0161inim\u0105, tod\u0117l naudotojai gali efektyviai treniruoti keturgalvius, \u0161launies raumenis ir s\u0117dmenis. D\u0117l stabilios platformos ir ergonomi\u0161kos dir\u017e\u0173 sistemos jis u\u017etikrina patogum\u0105, saugum\u0105 ir pastov\u0173 veikim\u0105, tod\u0117l idealiai tinka tiek komercin\u0117ms, tiek profesionalioms treniruot\u0117ms.  <\/p>\n<p>\n","protected":false},"featured_media":144945,"template":"","meta":{"_acf_changed":false,"inline_featured_image":false},"product_cat":[129,224],"product_tag":[],"class_list":{"0":"post-144885","1":"product","2":"type-product","3":"status-publish","4":"has-post-thumbnail","6":"product_cat-laisvu-svoriu-treniruokliai","7":"product_cat-econ-serijos-laisvu-svoriu-treniruokliai","9":"first","10":"instock","11":"shipping-taxable","12":"purchasable","13":"product-type-simple"},"acf":[],"_links":{"self":[{"href":"https:\/\/store.evolve-fitness.eu\/lt\/wp-json\/wp\/v2\/product\/144885","targetHints":{"allow":["GET"]}}],"collection":[{"href":"https:\/\/store.evolve-fitness.eu\/lt\/wp-json\/wp\/v2\/product"}],"about":[{"href":"https:\/\/store.evolve-fitness.eu\/lt\/wp-json\/wp\/v2\/types\/product"}],"wp:featuredmedia":[{"embeddable":true,"href":"https:\/\/store.evolve-fitness.eu\/lt\/wp-json\/wp\/v2\/media\/144945"}],"wp:attachment":[{"href":"https:\/\/store.evolve-fitness.eu\/lt\/wp-json\/wp\/v2\/media?parent=144885"}],"wp:term":[{"taxonomy":"product_cat","embeddable":true,"href":"https:\/\/store.evolve-fitness.eu\/lt\/wp-json\/wp\/v2\/product_cat?post=144885"},{"taxonomy":"product_tag","embeddable":true,"href":"https:\/\/store.evolve-fitness.eu\/lt\/wp-json\/wp\/v2\/product_tag?post=144885"}],"curies":[{"name":"wp","href":"https:\/\/api.w.org\/{rel}","templated":true}]}}