{"id":144794,"date":"2025-10-14T16:12:42","date_gmt":"2025-10-14T13:12:42","guid":{"rendered":"https:\/\/store.evolve-fitness.eu\/product\/evolve-econ-serijos-ploksteliu-kruvis-klubo-sanariui-ec-130\/"},"modified":"2025-10-14T16:12:42","modified_gmt":"2025-10-14T16:12:42","slug":"evolve-econ-serijos-ploksteliu-kruvis-klubo-sanariui-ec-130","status":"publish","type":"product","link":"https:\/\/store.evolve-fitness.eu\/lt\/produktas\/evolve-econ-serijos-ploksteliu-kruvis-klubo-sanariui-ec-130\/","title":{"rendered":"&#8222;Evolve Econ&#8221; serijos plok\u0161teli\u0173 kr\u016bvis klubo s\u0105nariui (EC-130)"},"content":{"rendered":"","protected":false},"excerpt":{"rendered":"<p>&#8222;Evolve Econ&#8221; serijos treniruoklis &#8222;Plate Loaded Hip Thrust&#8221; skirtas efektyviai treniruoti ir stiprinti s\u0117dmenis, str\u0117nas ir \u0161erd\u012f atliekant saug\u0173 ir kontroliuojam\u0105 k\u0117limo judes\u012f. Jos plok\u0161teli\u0173 \u012fkraunama pasiprie\u0161inimo sistema leid\u017eia skland\u017eiai reguliuoti apkrov\u0105, o ergonomi\u0161ka pamink\u0161tinta platforma ir reguliuojama p\u0117d\u0173 pad\u0117tis u\u017etikrina patogum\u0105 ir stabilum\u0105. Sukurtas d\u0117l ilgaam\u017ei\u0161kumo ir pastovaus na\u0161umo, jis idealiai tinka profesionalioms ir komercin\u0117ms j\u0117gos treniruo\u010di\u0173 aplinkoms.  <\/p>\n<p>\n","protected":false},"featured_media":144795,"template":"","meta":{"_acf_changed":false,"inline_featured_image":false},"product_cat":[129,224],"product_tag":[],"class_list":{"0":"post-144794","1":"product","2":"type-product","3":"status-publish","4":"has-post-thumbnail","6":"product_cat-laisvu-svoriu-treniruokliai","7":"product_cat-econ-serijos-laisvu-svoriu-treniruokliai","9":"first","10":"instock","11":"shipping-taxable","12":"purchasable","13":"product-type-simple"},"acf":[],"_links":{"self":[{"href":"https:\/\/store.evolve-fitness.eu\/lt\/wp-json\/wp\/v2\/product\/144794","targetHints":{"allow":["GET"]}}],"collection":[{"href":"https:\/\/store.evolve-fitness.eu\/lt\/wp-json\/wp\/v2\/product"}],"about":[{"href":"https:\/\/store.evolve-fitness.eu\/lt\/wp-json\/wp\/v2\/types\/product"}],"wp:featuredmedia":[{"embeddable":true,"href":"https:\/\/store.evolve-fitness.eu\/lt\/wp-json\/wp\/v2\/media\/144795"}],"wp:attachment":[{"href":"https:\/\/store.evolve-fitness.eu\/lt\/wp-json\/wp\/v2\/media?parent=144794"}],"wp:term":[{"taxonomy":"product_cat","embeddable":true,"href":"https:\/\/store.evolve-fitness.eu\/lt\/wp-json\/wp\/v2\/product_cat?post=144794"},{"taxonomy":"product_tag","embeddable":true,"href":"https:\/\/store.evolve-fitness.eu\/lt\/wp-json\/wp\/v2\/product_tag?post=144794"}],"curies":[{"name":"wp","href":"https:\/\/api.w.org\/{rel}","templated":true}]}}