{"id":144727,"date":"2025-10-14T15:58:15","date_gmt":"2025-10-14T12:58:15","guid":{"rendered":"https:\/\/store.evolve-fitness.eu\/product\/evolve-econ-serijos-ploksteles-pakrautos-stovint-ec-110\/"},"modified":"2025-10-14T15:58:15","modified_gmt":"2025-10-14T15:58:15","slug":"evolve-econ-serijos-ploksteles-pakrautos-stovint-ec-110","status":"publish","type":"product","link":"https:\/\/store.evolve-fitness.eu\/lt\/produktas\/evolve-econ-serijos-ploksteles-pakrautos-stovint-ec-110\/","title":{"rendered":"&#8222;Evolve Econ&#8221; serijos plok\u0161tel\u0117s, pakrautos stovint (EC-110)"},"content":{"rendered":"","protected":false},"excerpt":{"rendered":"<p>&#8222;Evolve Econ&#8221; serijos &#8222;Plate Loaded Standing Adduction&#8221; treniruoklis skirtas vidiniams \u0161laun\u0173 raumenims stiprinti ir tonizuoti, atliekant kontroliuojamus ir nat\u016bralius judesius. Jos plok\u0161teli\u0173 pasiprie\u0161inimo sistema u\u017etikrina skland\u0173 ir reguliuojam\u0105 apkrovim\u0105, o ergonomi\u0161ka stovima konstrukcija skatina stabilum\u0105 ir tinkam\u0105 k\u016bno pad\u0117t\u012f. Sukurtas d\u0117l ilgaam\u017ei\u0161kumo ir nuoseklaus veikimo, jis puikiai papildo bet kuri\u0105 komercin\u0119 ar profesionali\u0105 treniruo\u010di\u0173 \u012fstaig\u0105.  <\/p>\n<p>\n","protected":false},"featured_media":144733,"template":"","meta":{"_acf_changed":false,"inline_featured_image":false},"product_cat":[129,224],"product_tag":[],"class_list":{"0":"post-144727","1":"product","2":"type-product","3":"status-publish","4":"has-post-thumbnail","6":"product_cat-laisvu-svoriu-treniruokliai","7":"product_cat-econ-serijos-laisvu-svoriu-treniruokliai","9":"first","10":"instock","11":"shipping-taxable","12":"purchasable","13":"product-type-simple"},"acf":[],"_links":{"self":[{"href":"https:\/\/store.evolve-fitness.eu\/lt\/wp-json\/wp\/v2\/product\/144727","targetHints":{"allow":["GET"]}}],"collection":[{"href":"https:\/\/store.evolve-fitness.eu\/lt\/wp-json\/wp\/v2\/product"}],"about":[{"href":"https:\/\/store.evolve-fitness.eu\/lt\/wp-json\/wp\/v2\/types\/product"}],"wp:featuredmedia":[{"embeddable":true,"href":"https:\/\/store.evolve-fitness.eu\/lt\/wp-json\/wp\/v2\/media\/144733"}],"wp:attachment":[{"href":"https:\/\/store.evolve-fitness.eu\/lt\/wp-json\/wp\/v2\/media?parent=144727"}],"wp:term":[{"taxonomy":"product_cat","embeddable":true,"href":"https:\/\/store.evolve-fitness.eu\/lt\/wp-json\/wp\/v2\/product_cat?post=144727"},{"taxonomy":"product_tag","embeddable":true,"href":"https:\/\/store.evolve-fitness.eu\/lt\/wp-json\/wp\/v2\/product_tag?post=144727"}],"curies":[{"name":"wp","href":"https:\/\/api.w.org\/{rel}","templated":true}]}}