{"id":144686,"date":"2025-10-14T15:43:43","date_gmt":"2025-10-14T12:43:43","guid":{"rendered":"https:\/\/store.evolve-fitness.eu\/product\/evolve-econ-serijos-ploksciu-pakrautas-sedimuju-koju-pratesimas-ec-100\/"},"modified":"2025-10-14T15:43:43","modified_gmt":"2025-10-14T15:43:43","slug":"evolve-econ-serijos-ploksciu-pakrautas-sedimuju-koju-pratesimas-ec-100","status":"publish","type":"product","link":"https:\/\/store.evolve-fitness.eu\/lt\/produktas\/evolve-econ-serijos-ploksciu-pakrautas-sedimuju-koju-pratesimas-ec-100\/","title":{"rendered":"&#8222;Evolve Econ&#8221; serijos plok\u0161\u010di\u0173 pakrautas s\u0117dim\u0173j\u0173 koj\u0173 prat\u0119simas (EC-100)"},"content":{"rendered":"","protected":false},"excerpt":{"rendered":"<p>&#8222;Evolve Econ&#8221; serijos &#8222;Plate Load&#8221; s\u0117dimasis koj\u0173 tempimas skirtas keturgalviams \u0161launies raumenims izoliuoti ir stiprinti skland\u017eiu, kontroliuojamu k\u0117limo judesiu. Plok\u0161telin\u0117 pasiprie\u0161inimo sistema u\u017etikrina tiksl\u0173 apkrovos reguliavim\u0105, o ergonomi\u0161ka s\u0117dyn\u0117 ir koj\u0173 pagalv\u0117l\u0117s suteikia optimal\u0173 komfort\u0105 ir atram\u0105. Sukurtas d\u0117l ilgaam\u017ei\u0161kumo ir pastovaus veikimo, tai patikimas pasirinkimas tiek komercin\u0117se, tiek profesionaliose sporto sal\u0117se.  <\/p>\n","protected":false},"featured_media":144687,"template":"","meta":{"_acf_changed":false,"inline_featured_image":false},"product_cat":[129,224],"product_tag":[],"class_list":{"0":"post-144686","1":"product","2":"type-product","3":"status-publish","4":"has-post-thumbnail","6":"product_cat-laisvu-svoriu-treniruokliai","7":"product_cat-econ-serijos-laisvu-svoriu-treniruokliai","9":"first","10":"instock","11":"shipping-taxable","12":"purchasable","13":"product-type-simple"},"acf":[],"_links":{"self":[{"href":"https:\/\/store.evolve-fitness.eu\/lt\/wp-json\/wp\/v2\/product\/144686","targetHints":{"allow":["GET"]}}],"collection":[{"href":"https:\/\/store.evolve-fitness.eu\/lt\/wp-json\/wp\/v2\/product"}],"about":[{"href":"https:\/\/store.evolve-fitness.eu\/lt\/wp-json\/wp\/v2\/types\/product"}],"wp:featuredmedia":[{"embeddable":true,"href":"https:\/\/store.evolve-fitness.eu\/lt\/wp-json\/wp\/v2\/media\/144687"}],"wp:attachment":[{"href":"https:\/\/store.evolve-fitness.eu\/lt\/wp-json\/wp\/v2\/media?parent=144686"}],"wp:term":[{"taxonomy":"product_cat","embeddable":true,"href":"https:\/\/store.evolve-fitness.eu\/lt\/wp-json\/wp\/v2\/product_cat?post=144686"},{"taxonomy":"product_tag","embeddable":true,"href":"https:\/\/store.evolve-fitness.eu\/lt\/wp-json\/wp\/v2\/product_tag?post=144686"}],"curies":[{"name":"wp","href":"https:\/\/api.w.org\/{rel}","templated":true}]}}