{"id":144605,"date":"2025-10-14T15:38:05","date_gmt":"2025-10-14T12:38:05","guid":{"rendered":"https:\/\/store.evolve-fitness.eu\/product\/evolve-econ-serijos-ploksteliu-pakrautas-koju-lenkimas-ec-090\/"},"modified":"2025-10-14T15:38:05","modified_gmt":"2025-10-14T15:38:05","slug":"evolve-econ-serijos-ploksteliu-pakrautas-koju-lenkimas-ec-090","status":"publish","type":"product","link":"https:\/\/store.evolve-fitness.eu\/lt\/produktas\/evolve-econ-serijos-ploksteliu-pakrautas-koju-lenkimas-ec-090\/","title":{"rendered":"&#8222;Evolve Econ&#8221; serijos plok\u0161teli\u0173 pakrautas koj\u0173 lenkimas (EC-090)"},"content":{"rendered":"","protected":false},"excerpt":{"rendered":"<p>&#8222;Evolve Econ&#8221; serijos &#8222;Prone Leg Curl&#8221; treniruoklis su plok\u0161tele yra sukurtas taip, kad kontroliuojamu ir nat\u016braliu lenkimo judesiu b\u016bt\u0173 veiksmingai treniruojami ir stiprinami sprando raumenys. Jos plok\u0161tel\u0117mis apkrauta konstrukcija leid\u017eia skland\u017eiai reguliuoti pasiprie\u0161inim\u0105, o ergonomi\u0161kos pagalv\u0117l\u0117s u\u017etikrina optimal\u0173 komfort\u0105 ir s\u0105nari\u0173 i\u0161sid\u0117stym\u0105. Sukurtas atsi\u017evelgiant \u012f ilgaam\u017ei\u0161kum\u0105 ir tikslum\u0105, jis idealiai tinka tiek komercin\u0117ms, tiek profesionalioms j\u0117gos treniruo\u010di\u0173 \u012fstaigoms.  <\/p>\n","protected":false},"featured_media":144611,"template":"","meta":{"_acf_changed":false,"inline_featured_image":false},"product_cat":[129,224],"product_tag":[],"class_list":{"0":"post-144605","1":"product","2":"type-product","3":"status-publish","4":"has-post-thumbnail","6":"product_cat-laisvu-svoriu-treniruokliai","7":"product_cat-econ-serijos-laisvu-svoriu-treniruokliai","9":"first","10":"instock","11":"shipping-taxable","12":"purchasable","13":"product-type-simple"},"acf":[],"_links":{"self":[{"href":"https:\/\/store.evolve-fitness.eu\/lt\/wp-json\/wp\/v2\/product\/144605","targetHints":{"allow":["GET"]}}],"collection":[{"href":"https:\/\/store.evolve-fitness.eu\/lt\/wp-json\/wp\/v2\/product"}],"about":[{"href":"https:\/\/store.evolve-fitness.eu\/lt\/wp-json\/wp\/v2\/types\/product"}],"wp:featuredmedia":[{"embeddable":true,"href":"https:\/\/store.evolve-fitness.eu\/lt\/wp-json\/wp\/v2\/media\/144611"}],"wp:attachment":[{"href":"https:\/\/store.evolve-fitness.eu\/lt\/wp-json\/wp\/v2\/media?parent=144605"}],"wp:term":[{"taxonomy":"product_cat","embeddable":true,"href":"https:\/\/store.evolve-fitness.eu\/lt\/wp-json\/wp\/v2\/product_cat?post=144605"},{"taxonomy":"product_tag","embeddable":true,"href":"https:\/\/store.evolve-fitness.eu\/lt\/wp-json\/wp\/v2\/product_tag?post=144605"}],"curies":[{"name":"wp","href":"https:\/\/api.w.org\/{rel}","templated":true}]}}