{"id":144458,"date":"2025-10-14T15:24:32","date_gmt":"2025-10-14T12:24:32","guid":{"rendered":"https:\/\/store.evolve-fitness.eu\/product\/evolve-econ-series-plokstele-su-dvigalvio-zasto-lenkimo-funkcija-ec-080\/"},"modified":"2025-10-14T15:24:32","modified_gmt":"2025-10-14T15:24:32","slug":"evolve-econ-series-plokstele-su-dvigalvio-zasto-lenkimo-funkcija-ec-080","status":"publish","type":"product","link":"https:\/\/store.evolve-fitness.eu\/lt\/produktas\/evolve-econ-series-plokstele-su-dvigalvio-zasto-lenkimo-funkcija-ec-080\/","title":{"rendered":"&#8222;Evolve Econ Series&#8221; plok\u0161tel\u0117 su dvigalvio \u017easto lenkimo funkcija (EC-080)"},"content":{"rendered":"","protected":false},"excerpt":{"rendered":"<p>&#8222;Evolve Econ&#8221; serijos &#8222;Econ Series&#8221; su plok\u0161tel\u0117mis apkrautas dvigalvio \u017easto lenkimo pratimas skirtas izoliuoti ir stiprinti dvigalv\u012f \u017easto raumen\u012f atliekant skland\u0173, nat\u016bral\u0173 k\u0117limo judes\u012f. Plok\u0161tel\u0117mis apkrautas mechanizmas leid\u017eia tiksliai valdyti pasiprie\u0161inim\u0105, o ergonomi\u0161ka rankena ir rank\u0173 pagalv\u0117l\u0117s u\u017etikrina patogum\u0105 ir tinkam\u0105 form\u0105. Sukurtas d\u0117l ilgaam\u017ei\u0161kumo ir nuoseklaus veikimo, jis puikiai papildo bet kuri\u0105 komercin\u0119 ar profesionali\u0105 sporto sal\u0117s \u012frang\u0105.  <\/p>\n","protected":false},"featured_media":144459,"template":"","meta":{"_acf_changed":false,"inline_featured_image":false},"product_cat":[129,224],"product_tag":[],"class_list":{"0":"post-144458","1":"product","2":"type-product","3":"status-publish","4":"has-post-thumbnail","6":"product_cat-laisvu-svoriu-treniruokliai","7":"product_cat-econ-serijos-laisvu-svoriu-treniruokliai","9":"first","10":"instock","11":"shipping-taxable","12":"purchasable","13":"product-type-simple"},"acf":[],"_links":{"self":[{"href":"https:\/\/store.evolve-fitness.eu\/lt\/wp-json\/wp\/v2\/product\/144458","targetHints":{"allow":["GET"]}}],"collection":[{"href":"https:\/\/store.evolve-fitness.eu\/lt\/wp-json\/wp\/v2\/product"}],"about":[{"href":"https:\/\/store.evolve-fitness.eu\/lt\/wp-json\/wp\/v2\/types\/product"}],"wp:featuredmedia":[{"embeddable":true,"href":"https:\/\/store.evolve-fitness.eu\/lt\/wp-json\/wp\/v2\/media\/144459"}],"wp:attachment":[{"href":"https:\/\/store.evolve-fitness.eu\/lt\/wp-json\/wp\/v2\/media?parent=144458"}],"wp:term":[{"taxonomy":"product_cat","embeddable":true,"href":"https:\/\/store.evolve-fitness.eu\/lt\/wp-json\/wp\/v2\/product_cat?post=144458"},{"taxonomy":"product_tag","embeddable":true,"href":"https:\/\/store.evolve-fitness.eu\/lt\/wp-json\/wp\/v2\/product_tag?post=144458"}],"curies":[{"name":"wp","href":"https:\/\/api.w.org\/{rel}","templated":true}]}}