{"id":144306,"date":"2025-10-14T14:53:47","date_gmt":"2025-10-14T11:53:47","guid":{"rendered":"https:\/\/store.evolve-fitness.eu\/product\/evolve-econ-serijos-ploksteles-su-sedimaja-eilute-ec-060\/"},"modified":"2025-10-14T14:53:47","modified_gmt":"2025-10-14T14:53:47","slug":"evolve-econ-serijos-ploksteles-su-sedimaja-eilute-ec-060","status":"publish","type":"product","link":"https:\/\/store.evolve-fitness.eu\/lt\/produktas\/evolve-econ-serijos-ploksteles-su-sedimaja-eilute-ec-060\/","title":{"rendered":"&#8222;Evolve Econ&#8221; serijos plok\u0161tel\u0117s su s\u0117dim\u0105ja eilute (EC-060)"},"content":{"rendered":"","protected":false},"excerpt":{"rendered":"<p>&#8222;Evolve Econ&#8221; serijos &#8222;Plate Loaded Seated Row&#8221; treniruoklis skirtas vir\u0161utinei ir vidurinei nugaros raumen\u0173 daliai treniruoti, atliekant skland\u0173 ir kontroliuojam\u0105 traukimo judes\u012f. Jos plok\u0161teli\u0173 pasiprie\u0161inimo sistema leid\u017eia lengvai reguliuoti svor\u012f, o ergonomi\u0161ka s\u0117dyn\u0117 ir kr\u016btin\u0117s atrama u\u017etikrina tinkam\u0105 laikysen\u0105 ir komfort\u0105. Sukurtas ilgalaikiam veikimui, tai patikimas pasirinkimas komercin\u0117ms sporto sal\u0117ms ir profesionalioms treniruo\u010di\u0173 aplinkoms.  <\/p>\n","protected":false},"featured_media":144311,"template":"","meta":{"_acf_changed":false,"inline_featured_image":false},"product_cat":[129,224],"product_tag":[],"class_list":{"0":"post-144306","1":"product","2":"type-product","3":"status-publish","4":"has-post-thumbnail","6":"product_cat-laisvu-svoriu-treniruokliai","7":"product_cat-econ-serijos-laisvu-svoriu-treniruokliai","9":"first","10":"instock","11":"shipping-taxable","12":"purchasable","13":"product-type-simple"},"acf":[],"_links":{"self":[{"href":"https:\/\/store.evolve-fitness.eu\/lt\/wp-json\/wp\/v2\/product\/144306","targetHints":{"allow":["GET"]}}],"collection":[{"href":"https:\/\/store.evolve-fitness.eu\/lt\/wp-json\/wp\/v2\/product"}],"about":[{"href":"https:\/\/store.evolve-fitness.eu\/lt\/wp-json\/wp\/v2\/types\/product"}],"wp:featuredmedia":[{"embeddable":true,"href":"https:\/\/store.evolve-fitness.eu\/lt\/wp-json\/wp\/v2\/media\/144311"}],"wp:attachment":[{"href":"https:\/\/store.evolve-fitness.eu\/lt\/wp-json\/wp\/v2\/media?parent=144306"}],"wp:term":[{"taxonomy":"product_cat","embeddable":true,"href":"https:\/\/store.evolve-fitness.eu\/lt\/wp-json\/wp\/v2\/product_cat?post=144306"},{"taxonomy":"product_tag","embeddable":true,"href":"https:\/\/store.evolve-fitness.eu\/lt\/wp-json\/wp\/v2\/product_tag?post=144306"}],"curies":[{"name":"wp","href":"https:\/\/api.w.org\/{rel}","templated":true}]}}