{"id":144229,"date":"2025-10-14T15:15:24","date_gmt":"2025-10-14T12:15:24","guid":{"rendered":"https:\/\/store.evolve-fitness.eu\/product\/evolve-econ-serijos-t-bar-eile-su-plokstelemis-ec-070\/"},"modified":"2025-10-14T15:15:24","modified_gmt":"2025-10-14T15:15:24","slug":"evolve-econ-serijos-t-bar-eile-su-plokstelemis-ec-070","status":"publish","type":"product","link":"https:\/\/store.evolve-fitness.eu\/lt\/produktas\/evolve-econ-serijos-t-bar-eile-su-plokstelemis-ec-070\/","title":{"rendered":"&#8222;Evolve Econ&#8221; serijos &#8222;T-bar&#8221; eil\u0117 su plok\u0161tel\u0117mis (EC-070)"},"content":{"rendered":"","protected":false},"excerpt":{"rendered":"<p>&#8222;Evolve Econ&#8221; serijos &#8222;T-Bar Row&#8221; treniruoklis su plok\u0161t\u0117mis skirtas nugarai, pe\u010diams ir rankoms lavinti, atliekant galingus ir kontroliuojamus irklavimo judesius. Plok\u0161tel\u0117mis apkrauta sistema u\u017etikrina skland\u0173 pasiprie\u0161inimo reguliavim\u0105, o plati ir neutrali rankena skatina subalansuot\u0105 raumen\u0173 aktyvinim\u0105. D\u0117l patvarios konstrukcijos ir ergonomi\u0161ko dizaino jis idealiai tinka tiek komercin\u0117ms, tiek profesionalioms j\u0117gos treniruo\u010di\u0173 aplinkoms.  <\/p>\n","protected":false},"featured_media":144230,"template":"","meta":{"_acf_changed":false,"inline_featured_image":false},"product_cat":[129,224],"product_tag":[],"class_list":{"0":"post-144229","1":"product","2":"type-product","3":"status-publish","4":"has-post-thumbnail","6":"product_cat-laisvu-svoriu-treniruokliai","7":"product_cat-econ-serijos-laisvu-svoriu-treniruokliai","9":"first","10":"instock","11":"shipping-taxable","12":"purchasable","13":"product-type-simple"},"acf":[],"_links":{"self":[{"href":"https:\/\/store.evolve-fitness.eu\/lt\/wp-json\/wp\/v2\/product\/144229","targetHints":{"allow":["GET"]}}],"collection":[{"href":"https:\/\/store.evolve-fitness.eu\/lt\/wp-json\/wp\/v2\/product"}],"about":[{"href":"https:\/\/store.evolve-fitness.eu\/lt\/wp-json\/wp\/v2\/types\/product"}],"wp:featuredmedia":[{"embeddable":true,"href":"https:\/\/store.evolve-fitness.eu\/lt\/wp-json\/wp\/v2\/media\/144230"}],"wp:attachment":[{"href":"https:\/\/store.evolve-fitness.eu\/lt\/wp-json\/wp\/v2\/media?parent=144229"}],"wp:term":[{"taxonomy":"product_cat","embeddable":true,"href":"https:\/\/store.evolve-fitness.eu\/lt\/wp-json\/wp\/v2\/product_cat?post=144229"},{"taxonomy":"product_tag","embeddable":true,"href":"https:\/\/store.evolve-fitness.eu\/lt\/wp-json\/wp\/v2\/product_tag?post=144229"}],"curies":[{"name":"wp","href":"https:\/\/api.w.org\/{rel}","templated":true}]}}