{"id":144116,"date":"2025-10-14T16:05:36","date_gmt":"2025-10-14T13:05:36","guid":{"rendered":"https:\/\/store.evolve-fitness.eu\/product\/evolve-econ-serijos-vertikalusis-koju-presas-ec-120\/"},"modified":"2025-10-14T16:05:36","modified_gmt":"2025-10-14T16:05:36","slug":"evolve-econ-serijos-vertikalusis-koju-presas-ec-120","status":"publish","type":"product","link":"https:\/\/store.evolve-fitness.eu\/lt\/produktas\/evolve-econ-serijos-vertikalusis-koju-presas-ec-120\/","title":{"rendered":"&#8222;Evolve Econ&#8221; serijos vertikalusis koj\u0173 presas (EC-120)"},"content":{"rendered":"","protected":false},"excerpt":{"rendered":"<p>&#8222;Evolve Econ&#8221; serijos vertikalusis koj\u0173 presas su plok\u0161tel\u0117mis sukurtas taip, kad maksimaliai padidint\u0173 apatin\u0117s k\u016bno dalies j\u0117g\u0105, daugiausia d\u0117mesio skiriant keturgalviams, \u0161launies raumenims ir s\u0117dmenims. Vertikali konstrukcija u\u017etikrina nat\u016bral\u0173 ir veiksming\u0105 spaudimo judes\u012f su optimaliu apkrovos paskirstymu, o plok\u0161teli\u0173 sistema u\u017etikrina skland\u0173 pasiprie\u0161inimo reguliavim\u0105. Pagamintas i\u0161 didelio atsparumo med\u017eiag\u0173, u\u017etikrinan\u010di\u0173 ilgaam\u017ei\u0161kum\u0105 ir stabilum\u0105, jis idealiai tinka tiek komercin\u0117ms, tiek profesionalioms sporto sal\u0117ms.  <\/p>\n<p>\n","protected":false},"featured_media":144121,"template":"","meta":{"_acf_changed":false,"inline_featured_image":false},"product_cat":[129,224],"product_tag":[],"class_list":{"0":"post-144116","1":"product","2":"type-product","3":"status-publish","4":"has-post-thumbnail","6":"product_cat-laisvu-svoriu-treniruokliai","7":"product_cat-econ-serijos-laisvu-svoriu-treniruokliai","9":"first","10":"instock","11":"shipping-taxable","12":"purchasable","13":"product-type-simple"},"acf":[],"_links":{"self":[{"href":"https:\/\/store.evolve-fitness.eu\/lt\/wp-json\/wp\/v2\/product\/144116","targetHints":{"allow":["GET"]}}],"collection":[{"href":"https:\/\/store.evolve-fitness.eu\/lt\/wp-json\/wp\/v2\/product"}],"about":[{"href":"https:\/\/store.evolve-fitness.eu\/lt\/wp-json\/wp\/v2\/types\/product"}],"wp:featuredmedia":[{"embeddable":true,"href":"https:\/\/store.evolve-fitness.eu\/lt\/wp-json\/wp\/v2\/media\/144121"}],"wp:attachment":[{"href":"https:\/\/store.evolve-fitness.eu\/lt\/wp-json\/wp\/v2\/media?parent=144116"}],"wp:term":[{"taxonomy":"product_cat","embeddable":true,"href":"https:\/\/store.evolve-fitness.eu\/lt\/wp-json\/wp\/v2\/product_cat?post=144116"},{"taxonomy":"product_tag","embeddable":true,"href":"https:\/\/store.evolve-fitness.eu\/lt\/wp-json\/wp\/v2\/product_tag?post=144116"}],"curies":[{"name":"wp","href":"https:\/\/api.w.org\/{rel}","templated":true}]}}