{"id":143873,"date":"2025-10-21T14:58:29","date_gmt":"2025-10-21T11:58:29","guid":{"rendered":"https:\/\/store.evolve-fitness.eu\/product\/evolve-ilga-tricepsu-virve-gh-090\/"},"modified":"2026-03-27T12:00:51","modified_gmt":"2026-03-27T12:00:51","slug":"evolve-ilga-tricepsu-virve-gh-090","status":"publish","type":"product","link":"https:\/\/store.evolve-fitness.eu\/lt\/produktas\/evolve-ilga-tricepsu-virve-gh-090\/","title":{"rendered":"&#8222;Evolve&#8221; ilga triceps\u0173 virv\u0117 (GH-090)"},"content":{"rendered":"","protected":false},"excerpt":{"rendered":"<p>&#8222;Evolve Econ&#8221; serijos ilgas tricepso lynas (EV-AC-GH-090) yra patvarus ir ergonomi\u0161kas kabelio tvirtinimo \u012ftaisas, skirtas veiksmingoms vir\u0161utin\u0117s k\u016bno dalies treniruot\u0117ms. Jo 140 cm ilgio virv\u0117 suteikia didesn\u012f judesi\u0173 diapazon\u0105 atliekant tricepso st\u016bmimus, veido traukimus ir kitus pratimus su kabeliu. <\/p>\n<p>Pagamintas i\u0161 tvirto pinto nailono su sustiprintais plieniniais galais, jis u\u017etikrina patogum\u0105, sukibim\u0105 ir ilgalaik\u012f patvarum\u0105. Suderinamas su visais standartiniais kabeliniais treniruokliais, tod\u0117l idealiai tinka naudoti tiek nam\u0173, tiek komercin\u0117se sporto sal\u0117se &#8211; padeda stiprinti ir formuoti rankas tiksliai ir kontroliuojamai. <\/p>\n","protected":false},"featured_media":143883,"template":"","meta":{"_acf_changed":false,"inline_featured_image":false},"product_cat":[166,150],"product_tag":[],"class_list":{"0":"post-143873","1":"product","2":"type-product","3":"status-publish","4":"has-post-thumbnail","6":"product_cat-pasirinktines-masinos","7":"product_cat-priedai-lt","9":"first","10":"instock","11":"shipping-taxable","12":"purchasable","13":"product-type-simple"},"acf":[],"_links":{"self":[{"href":"https:\/\/store.evolve-fitness.eu\/lt\/wp-json\/wp\/v2\/product\/143873","targetHints":{"allow":["GET"]}}],"collection":[{"href":"https:\/\/store.evolve-fitness.eu\/lt\/wp-json\/wp\/v2\/product"}],"about":[{"href":"https:\/\/store.evolve-fitness.eu\/lt\/wp-json\/wp\/v2\/types\/product"}],"wp:featuredmedia":[{"embeddable":true,"href":"https:\/\/store.evolve-fitness.eu\/lt\/wp-json\/wp\/v2\/media\/143883"}],"wp:attachment":[{"href":"https:\/\/store.evolve-fitness.eu\/lt\/wp-json\/wp\/v2\/media?parent=143873"}],"wp:term":[{"taxonomy":"product_cat","embeddable":true,"href":"https:\/\/store.evolve-fitness.eu\/lt\/wp-json\/wp\/v2\/product_cat?post=143873"},{"taxonomy":"product_tag","embeddable":true,"href":"https:\/\/store.evolve-fitness.eu\/lt\/wp-json\/wp\/v2\/product_tag?post=143873"}],"curies":[{"name":"wp","href":"https:\/\/api.w.org\/{rel}","templated":true}]}}