{"id":143774,"date":"2025-10-20T15:15:53","date_gmt":"2025-10-20T12:15:53","guid":{"rendered":"https:\/\/store.evolve-fitness.eu\/product\/evolve-kabelio-tvirtinimo-itaisas-ca-010\/"},"modified":"2026-03-13T12:01:56","modified_gmt":"2026-03-13T12:01:56","slug":"evolve-kabelio-tvirtinimo-itaisas-ca-010","status":"publish","type":"product","link":"https:\/\/store.evolve-fitness.eu\/lt\/produktas\/evolve-kabelio-tvirtinimo-itaisas-ca-010\/","title":{"rendered":"&#8222;Evolve&#8221; kabelio tvirtinimo \u012ftaisas (CA-010)"},"content":{"rendered":"","protected":false},"excerpt":{"rendered":"<p>&#8222;Evolve Cable Attachment&#8221; yra patvarus, ergonomi\u0161kas priedas, skirtas \u012fvairiapus\u0117ms j\u0117gos treniruot\u0117ms. Suderinamas su visais standartiniais kabeliniais treniruokliais, jis leid\u017eia skland\u017eiai ir kontroliuojamai jud\u0117ti atliekant tokius pratimus, kaip tricepso atsispaudimai, bicepso lenkimai ir \u012ft\u016bpstai. Sukurtas patogiai ir tiksliai, jis idealiai tinka tiek nam\u0173, tiek komercin\u0117ms treniruokli\u0173 sal\u0117ms.  <\/p>\n","protected":false},"featured_media":143775,"template":"","meta":{"_acf_changed":false,"inline_featured_image":false},"product_cat":[143,144],"product_tag":[],"class_list":{"0":"post-143774","1":"product","2":"type-product","3":"status-publish","4":"has-post-thumbnail","6":"product_cat-irangos-komponentai","7":"product_cat-priedai","9":"first","10":"outofstock","11":"shipping-taxable","12":"purchasable","13":"product-type-simple"},"acf":[],"_links":{"self":[{"href":"https:\/\/store.evolve-fitness.eu\/lt\/wp-json\/wp\/v2\/product\/143774","targetHints":{"allow":["GET"]}}],"collection":[{"href":"https:\/\/store.evolve-fitness.eu\/lt\/wp-json\/wp\/v2\/product"}],"about":[{"href":"https:\/\/store.evolve-fitness.eu\/lt\/wp-json\/wp\/v2\/types\/product"}],"wp:featuredmedia":[{"embeddable":true,"href":"https:\/\/store.evolve-fitness.eu\/lt\/wp-json\/wp\/v2\/media\/143775"}],"wp:attachment":[{"href":"https:\/\/store.evolve-fitness.eu\/lt\/wp-json\/wp\/v2\/media?parent=143774"}],"wp:term":[{"taxonomy":"product_cat","embeddable":true,"href":"https:\/\/store.evolve-fitness.eu\/lt\/wp-json\/wp\/v2\/product_cat?post=143774"},{"taxonomy":"product_tag","embeddable":true,"href":"https:\/\/store.evolve-fitness.eu\/lt\/wp-json\/wp\/v2\/product_tag?post=143774"}],"curies":[{"name":"wp","href":"https:\/\/api.w.org\/{rel}","templated":true}]}}