{"id":143648,"date":"2025-10-15T09:23:03","date_gmt":"2025-10-15T06:23:03","guid":{"rendered":"https:\/\/store.evolve-fitness.eu\/product\/evolve-econ-serijos-ploksciu-pakelimas-sedint-ec-190\/"},"modified":"2025-10-15T09:23:03","modified_gmt":"2025-10-15T09:23:03","slug":"evolve-econ-serijos-ploksciu-pakelimas-sedint-ec-190","status":"publish","type":"product","link":"https:\/\/store.evolve-fitness.eu\/lt\/produktas\/evolve-econ-serijos-ploksciu-pakelimas-sedint-ec-190\/","title":{"rendered":"&#8222;Evolve Econ&#8221; serijos plok\u0161\u010di\u0173 pak\u0117limas s\u0117dint (EC-190)"},"content":{"rendered":"","protected":false},"excerpt":{"rendered":"<p>&#8222;Evolve Econ&#8221; serijos &#8222;Plate Loaded Seated Calf Raise&#8221; treniruoklis skirtas blauzd\u0173 raumenims formuoti ir stiprinti, atliekant skland\u017eius ir kontroliuojamus k\u0117limo judesius. Jo plok\u0161teli\u0173 sistema leid\u017eia lengvai reguliuoti pasiprie\u0161inim\u0105, o ergonomi\u0161ka s\u0117dyn\u0117 ir pamink\u0161tintos koj\u0173 atramos u\u017etikrina patogum\u0105 ir tinkam\u0105 pad\u0117t\u012f. Sukurtas i\u0161 patvari\u0173 med\u017eiag\u0173, u\u017etikrinan\u010di\u0173 ilgalaik\u012f patikimum\u0105, \u0161is treniruoklis puikiai tinka tiek komercin\u0117se, tiek profesionaliose j\u0117gos treniruo\u010di\u0173 patalpose.  <\/p>\n","protected":false},"featured_media":143664,"template":"","meta":{"_acf_changed":false,"inline_featured_image":false},"product_cat":[129,224],"product_tag":[],"class_list":{"0":"post-143648","1":"product","2":"type-product","3":"status-publish","4":"has-post-thumbnail","6":"product_cat-laisvu-svoriu-treniruokliai","7":"product_cat-econ-serijos-laisvu-svoriu-treniruokliai","9":"first","10":"instock","11":"shipping-taxable","12":"purchasable","13":"product-type-simple"},"acf":[],"_links":{"self":[{"href":"https:\/\/store.evolve-fitness.eu\/lt\/wp-json\/wp\/v2\/product\/143648","targetHints":{"allow":["GET"]}}],"collection":[{"href":"https:\/\/store.evolve-fitness.eu\/lt\/wp-json\/wp\/v2\/product"}],"about":[{"href":"https:\/\/store.evolve-fitness.eu\/lt\/wp-json\/wp\/v2\/types\/product"}],"wp:featuredmedia":[{"embeddable":true,"href":"https:\/\/store.evolve-fitness.eu\/lt\/wp-json\/wp\/v2\/media\/143664"}],"wp:attachment":[{"href":"https:\/\/store.evolve-fitness.eu\/lt\/wp-json\/wp\/v2\/media?parent=143648"}],"wp:term":[{"taxonomy":"product_cat","embeddable":true,"href":"https:\/\/store.evolve-fitness.eu\/lt\/wp-json\/wp\/v2\/product_cat?post=143648"},{"taxonomy":"product_tag","embeddable":true,"href":"https:\/\/store.evolve-fitness.eu\/lt\/wp-json\/wp\/v2\/product_tag?post=143648"}],"curies":[{"name":"wp","href":"https:\/\/api.w.org\/{rel}","templated":true}]}}