{"id":143527,"date":"2025-10-15T09:10:51","date_gmt":"2025-10-15T06:10:51","guid":{"rendered":"https:\/\/store.evolve-fitness.eu\/product\/evolve-econ-serijos-ploksteliu-pakrautas-atvirkstinis-hiperekstenzijos-pratesimas-ec-170\/"},"modified":"2025-10-15T09:10:51","modified_gmt":"2025-10-15T09:10:51","slug":"evolve-econ-serijos-ploksteliu-pakrautas-atvirkstinis-hiperekstenzijos-pratesimas-ec-170","status":"publish","type":"product","link":"https:\/\/store.evolve-fitness.eu\/lt\/produktas\/evolve-econ-serijos-ploksteliu-pakrautas-atvirkstinis-hiperekstenzijos-pratesimas-ec-170\/","title":{"rendered":"&#8222;Evolve Econ&#8221; serijos plok\u0161teli\u0173 pakrautas atvirk\u0161tinis hiperekstenzijos prat\u0119simas (EC-170)"},"content":{"rendered":"","protected":false},"excerpt":{"rendered":"<p>&#8222;Evolve Econ&#8221; serijos &#8222;Plate Load Reverse Hyperextension&#8221; pratimas skirtas apatinei nugaros daliai, s\u0117dmenims ir \u0161launies raumenims stiprinti atliekant skland\u0173 ir kontroliuojam\u0105 k\u0117limo judes\u012f. Jos plok\u0161teli\u0173 sistema leid\u017eia reguliuoti pasiprie\u0161inim\u0105, taip skatinant saug\u0173 ir veiksming\u0105 u\u017epakalin\u0117s grandin\u0117s vystym\u0105si. Patvarus r\u0117mas, patogus pamink\u0161tinimas ir ergonomi\u0161ka atrama u\u017etikrina nuosekl\u0173 veikim\u0105 tiek komercin\u0117se, tiek profesionaliose treniruo\u010di\u0173 patalpose.  <\/p>\n","protected":false},"featured_media":143529,"template":"","meta":{"_acf_changed":false,"inline_featured_image":false},"product_cat":[129,224],"product_tag":[],"class_list":{"0":"post-143527","1":"product","2":"type-product","3":"status-publish","4":"has-post-thumbnail","6":"product_cat-laisvu-svoriu-treniruokliai","7":"product_cat-econ-serijos-laisvu-svoriu-treniruokliai","9":"first","10":"instock","11":"shipping-taxable","12":"purchasable","13":"product-type-simple"},"acf":[],"_links":{"self":[{"href":"https:\/\/store.evolve-fitness.eu\/lt\/wp-json\/wp\/v2\/product\/143527","targetHints":{"allow":["GET"]}}],"collection":[{"href":"https:\/\/store.evolve-fitness.eu\/lt\/wp-json\/wp\/v2\/product"}],"about":[{"href":"https:\/\/store.evolve-fitness.eu\/lt\/wp-json\/wp\/v2\/types\/product"}],"wp:featuredmedia":[{"embeddable":true,"href":"https:\/\/store.evolve-fitness.eu\/lt\/wp-json\/wp\/v2\/media\/143529"}],"wp:attachment":[{"href":"https:\/\/store.evolve-fitness.eu\/lt\/wp-json\/wp\/v2\/media?parent=143527"}],"wp:term":[{"taxonomy":"product_cat","embeddable":true,"href":"https:\/\/store.evolve-fitness.eu\/lt\/wp-json\/wp\/v2\/product_cat?post=143527"},{"taxonomy":"product_tag","embeddable":true,"href":"https:\/\/store.evolve-fitness.eu\/lt\/wp-json\/wp\/v2\/product_tag?post=143527"}],"curies":[{"name":"wp","href":"https:\/\/api.w.org\/{rel}","templated":true}]}}