{"id":143394,"date":"2025-10-15T08:51:30","date_gmt":"2025-10-15T05:51:30","guid":{"rendered":"https:\/\/store.evolve-fitness.eu\/product\/evolve-econ-series-plokstes-pakrautas-hack-squat-ec-160\/"},"modified":"2025-10-15T08:51:30","modified_gmt":"2025-10-15T08:51:30","slug":"evolve-econ-series-plokstes-pakrautas-hack-squat-ec-160","status":"publish","type":"product","link":"https:\/\/store.evolve-fitness.eu\/lt\/produktas\/evolve-econ-series-plokstes-pakrautas-hack-squat-ec-160\/","title":{"rendered":"&#8222;Evolve Econ Series&#8221; plok\u0161t\u0117s pakrautas Hack Squat (EC-160)"},"content":{"rendered":"","protected":false},"excerpt":{"rendered":"<p>&#8222;Evolve Econ&#8221; serijos treniruoklis &#8222;Hack Squat&#8221; su plok\u0161tele yra sukurtas taip, kad skland\u017eiai ir kontroliuojamai atliekant prit\u016bpimo judesius b\u016bt\u0173 lavinami keturgalviai, \u0161launies raumenys ir s\u0117dmenys. Jos plok\u0161teli\u0173 sistema leid\u017eia tiksliai reguliuoti pasiprie\u0161inim\u0105, o kampinis takelis ir ergonomi\u0161kos pe\u010di\u0173 pagalv\u0117l\u0117s u\u017etikrina patogum\u0105 ir tinkam\u0105 k\u016bno pad\u0117t\u012f. Sukurtas i\u0161 didelio atsparumo med\u017eiag\u0173, u\u017etikrinan\u010di\u0173 maksimal\u0173 stabilum\u0105 ir ilgaam\u017ei\u0161kum\u0105, jis idealiai tinka tiek komercin\u0117ms, tiek profesionalioms sporto sal\u0117ms.  <\/p>\n","protected":false},"featured_media":143414,"template":"","meta":{"_acf_changed":false,"inline_featured_image":false},"product_cat":[129,224],"product_tag":[],"class_list":{"0":"post-143394","1":"product","2":"type-product","3":"status-publish","4":"has-post-thumbnail","6":"product_cat-laisvu-svoriu-treniruokliai","7":"product_cat-econ-serijos-laisvu-svoriu-treniruokliai","9":"first","10":"instock","11":"shipping-taxable","12":"purchasable","13":"product-type-simple"},"acf":[],"_links":{"self":[{"href":"https:\/\/store.evolve-fitness.eu\/lt\/wp-json\/wp\/v2\/product\/143394","targetHints":{"allow":["GET"]}}],"collection":[{"href":"https:\/\/store.evolve-fitness.eu\/lt\/wp-json\/wp\/v2\/product"}],"about":[{"href":"https:\/\/store.evolve-fitness.eu\/lt\/wp-json\/wp\/v2\/types\/product"}],"wp:featuredmedia":[{"embeddable":true,"href":"https:\/\/store.evolve-fitness.eu\/lt\/wp-json\/wp\/v2\/media\/143414"}],"wp:attachment":[{"href":"https:\/\/store.evolve-fitness.eu\/lt\/wp-json\/wp\/v2\/media?parent=143394"}],"wp:term":[{"taxonomy":"product_cat","embeddable":true,"href":"https:\/\/store.evolve-fitness.eu\/lt\/wp-json\/wp\/v2\/product_cat?post=143394"},{"taxonomy":"product_tag","embeddable":true,"href":"https:\/\/store.evolve-fitness.eu\/lt\/wp-json\/wp\/v2\/product_tag?post=143394"}],"curies":[{"name":"wp","href":"https:\/\/api.w.org\/{rel}","templated":true}]}}