{"id":143243,"date":"2025-10-15T09:15:55","date_gmt":"2025-10-15T06:15:55","guid":{"rendered":"https:\/\/store.evolve-fitness.eu\/product\/evolve-econ-serijos-ploksciu-pakrautas-stovintis-klubo-abduktorius-ec-180\/"},"modified":"2025-10-15T09:15:55","modified_gmt":"2025-10-15T09:15:55","slug":"evolve-econ-serijos-ploksciu-pakrautas-stovintis-klubo-abduktorius-ec-180","status":"publish","type":"product","link":"https:\/\/store.evolve-fitness.eu\/lt\/produktas\/evolve-econ-serijos-ploksciu-pakrautas-stovintis-klubo-abduktorius-ec-180\/","title":{"rendered":"&#8222;Evolve Econ&#8221; serijos plok\u0161\u010di\u0173 pakrautas stovintis klubo abduktorius (EC-180)"},"content":{"rendered":"","protected":false},"excerpt":{"rendered":"<p>&#8222;Evolve Econ&#8221; serijos &#8222;Plate Loaded Standing Hip Abductor&#8221; skirtas veiksmingai stiprinti ir tonizuoti i\u0161orinius \u0161laun\u0173 ir s\u0117dmen\u0173 raumenis atliekant kontroliuojamus judesius stovint. Jo plok\u0161teli\u0173 pasiprie\u0161inimo sistema leid\u017eia skland\u017eiai ir tiksliai reguliuoti apkrov\u0105, o ergonomi\u0161kos atramin\u0117s pagalv\u0117l\u0117s u\u017etikrina patogum\u0105 ir stabilum\u0105. Sukurtas d\u0117l ilgalaikio patvarumo ir na\u0161umo, jis idealiai tinka tiek komercin\u0117ms, tiek profesionalioms sporto sal\u0117ms.  <\/p>\n","protected":false},"featured_media":143245,"template":"","meta":{"_acf_changed":false,"inline_featured_image":false},"product_cat":[129,224],"product_tag":[],"class_list":{"0":"post-143243","1":"product","2":"type-product","3":"status-publish","4":"has-post-thumbnail","6":"product_cat-laisvu-svoriu-treniruokliai","7":"product_cat-econ-serijos-laisvu-svoriu-treniruokliai","9":"first","10":"instock","11":"shipping-taxable","12":"purchasable","13":"product-type-simple"},"acf":[],"_links":{"self":[{"href":"https:\/\/store.evolve-fitness.eu\/lt\/wp-json\/wp\/v2\/product\/143243","targetHints":{"allow":["GET"]}}],"collection":[{"href":"https:\/\/store.evolve-fitness.eu\/lt\/wp-json\/wp\/v2\/product"}],"about":[{"href":"https:\/\/store.evolve-fitness.eu\/lt\/wp-json\/wp\/v2\/types\/product"}],"wp:featuredmedia":[{"embeddable":true,"href":"https:\/\/store.evolve-fitness.eu\/lt\/wp-json\/wp\/v2\/media\/143245"}],"wp:attachment":[{"href":"https:\/\/store.evolve-fitness.eu\/lt\/wp-json\/wp\/v2\/media?parent=143243"}],"wp:term":[{"taxonomy":"product_cat","embeddable":true,"href":"https:\/\/store.evolve-fitness.eu\/lt\/wp-json\/wp\/v2\/product_cat?post=143243"},{"taxonomy":"product_tag","embeddable":true,"href":"https:\/\/store.evolve-fitness.eu\/lt\/wp-json\/wp\/v2\/product_tag?post=143243"}],"curies":[{"name":"wp","href":"https:\/\/api.w.org\/{rel}","templated":true}]}}