{"id":140808,"date":"2025-10-14T10:57:45","date_gmt":"2025-10-14T10:57:45","guid":{"rendered":"https:\/\/store.evolve-fitness.eu\/product\/evolve-econ-serijos-ploksteliu-pakrautas-peciu-presas-ec-010\/"},"modified":"2025-10-14T10:57:45","modified_gmt":"2025-10-14T10:57:45","slug":"evolve-econ-serijos-ploksteliu-pakrautas-peciu-presas-ec-010","status":"publish","type":"product","link":"https:\/\/store.evolve-fitness.eu\/lt\/produktas\/evolve-econ-serijos-ploksteliu-pakrautas-peciu-presas-ec-010\/","title":{"rendered":"&#8222;Evolve Econ&#8221; serijos plok\u0161teli\u0173 pakrautas pe\u010di\u0173 presas (EC-010)"},"content":{"rendered":"","protected":false},"excerpt":{"rendered":"<p>&#8222;Evolve Econ&#8221; serijos &#8222;Plate Loaded Shoulder Press&#8221; yra patvarus ir efektyvus j\u0117gos treniruoklis, skirtas deltiniams raumenims stiprinti nat\u016braliais ir kontroliuojamais judesiais. Jo plok\u0161teli\u0173 sistema u\u017etikrina skland\u0173 pasiprie\u0161inimo reguliavim\u0105, o ergonomi\u0161ka s\u0117dyn\u0117 ir rankenos u\u017etikrina patogum\u0105 ir stabilum\u0105 treniruo\u010di\u0173 metu. Idealiai tinka tiek komercin\u0117ms, tiek nam\u0173 treniruokli\u0173 sal\u0117ms, u\u017etikrina patikim\u0105 veikim\u0105 ir ilgalaik\u012f patvarum\u0105.  <\/p>\n","protected":false},"featured_media":140836,"template":"","meta":{"_acf_changed":false,"inline_featured_image":false},"product_cat":[129,224],"product_tag":[],"class_list":{"0":"post-140808","1":"product","2":"type-product","3":"status-publish","4":"has-post-thumbnail","6":"product_cat-laisvu-svoriu-treniruokliai","7":"product_cat-econ-serijos-laisvu-svoriu-treniruokliai","9":"first","10":"instock","11":"shipping-taxable","12":"purchasable","13":"product-type-simple"},"acf":[],"_links":{"self":[{"href":"https:\/\/store.evolve-fitness.eu\/lt\/wp-json\/wp\/v2\/product\/140808","targetHints":{"allow":["GET"]}}],"collection":[{"href":"https:\/\/store.evolve-fitness.eu\/lt\/wp-json\/wp\/v2\/product"}],"about":[{"href":"https:\/\/store.evolve-fitness.eu\/lt\/wp-json\/wp\/v2\/types\/product"}],"wp:featuredmedia":[{"embeddable":true,"href":"https:\/\/store.evolve-fitness.eu\/lt\/wp-json\/wp\/v2\/media\/140836"}],"wp:attachment":[{"href":"https:\/\/store.evolve-fitness.eu\/lt\/wp-json\/wp\/v2\/media?parent=140808"}],"wp:term":[{"taxonomy":"product_cat","embeddable":true,"href":"https:\/\/store.evolve-fitness.eu\/lt\/wp-json\/wp\/v2\/product_cat?post=140808"},{"taxonomy":"product_tag","embeddable":true,"href":"https:\/\/store.evolve-fitness.eu\/lt\/wp-json\/wp\/v2\/product_tag?post=140808"}],"curies":[{"name":"wp","href":"https:\/\/api.w.org\/{rel}","templated":true}]}}