{"id":140269,"date":"2025-10-15T09:27:22","date_gmt":"2025-10-15T06:27:22","guid":{"rendered":"https:\/\/store.evolve-fitness.eu\/product\/evolve-econ-series-ploksteles-pakrautos-bicepsams-ir-tricepsams-ec-200\/"},"modified":"2025-10-15T09:27:22","modified_gmt":"2025-10-15T09:27:22","slug":"evolve-econ-series-ploksteles-pakrautos-bicepsams-ir-tricepsams-ec-200","status":"publish","type":"product","link":"https:\/\/store.evolve-fitness.eu\/lt\/produktas\/evolve-econ-series-ploksteles-pakrautos-bicepsams-ir-tricepsams-ec-200\/","title":{"rendered":"&#8222;Evolve Econ Series&#8221; plok\u0161tel\u0117s, pakrautos bicepsams ir tricepsams (EC-200)"},"content":{"rendered":"","protected":false},"excerpt":{"rendered":"<p>&#8222;Evolve Econ&#8221; serijos &#8222;Plate Load Biceps &amp; Triceps&#8221; treniruoklis skirtas efektyviai rank\u0173 treniruotei, kurioje skland\u017eiais, izoliuotais judesiais treniruojami ir bicepsai, ir tricepsai. Dviej\u0173 funkcij\u0173 plok\u0161teli\u0173 sistema leid\u017eia lengvai reguliuoti pasiprie\u0161inim\u0105, kad raumenys vystyt\u0173si tolygiai, o ergonomi\u0161kos pagalv\u0117l\u0117s ir rankenos u\u017etikrina patogum\u0105 ir stabilum\u0105. Sukurtas d\u0117l ilgaam\u017ei\u0161kumo ir nuoseklaus veikimo, jis idealiai tinka profesionalioms ir komercin\u0117ms sporto sal\u0117ms.  <\/p>\n","protected":false},"featured_media":140277,"template":"","meta":{"_acf_changed":false,"inline_featured_image":false},"product_cat":[129,224],"product_tag":[],"class_list":{"0":"post-140269","1":"product","2":"type-product","3":"status-publish","4":"has-post-thumbnail","6":"product_cat-laisvu-svoriu-treniruokliai","7":"product_cat-econ-serijos-laisvu-svoriu-treniruokliai","9":"first","10":"instock","11":"shipping-taxable","12":"purchasable","13":"product-type-simple"},"acf":[],"_links":{"self":[{"href":"https:\/\/store.evolve-fitness.eu\/lt\/wp-json\/wp\/v2\/product\/140269","targetHints":{"allow":["GET"]}}],"collection":[{"href":"https:\/\/store.evolve-fitness.eu\/lt\/wp-json\/wp\/v2\/product"}],"about":[{"href":"https:\/\/store.evolve-fitness.eu\/lt\/wp-json\/wp\/v2\/types\/product"}],"wp:featuredmedia":[{"embeddable":true,"href":"https:\/\/store.evolve-fitness.eu\/lt\/wp-json\/wp\/v2\/media\/140277"}],"wp:attachment":[{"href":"https:\/\/store.evolve-fitness.eu\/lt\/wp-json\/wp\/v2\/media?parent=140269"}],"wp:term":[{"taxonomy":"product_cat","embeddable":true,"href":"https:\/\/store.evolve-fitness.eu\/lt\/wp-json\/wp\/v2\/product_cat?post=140269"},{"taxonomy":"product_tag","embeddable":true,"href":"https:\/\/store.evolve-fitness.eu\/lt\/wp-json\/wp\/v2\/product_tag?post=140269"}],"curies":[{"name":"wp","href":"https:\/\/api.w.org\/{rel}","templated":true}]}}