{"id":140052,"date":"2025-10-15T09:32:36","date_gmt":"2025-10-15T06:32:36","guid":{"rendered":"https:\/\/store.evolve-fitness.eu\/product\/evolve-econ-series-plokstes-pakrautas-pritupimas-ir-blauzdu-kelimas-ec-210\/"},"modified":"2025-10-15T09:32:36","modified_gmt":"2025-10-15T09:32:36","slug":"evolve-econ-series-plokstes-pakrautas-pritupimas-ir-blauzdu-kelimas-ec-210","status":"publish","type":"product","link":"https:\/\/store.evolve-fitness.eu\/lt\/produktas\/evolve-econ-series-plokstes-pakrautas-pritupimas-ir-blauzdu-kelimas-ec-210\/","title":{"rendered":"&#8222;Evolve Econ Series&#8221; plok\u0161t\u0117s pakrautas prit\u016bpimas ir blauzd\u0173 k\u0117limas (EC-210)"},"content":{"rendered":"","protected":false},"excerpt":{"rendered":"<p>&#8222;Evolve Econ&#8221; serijos &#8222;Plate Load Squat &amp; Calf Raise&#8221; treniruoklis yra skirtas apatinei k\u016bno daliai stiprinti: keturgalviams raumenims, s\u0117dmenims, str\u0117noms ir blauzdoms, atliekant tolygius, kontroliuojamus judesius. Plok\u0161tel\u0117mis apkrauta sistema leid\u017eia tiksliai reguliuoti pasiprie\u0161inim\u0105, o ergonomi\u0161kos pe\u010di\u0173 pagalv\u0117l\u0117s ir p\u0117d\u0173 platforma u\u017etikrina patogum\u0105 ir stabilum\u0105. Sukurtas ilgaam\u017ei\u0161kumui ir intensyviam naudojimui, jis yra puikus pasirinkimas tiek komercin\u0117ms, tiek profesionalioms j\u0117gos treniruo\u010di\u0173 aplinkoms.  <\/p>\n","protected":false},"featured_media":140059,"template":"","meta":{"_acf_changed":false,"inline_featured_image":false},"product_cat":[129,224],"product_tag":[],"class_list":{"0":"post-140052","1":"product","2":"type-product","3":"status-publish","4":"has-post-thumbnail","6":"product_cat-laisvu-svoriu-treniruokliai","7":"product_cat-econ-serijos-laisvu-svoriu-treniruokliai","9":"first","10":"instock","11":"shipping-taxable","12":"purchasable","13":"product-type-simple"},"acf":[],"_links":{"self":[{"href":"https:\/\/store.evolve-fitness.eu\/lt\/wp-json\/wp\/v2\/product\/140052","targetHints":{"allow":["GET"]}}],"collection":[{"href":"https:\/\/store.evolve-fitness.eu\/lt\/wp-json\/wp\/v2\/product"}],"about":[{"href":"https:\/\/store.evolve-fitness.eu\/lt\/wp-json\/wp\/v2\/types\/product"}],"wp:featuredmedia":[{"embeddable":true,"href":"https:\/\/store.evolve-fitness.eu\/lt\/wp-json\/wp\/v2\/media\/140059"}],"wp:attachment":[{"href":"https:\/\/store.evolve-fitness.eu\/lt\/wp-json\/wp\/v2\/media?parent=140052"}],"wp:term":[{"taxonomy":"product_cat","embeddable":true,"href":"https:\/\/store.evolve-fitness.eu\/lt\/wp-json\/wp\/v2\/product_cat?post=140052"},{"taxonomy":"product_tag","embeddable":true,"href":"https:\/\/store.evolve-fitness.eu\/lt\/wp-json\/wp\/v2\/product_tag?post=140052"}],"curies":[{"name":"wp","href":"https:\/\/api.w.org\/{rel}","templated":true}]}}