{"id":139895,"date":"2025-10-15T09:37:07","date_gmt":"2025-10-15T06:37:07","guid":{"rendered":"https:\/\/store.evolve-fitness.eu\/product\/evolve-econ-series-plokstes-pakrautas-hack-squat-ir-koju-spaudimas-ec-220\/"},"modified":"2025-10-15T09:37:07","modified_gmt":"2025-10-15T09:37:07","slug":"evolve-econ-series-plokstes-pakrautas-hack-squat-ir-koju-spaudimas-ec-220","status":"publish","type":"product","link":"https:\/\/store.evolve-fitness.eu\/lt\/produktas\/evolve-econ-series-plokstes-pakrautas-hack-squat-ir-koju-spaudimas-ec-220\/","title":{"rendered":"&#8222;Evolve Econ Series&#8221; plok\u0161t\u0117s pakrautas Hack Squat ir koj\u0173 spaudimas (EC-220)"},"content":{"rendered":"","protected":false},"excerpt":{"rendered":"<p>&#8222;Evolve Econ Series&#8221; &#8222;Hack Squat&#8221; ir koj\u0173 presas sujungia du pagrindinius apatin\u0117s k\u016bno dalies pratimus viename universaliame treniruoklyje, kuriame tiksliai ir kontroliuojamai treniruojami keturgalviai \u0161launies raumenys, str\u0117n\u0173 raumenys ir s\u0117dmenys. Plok\u0161t\u0117mis apkrauta sistema u\u017etikrina tolyg\u0173 ir reguliuojam\u0105 pasiprie\u0161inim\u0105, o ergonomi\u0161kas atlo\u0161as ir koj\u0173 plok\u0161t\u0117 u\u017etikrina patogum\u0105 ir tinkam\u0105 koordinacij\u0105. Sukurtas i\u0161 sunki\u0173j\u0173 med\u017eiag\u0173, u\u017etikrinan\u010di\u0173 ilgalaik\u012f patvarum\u0105, jis idealiai tinka komercin\u0117ms ir profesionalioms treniruokli\u0173 sal\u0117ms, kuriose norima efektyviai i\u0161naudoti erdv\u0119.  <\/p>\n","protected":false},"featured_media":139908,"template":"","meta":{"_acf_changed":false,"inline_featured_image":false},"product_cat":[129,224],"product_tag":[],"class_list":{"0":"post-139895","1":"product","2":"type-product","3":"status-publish","4":"has-post-thumbnail","6":"product_cat-laisvu-svoriu-treniruokliai","7":"product_cat-econ-serijos-laisvu-svoriu-treniruokliai","9":"first","10":"instock","11":"shipping-taxable","12":"purchasable","13":"product-type-simple"},"acf":[],"_links":{"self":[{"href":"https:\/\/store.evolve-fitness.eu\/lt\/wp-json\/wp\/v2\/product\/139895","targetHints":{"allow":["GET"]}}],"collection":[{"href":"https:\/\/store.evolve-fitness.eu\/lt\/wp-json\/wp\/v2\/product"}],"about":[{"href":"https:\/\/store.evolve-fitness.eu\/lt\/wp-json\/wp\/v2\/types\/product"}],"wp:featuredmedia":[{"embeddable":true,"href":"https:\/\/store.evolve-fitness.eu\/lt\/wp-json\/wp\/v2\/media\/139908"}],"wp:attachment":[{"href":"https:\/\/store.evolve-fitness.eu\/lt\/wp-json\/wp\/v2\/media?parent=139895"}],"wp:term":[{"taxonomy":"product_cat","embeddable":true,"href":"https:\/\/store.evolve-fitness.eu\/lt\/wp-json\/wp\/v2\/product_cat?post=139895"},{"taxonomy":"product_tag","embeddable":true,"href":"https:\/\/store.evolve-fitness.eu\/lt\/wp-json\/wp\/v2\/product_tag?post=139895"}],"curies":[{"name":"wp","href":"https:\/\/api.w.org\/{rel}","templated":true}]}}