{"id":139440,"date":"2025-10-15T10:10:33","date_gmt":"2025-10-15T07:10:33","guid":{"rendered":"https:\/\/store.evolve-fitness.eu\/product\/evolve-econ-serijos-ploksciu-pakrautas-puses-stovo-ir-smitho-aparatas-ec-230\/"},"modified":"2025-10-15T10:10:33","modified_gmt":"2025-10-15T10:10:33","slug":"evolve-econ-serijos-ploksciu-pakrautas-puses-stovo-ir-smitho-aparatas-ec-230","status":"publish","type":"product","link":"https:\/\/store.evolve-fitness.eu\/lt\/produktas\/evolve-econ-serijos-ploksciu-pakrautas-puses-stovo-ir-smitho-aparatas-ec-230\/","title":{"rendered":"&#8222;Evolve Econ&#8221; serijos plok\u0161\u010di\u0173 pakrautas pus\u0117s stovo ir Smitho aparatas (EC-230)"},"content":{"rendered":"","protected":false},"excerpt":{"rendered":"<p>&#8222;Evolve Econ&#8221; serijos &#8222;Plate Load Half Rack&#8221; ir Smitho treniruoklis (EC-230) yra daugiafunkcin\u0117 j\u0117gos treniruokli\u0173 stotis, sukurta siekiant visapusi\u0161ko treniruo\u010di\u0173 universalumo. Joje suderintas Smitho treniruoklio stabilumas ir pus\u0117s stela\u017eo laisvumas, tod\u0117l galima saugiai ir kontroliuojamai atlikti pratimus su \u0161tangomis. Pagaminta su patvariu r\u0117mu ir tolygiu plok\u0161teli\u0173 pasiprie\u0161inimu, ji idealiai tinka tiek komercin\u0117ms, tiek profesionalioms sporto sal\u0117ms.  <\/p>\n","protected":false},"featured_media":139457,"template":"","meta":{"_acf_changed":false,"inline_featured_image":false},"product_cat":[129,224],"product_tag":[],"class_list":{"0":"post-139440","1":"product","2":"type-product","3":"status-publish","4":"has-post-thumbnail","6":"product_cat-laisvu-svoriu-treniruokliai","7":"product_cat-econ-serijos-laisvu-svoriu-treniruokliai","9":"first","10":"instock","11":"shipping-taxable","12":"purchasable","13":"product-type-simple"},"acf":[],"_links":{"self":[{"href":"https:\/\/store.evolve-fitness.eu\/lt\/wp-json\/wp\/v2\/product\/139440","targetHints":{"allow":["GET"]}}],"collection":[{"href":"https:\/\/store.evolve-fitness.eu\/lt\/wp-json\/wp\/v2\/product"}],"about":[{"href":"https:\/\/store.evolve-fitness.eu\/lt\/wp-json\/wp\/v2\/types\/product"}],"wp:featuredmedia":[{"embeddable":true,"href":"https:\/\/store.evolve-fitness.eu\/lt\/wp-json\/wp\/v2\/media\/139457"}],"wp:attachment":[{"href":"https:\/\/store.evolve-fitness.eu\/lt\/wp-json\/wp\/v2\/media?parent=139440"}],"wp:term":[{"taxonomy":"product_cat","embeddable":true,"href":"https:\/\/store.evolve-fitness.eu\/lt\/wp-json\/wp\/v2\/product_cat?post=139440"},{"taxonomy":"product_tag","embeddable":true,"href":"https:\/\/store.evolve-fitness.eu\/lt\/wp-json\/wp\/v2\/product_tag?post=139440"}],"curies":[{"name":"wp","href":"https:\/\/api.w.org\/{rel}","templated":true}]}}