{"id":139189,"date":"2025-09-19T08:03:09","date_gmt":"2025-09-19T08:03:09","guid":{"rendered":"https:\/\/store.evolve-fitness.eu\/product\/evolve-begimo-takelis-su-led-pulteliu-2\/"},"modified":"2026-04-02T12:00:45","modified_gmt":"2026-04-02T12:00:45","slug":"evolve-begimo-takelis-su-led-pulteliu-2","status":"publish","type":"product","link":"https:\/\/store.evolve-fitness.eu\/lt\/produktas\/evolve-begimo-takelis-su-led-pulteliu-2\/","title":{"rendered":"&#8222;Evolve&#8221; b\u0117gimo takelis su LED pulteliu"},"content":{"rendered":"\n<section class=\"wp-block-group alignfull black-content has-white-color has-darkgray-background-color has-text-color has-background is-layout-constrained wp-block-group-is-layout-constrained\" style=\"padding-top:var(--wp--preset--spacing--section-bottom);padding-bottom:var(--wp--preset--spacing--section-bottom)\">\n<div class=\"wp-block-columns alignwide is-layout-flex wp-container-core-columns-is-layout-c45ee707 wp-block-columns-is-layout-flex\" style=\"margin-bottom:var(--wp--preset--spacing--side-padding);padding-top:var(--wp--preset--spacing--side-padding)\">\n<div class=\"wp-block-column is-vertically-aligned-center is-layout-flow wp-block-column-is-layout-flow\">\n<figure class=\"wp-block-image size-full is-style-rounded\"><img decoding=\"async\" src=\"https:\/\/evolve-fitness.eu\/wp-content\/uploads\/2025\/08\/EV-TM-HT-175-LED-1-scaled.png\" alt=\"\" class=\"wp-image-203334\"\/><\/figure>\n<\/div>\n\n\n\n<div class=\"wp-block-column is-vertically-aligned-center is-layout-flow wp-block-column-is-layout-flow\">\n<h3 class=\"wp-block-heading\" style=\"margin-bottom:var(--wp--preset--spacing--h-3-bottom)\"><strong><strong>Stabilumas ir patvarumas<\/strong><\/strong><\/h3>\n\n\n\n<p style=\"margin-bottom:var(--wp--preset--spacing--tb-section-padding)\">&#8222;Evolve&#8221; b\u0117gimo takelis su LED pulteliu (EV-TM-HT-175-LED) yra kompakti\u0161kas ir patvarus kardio treniruoklis, skirtas naudoti tiek namuose, tiek nedidel\u0117se komercin\u0117se patalpose. B\u0117gimo takelyje \u012frengtas ai\u0161kus LED ekranas, jame stebimas greitis, atstumas, laikas, kalorijos ir pulsas, tod\u0117l treniruot\u0117s yra efektyvios ir patogios. <\/p>\n<\/div>\n<\/div>\n\n\n\n<div class=\"wp-block-columns alignwide are-vertically-aligned-center mobile-reverse is-layout-flex wp-container-core-columns-is-layout-e8158c2f wp-block-columns-is-layout-flex\" style=\"padding-top:var(--wp--preset--spacing--side-padding)\">\n<div class=\"wp-block-column is-vertically-aligned-center is-layout-flow wp-block-column-is-layout-flow\">\n<h3 class=\"wp-block-heading\" style=\"margin-bottom:var(--wp--preset--spacing--h-3-bottom)\"><strong><strong><strong><strong>Sulankstomas ir taupantis viet\u0105<\/strong><\/strong><\/strong><\/strong><\/h3>\n\n\n\n<p style=\"margin-bottom:var(--wp--preset--spacing--tb-section-padding)\">Po kiekvienos treniruot\u0117s lengvai sulankstykite b\u0117gimo takel\u012f ir perkelkite j\u012f \u012f kit\u0105 viet\u0105 naudodami \u012fmontuotus transportavimo ratukus. Tai prakti\u0161kas vietos taupymo sprendimas, kuris puikiai dera prie bet kokios nam\u0173 sporto sal\u0117s \u012frangos.<\/p>\n<\/div>\n\n\n\n<div class=\"wp-block-column is-vertically-aligned-center is-layout-flow wp-block-column-is-layout-flow\">\n<figure class=\"wp-block-image size-large is-style-rounded\"><img decoding=\"async\" src=\"https:\/\/evolve-fitness.eu\/wp-content\/uploads\/2025\/08\/Dizainas-be-pavadinimo-12-1024x1024.png\" alt=\"\" class=\"wp-image-203309\"\/><\/figure>\n<\/div>\n<\/div>\n<\/section>\n\n<section class=\"wp-block-group alignfull black-content has-white-color has-darkgray-background-color has-text-color has-background is-layout-constrained wp-block-group-is-layout-constrained\" style=\"padding-top:var(--wp--preset--spacing--section-bottom);padding-bottom:var(--wp--preset--spacing--section-bottom)\">\n<div class=\"wp-block-columns alignwide is-layout-flex wp-container-core-columns-is-layout-c45ee707 wp-block-columns-is-layout-flex\" style=\"margin-bottom:var(--wp--preset--spacing--side-padding);padding-top:var(--wp--preset--spacing--side-padding)\">\n<div class=\"wp-block-column is-vertically-aligned-center is-layout-flow wp-block-column-is-layout-flow\">\n<figure class=\"wp-block-image size-full is-style-rounded\"><img decoding=\"async\" src=\"https:\/\/evolve-fitness.eu\/wp-content\/uploads\/2025\/08\/Dizainas-be-pavadinimo-21.png\" alt=\"\" class=\"wp-image-204882\"\/><\/figure>\n<\/div>\n\n\n\n<div class=\"wp-block-column is-vertically-aligned-center is-layout-flow wp-block-column-is-layout-flow\">\n<h3 class=\"wp-block-heading\" style=\"margin-bottom:var(--wp--preset--spacing--h-3-bottom)\"><strong><strong>LED konsol\u0117 &#8211; i\u0161mani ir prijungta<\/strong><\/strong><\/h3>\n\n\n\n<p style=\"margin-bottom:var(--wp--preset--spacing--tb-section-padding)\">LED konsol\u0117 u\u017etikrina ai\u0161k\u0173 gr\u012f\u017etam\u0105j\u012f ry\u0161\u012f apie treniruot\u0119 ir lengv\u0105 valdym\u0105, tod\u0117l kiekviena treniruot\u0117 tampa efektyvesn\u0117. Su <strong>P3 programomis,<\/strong> skirtomis treniruot\u0117ms su vadovu, <strong>HRC funkcija,<\/strong> skirta treniruot\u0117ms pagal \u0161irdies susitraukim\u0173 da\u017en\u012f, <strong>&#8222;Bluetooth&#8221; jungtimi<\/strong> programoms ir belaid\u017eiam susiejimui bei <strong>MP3 funkcija, skirta<\/strong> muzikos atk\u016brimui, treniruoklis sujungia na\u0161um\u0105 ir pramogas vienoje kompakti\u0161koje sistemoje. <\/p>\n<\/div>\n<\/div>\n\n\n\n<div class=\"wp-block-columns alignwide are-vertically-aligned-center mobile-reverse is-layout-flex wp-container-core-columns-is-layout-e8158c2f wp-block-columns-is-layout-flex\" style=\"padding-top:var(--wp--preset--spacing--side-padding)\">\n<div class=\"wp-block-column is-vertically-aligned-center is-layout-flow wp-block-column-is-layout-flow\">\n<h3 class=\"wp-block-heading\" style=\"margin-bottom:var(--wp--preset--spacing--h-3-bottom)\"><strong><strong><strong>\u012evairialypi\u0161kumo didinimas<\/strong><\/strong><\/strong><\/h3>\n\n\n\n<p style=\"margin-bottom:var(--wp--preset--spacing--tb-section-padding)\">\u0160is b\u0117gimo takelis turi 1250 \u00d7 420 mm b\u0117gimo pavir\u0161i\u0173, 1,0-16,0 km\/h grei\u010dio diapazon\u0105 ir iki 12 nuolyd\u017eio lygi\u0173, kad treniruot\u0117s b\u016bt\u0173 universalios. Naudotojai gali rinktis i\u0161 36 i\u0161 anksto nustatyt\u0173 program\u0173, 3 naudotojo program\u0173, rankinio re\u017eimo ir KMI funkcijos, kad atitikt\u0173 savo fitneso tikslus. <\/p>\n<\/div>\n\n\n\n<div class=\"wp-block-column is-vertically-aligned-center is-layout-flow wp-block-column-is-layout-flow\">\n<figure class=\"wp-block-image size-large is-style-rounded\"><img decoding=\"async\" src=\"https:\/\/evolve-fitness.eu\/wp-content\/uploads\/2025\/08\/Dizainas-be-pavadinimo-22-1024x1024.png\" alt=\"\" class=\"wp-image-204907\"\/><\/figure>\n<\/div>\n<\/div>\n<\/section>\n\n<section class=\"wp-block-group alignfull black-content has-white-color has-darkgray-background-color has-text-color has-background is-layout-constrained wp-block-group-is-layout-constrained\" style=\"padding-top:var(--wp--preset--spacing--section-bottom);padding-bottom:var(--wp--preset--spacing--section-bottom)\">\n<div class=\"wp-block-columns alignwide are-vertically-aligned-center is-layout-flex wp-container-core-columns-is-layout-e8158c2f wp-block-columns-is-layout-flex\" style=\"padding-top:var(--wp--preset--spacing--side-padding)\">\n<div class=\"wp-block-column is-vertically-aligned-center is-layout-flow wp-block-column-is-layout-flow\">\n<figure class=\"wp-block-image aligncenter size-full is-style-rounded\"><img decoding=\"async\" src=\"https:\/\/evolve-fitness.eu\/wp-content\/uploads\/2023\/08\/EV-HT-350-LED-7.jpg\" alt=\"\" class=\"wp-image-2609\"\/><\/figure>\n<\/div>\n\n\n\n<div class=\"wp-block-column is-vertically-aligned-center is-layout-flow wp-block-column-is-layout-flow\">\n<h3 class=\"wp-block-heading\" style=\"margin-bottom:var(--wp--preset--spacing--h-3-bottom)\"><strong><strong>\u0160irdies ritmo steb\u0117jimas<\/strong><\/strong><\/h3>\n\n\n\n<p><strong><em><strong>I\u0161manusis fitnesas<\/strong><\/em><\/strong><\/p>\n\n\n\n<p style=\"margin-bottom:var(--wp--preset--spacing--tb-section-padding)\">Steb\u0117kite savo \u0161irdies ritm\u0105, kad gal\u0117tum\u0117te optimizuoti treniruot\u0119. \u0160irdies ritmo sekimas ne tik padeda i\u0161vengti per didelio fizinio kr\u016bvio, bet ir leid\u017eia pasiekti tam tikras treniruo\u010di\u0173 zonas, taip padidinant \u0161irdies ir kraujagysli\u0173 treniruo\u010di\u0173 ir kalorij\u0173 deginimo seans\u0173 efektyvum\u0105.<\/p>\n<\/div>\n<\/div>\n\n\n\n<div class=\"wp-block-columns alignwide are-vertically-aligned-center is-layout-flex wp-container-core-columns-is-layout-e8158c2f wp-block-columns-is-layout-flex\" style=\"padding-top:var(--wp--preset--spacing--side-padding)\">\n<div class=\"wp-block-column is-vertically-aligned-center is-layout-flow wp-block-column-is-layout-flow\">\n<h3 class=\"wp-block-heading\" style=\"margin-bottom:var(--wp--preset--spacing--h-3-bottom)\"><strong><strong><strong><strong>B\u016bkite hidratuoti ir organizuoti<\/strong><\/strong><\/strong><\/strong><\/h3>\n\n\n\n<p><strong><em><strong>Vandens buteli\u0173 ir pried\u0173 laikikliai<\/strong><\/em><\/strong><\/p>\n\n\n\n<p style=\"margin-bottom:var(--wp--preset--spacing--tb-section-padding)\">I\u0161 abiej\u0173 pusi\u0173 integruoti laikikliai m\u0117gstamiausiems g\u0117rimams ir saugios vietos, padengtos neslid\u017eiais ra\u0161tais, treniruo\u010di\u0173 reikmenims laikyti. Viskas, ko reikia, bus pasiekiama ranka.<\/p>\n<\/div>\n\n\n\n<div class=\"wp-block-column is-vertically-aligned-center is-layout-flow wp-block-column-is-layout-flow\">\n<figure class=\"wp-block-image aligncenter size-full is-style-rounded\"><img decoding=\"async\" src=\"https:\/\/evolve-fitness.eu\/wp-content\/uploads\/2023\/08\/EV-HT-350-LED-8.jpg\" alt=\"\" class=\"wp-image-2611\"\/><\/figure>\n<\/div>\n<\/div>\n<\/section>\n\n<section class=\"wp-block-group alignfull black-content has-white-color has-darkgray-background-color has-text-color has-background is-layout-constrained wp-block-group-is-layout-constrained\" style=\"padding-top:var(--wp--preset--spacing--section-bottom);padding-bottom:var(--wp--preset--spacing--section-bottom)\">\n<div class=\"wp-block-columns alignwide are-vertically-aligned-center is-layout-flex wp-container-core-columns-is-layout-e8158c2f wp-block-columns-is-layout-flex\" style=\"padding-top:var(--wp--preset--spacing--side-padding)\">\n<div class=\"wp-block-column is-vertically-aligned-center is-layout-flow wp-block-column-is-layout-flow\">\n<figure class=\"wp-block-image aligncenter size-full is-style-rounded\"><img decoding=\"async\" src=\"https:\/\/evolve-fitness.eu\/wp-content\/uploads\/2023\/08\/EV-HT-350-LED-10.jpg\" alt=\"\" class=\"wp-image-2613\"\/><\/figure>\n<\/div>\n\n\n\n<div class=\"wp-block-column is-vertically-aligned-center is-layout-flow wp-block-column-is-layout-flow\">\n<h3 class=\"wp-block-heading\" style=\"margin-bottom:var(--wp--preset--spacing--h-3-bottom)\"><strong><strong><strong>Saugos raktas<\/strong><\/strong><\/strong><\/h3>\n\n\n\n<p><strong><em><strong><strong>Pirmenyb\u0119 teikite savo saugumui<\/strong><\/strong><\/em><\/strong><\/p>\n\n\n\n<p style=\"margin-bottom:var(--wp--preset--spacing--tb-section-padding)\">Prie\u0161 kiekvien\u0105 treniruot\u0119 prie drabu\u017ei\u0173 prisekite raudon\u0105 saugos rakt\u0105. Esant avarinei situacijai, apsauginis raktas i\u0161sijungia, tod\u0117l b\u0117gimo takelis i\u0161 karto sustoja. J\u016bs\u0173 saugumas mums yra svarbiausia.<\/p>\n<\/div>\n<\/div>\n<\/section>\n","protected":false},"excerpt":{"rendered":"<p>&#8222;Evolve&#8221; b\u0117gimo takelis su LED pulteliu (EV-TM-HT-175-LED) yra kompakti\u0161kas ir patvarus kardio treniruoklis su 1250 \u00d7 420 mm b\u0117gimo pavir\u0161iumi, 1,0-16,0 km\/h grei\u010dio diapazonu, 12 nuolyd\u017eio lygi\u0173 ir keliomis treniruo\u010di\u0173 programomis. D\u0117l sulankstomos konstrukcijos su transportavimo ratukais treniruokl\u012f lengva laikyti ir perve\u017eti, tod\u0117l jis puikiai tinka naudoti tiek namuose, tiek lengvoje komercin\u0117je veikloje. <\/p>\n","protected":false},"featured_media":138202,"template":"","meta":{"_acf_changed":false,"inline_featured_image":false},"product_cat":[117,137,157],"product_tag":[2319],"class_list":{"0":"post-139189","1":"product","2":"type-product","3":"status-publish","4":"has-post-thumbnail","6":"product_cat-pagrindinis-puslapis","7":"product_cat-kardio-iranga","8":"product_cat-namu-kardio-iranga","9":"product_tag-kardio-iranga","11":"first","12":"instock","13":"shipping-taxable","14":"purchasable","15":"product-type-simple"},"acf":[],"_links":{"self":[{"href":"https:\/\/store.evolve-fitness.eu\/lt\/wp-json\/wp\/v2\/product\/139189","targetHints":{"allow":["GET"]}}],"collection":[{"href":"https:\/\/store.evolve-fitness.eu\/lt\/wp-json\/wp\/v2\/product"}],"about":[{"href":"https:\/\/store.evolve-fitness.eu\/lt\/wp-json\/wp\/v2\/types\/product"}],"wp:featuredmedia":[{"embeddable":true,"href":"https:\/\/store.evolve-fitness.eu\/lt\/wp-json\/wp\/v2\/media\/138202"}],"wp:attachment":[{"href":"https:\/\/store.evolve-fitness.eu\/lt\/wp-json\/wp\/v2\/media?parent=139189"}],"wp:term":[{"taxonomy":"product_cat","embeddable":true,"href":"https:\/\/store.evolve-fitness.eu\/lt\/wp-json\/wp\/v2\/product_cat?post=139189"},{"taxonomy":"product_tag","embeddable":true,"href":"https:\/\/store.evolve-fitness.eu\/lt\/wp-json\/wp\/v2\/product_tag?post=139189"}],"curies":[{"name":"wp","href":"https:\/\/api.w.org\/{rel}","templated":true}]}}